{"id":8,"date":"2012-10-15T11:23:45","date_gmt":"2012-10-15T14:23:45","guid":{"rendered":"http:\/\/ultimato.com.br\/sites\/maosdadas\/?page_id=8"},"modified":"2013-04-04T15:40:51","modified_gmt":"2013-04-04T18:40:51","slug":"a-rede","status":"publish","type":"page","link":"https:\/\/ultimato.com.br\/sites\/maosdadas\/quem-somos\/a-rede\/","title":{"rendered":"A REDE"},"content":{"rendered":"<h3>Como trabalhamos?<\/h3>\n<p>Os 36 parceiros\u00a0institucionais\u00a0da Rede M\u00e3os Dadas trabalham com o objetivo de fortalecer a resposta crist\u00e3 dada aos problemas vividos pelas crian\u00e7as e adolescentes mais vulner\u00e1veis. Trabalhamos para:<\/p>\n<div id=\"attachment_116\" style=\"width: 160px\" class=\"wp-caption alignleft\"><a href=\"http:\/\/ultimato.com.br\/sites\/maosdadas\/files\/2012\/10\/jbg7910-reduz1.jpg\" class=\"lightview\" data-lightview-group=\"group-8\" data-lightview-options=\"skin: 'dark', controls: 'relative', padding: '10', shadow: { color: '#000000', opacity: 0.08, blur: 3 }\" data-lightview-title=\"_jbg7910-reduz\"><img loading=\"lazy\" decoding=\"async\" aria-describedby=\"caption-attachment-116\" class=\"size-thumbnail wp-image-116\" title=\"_jbg7910-reduz\" alt=\"\" src=\"http:\/\/ultimato.com.br\/sites\/maosdadas\/files\/2012\/10\/jbg7910-reduz1-150x150.jpg\" width=\"150\" height=\"150\" srcset=\"https:\/\/ultimato.com.br\/sites\/maosdadas\/files\/2012\/10\/jbg7910-reduz1-150x150.jpg 150w, https:\/\/ultimato.com.br\/sites\/maosdadas\/files\/2012\/10\/jbg7910-reduz1-64x64.jpg 64w\" sizes=\"auto, (max-width: 150px) 100vw, 150px\" \/><\/a><p id=\"caption-attachment-116\" class=\"wp-caption-text\">Parceiros presentes no Encontro Anual, em Belo Horizonte, 2010<\/p><\/div>\n<p><span style=\"color: #008080;\"><strong>Unir<\/strong><\/span>\u00a0&#8211; <a title=\"Somos\" href=\"http:\/\/ultimato.com.br\/sites\/maosdadas\/quem-somos\/\" target=\"_blank\">Somos<\/a> uma rede de institui\u00e7\u00f5es, igrejas e pessoas unidas pela mesma f\u00e9. Nos preocupamos pela mesma<\/p>\n<p>causa, a crian\u00e7a, e nos articulamos em a\u00e7\u00f5es de coopera\u00e7\u00e3o.<\/p>\n<p><strong><span style=\"color: #008000;\"><span style=\"color: #008080;\">Informar<\/span> &#8211;\u00a0<\/span><\/strong><a title=\"Publicamos peri\u00f3dicos \" href=\"http:\/\/ultimato.com.br\/sites\/maosdadas\/revistas\/\" target=\"_blank\">Publicamos peri\u00f3dicos<\/a> e mantemos uma plataforma de comunica\u00e7\u00e3o na internet.<\/p>\n<p><span style=\"color: #008080;\"><strong>Mobilizar<\/strong><\/span> &#8211; Promovemos <a title=\"Campanhas\" href=\"http:\/\/ultimato.com.br\/sites\/maosdadas\/acoes-em-rede\/campanhas\/\" target=\"_blank\">campanhas<\/a> de ora\u00e7\u00e3o e de mobiliza\u00e7\u00e3o da sociedade para a promo\u00e7\u00e3o dos bons tratos para com a crian\u00e7a.<\/p>\n<p><span style=\"color: #008080;\"><strong>Capacitar<\/strong><\/span> &#8211; Promovemos \u00a0algumas metodologias importantes para o enfrentamento das quest\u00f5es mais cr\u00edticas vividas pelas crian\u00e7as e adolescentes. Hoje, as duas metodologias promovidas pela rede s\u00e3o:<a title=\"Capacita\u00e7\u00e3o \" href=\"http:\/\/ultimato.com.br\/sites\/maosdadas\/acoes-em-rede\/capacitacao\/\" target=\"_blank\"> Programa Claves Brasil e Um Lugar Seguro<\/a><\/p>\n<h3 style=\"font-size: 21px; line-height: 23px; letter-spacing: normal;\"><\/h3>\n<h3 style=\"font-size: 21px; line-height: 23px; letter-spacing: normal;\"><\/h3>\n<h3 style=\"font-size: 21px; line-height: 23px; letter-spacing: normal;\">Quais s\u00e3o os eixos tem\u00e1ticos da rede?<\/h3>\n<ul>\n<li><span style=\"color: #008000;\"><strong><span style=\"color: #008080;\">A mobiliza\u00e7\u00e3o da igreja<\/span> &#8211;<\/strong><\/span>\u00a0Acreditamos que cada comunidade de f\u00e9 crist\u00e3 tem uma responsabilidade social pelas crian\u00e7as daquela localidade.<\/li>\n<li><span style=\"color: #008000;\"><strong><span style=\"color: #008080;\">A reflex\u00e3o teol\u00f3gica sobre a crian\u00e7a<\/span> &#8211;<\/strong><\/span>\u00a0Nossos l\u00edderes crist\u00e3os precisam levar a s\u00e9rio a ordem de Jesus de considerar a crian\u00e7a como um importante membro do seu reino, e inclu\u00ed-la em nossas reflex\u00f5es teol\u00f3gicas se quisermos ser fi\u00e9is ao nosso mestre e relevantes para a sociedade que nos cerca.<\/li>\n<li><strong><span style=\"color: #008000;\"><span style=\"color: #008080;\">O fortalecimento do agente social crist\u00e3o<\/span> &#8211; <\/span><\/strong>O apoio a pessoa cujo trabalho implica um contato constante com as crian\u00e7as \u00e9 fundamental. Inclu\u00edmos no termos \u201cagente social crist\u00e3o\u201d todos os profissionais de aten\u00e7\u00e3o b\u00e1sica \u00e0 crian\u00e7a que estejam envolvidos nas escolas, igrejas, postos de sa\u00fade ou projetos sociais comunit\u00e1rios.<\/li>\n<li><strong><span style=\"color: #008000;\"><span style=\"color: #008080;\">A promo\u00e7\u00e3o de pol\u00edticas p\u00fablicas e a defesa de direitos<\/span> &#8211;<\/span><\/strong>\u00a0reconhecemos a import\u00e2ncia da a\u00e7\u00e3o do Estado na garantia dos direitos das crian\u00e7as e adolescentes.<\/li>\n<li><strong><span style=\"color: #008000;\"><span style=\"color: #008080;\">A integra\u00e7\u00e3o regional<\/span> &#8211;<\/span><\/strong>\u00a0O Brasil \u00e9 um pa\u00eds de grandes desigualdades. Uma delas est\u00e1 na concentra\u00e7\u00e3o de recursos no sudeste em detrimento das demais regi\u00f5es. Nossa a\u00e7\u00e3o de integra\u00e7\u00e3o visa buscar ativamente a integra\u00e7\u00e3o de organiza\u00e7\u00f5es, igrejas, e pessoas envolvidas na causa de crian\u00e7a nos quatro cantos do Brasil de forma intencional e\u00a0respeitosa\u00a0das diferen\u00e7as regionais.<\/li>\n<\/ul>\n<h3>\u00a0Como come\u00e7amos?<\/h3>\n<blockquote><p>\u201cOnde foi que a Rede M\u00e3os Dadas come\u00e7ou? Uns dizem que foi no Clade IV em 2000 quando alguns\u00a0 l\u00edderes de organiza\u00e7\u00f5es crist\u00e3s envolvidas no trabalho com crian\u00e7as no Brasil se reuniram mediados pela ent\u00e3o Viva Network (hoje Viva). \u00a0Entre eles estavam Derci Gon\u00e7alves, ent\u00e3o diretor da Compassion e o Serguem Jesui da Silva, ent\u00e3o diretor da Vis\u00e3o Mundial. Outros dizem que foi quando o m\u00e9dico aposentado ingl\u00eas John Collier veio ao Brasil como facilitador da Viva Network e trouxe na bagagem a ideia de criar uma revista que seria sustentada por v\u00e1rias organiza\u00e7\u00f5es e que teria o objetivo de fortalecer o trabalho realizado entre crian\u00e7as e adolescentes vulner\u00e1veis.<\/p>\n<p>Para mim, a revista, que mais tarde daria origem \u00e0 rede, come\u00e7ou na sala de visita do Rev. Elben Lenz C\u00e9sar, em Vi\u00e7osa, MG, numa conversa com John Collier e Tereza Cristina Belchior dos Santos, no segundo semestre de 2000. Fui chamada para a conversa porque a Dona Deja (esposa do Rev. Elbem) sabia do meu interesse em colocar as minhas habilidades com a palavra escrita \u00e0 servi\u00e7o da causa da crian\u00e7a.<\/p>\n<p>Daquela conversa inicial surgiram outras. Lembro-me de uma conversa do John Collier desta vez com a Kl\u00eania Fassoni, (diretora da Editora Ultimato) na qual ela apresentou os custos de produ\u00e7\u00e2o para uma primeira edi\u00e7\u00e3o da revista. Ela disse ao John Collier que um bom mineiro s\u00f3 faz neg\u00f3cio depois de comer um quilo de sal juntos. Leva tempo para consumirmos tanto sal. S\u00e3o muitas refei\u00e7\u00f5es, muita conversa, muito relacionamento.<\/p>\n<p>Depois a Kl\u00eania se encontrou com M\u00f4nica Bonilha (na \u00e9poca acessora de comunica\u00e7\u00e3o da Vis\u00e3o Mundial) em Belo Horizonte e criaram a estrutura da revista que permaneceu a mesma por 10 anos. Tem tamb\u00e9m a minha conversa com o Jo\u00e3o Martinez, ent\u00e3o facilitador da Tearfund para o Brasil. Perguntei sobre a proposta que o John Collier tinha lhe enviado e se a Tearfund j\u00e1 tinha uma posi\u00e7\u00e3o. Ele, com aquele jeito diplom\u00e1tico e cuidadoso de sempre, me explicou o processo para aprova\u00e7\u00e3o de propostas. Sua opini\u00e3o era bem positiva mas n\u00e3o deixou de apontar o que ele cria ser um ponto fraco: \u00a0a sustentabilidade.<\/p>\n<p><a href=\"http:\/\/ultimato.com.br\/sites\/maosdadas\/files\/2012\/10\/CapaMD0_reduzida.jpg\" class=\"lightview\" data-lightview-group=\"group-8\" data-lightview-options=\"skin: 'dark', controls: 'relative', padding: '10', shadow: { color: '#000000', opacity: 0.08, blur: 3 }\" data-lightview-title=\"CapaMD0_reduzida\"><img loading=\"lazy\" decoding=\"async\" class=\"alignleft size-thumbnail wp-image-208\" title=\"CapaMD0_reduzida\" alt=\"\" src=\"http:\/\/ultimato.com.br\/sites\/maosdadas\/files\/2012\/10\/CapaMD0_reduzida-e1350649063227-150x150.jpg\" width=\"150\" height=\"150\" srcset=\"https:\/\/ultimato.com.br\/sites\/maosdadas\/files\/2012\/10\/CapaMD0_reduzida-e1350649063227-150x150.jpg 150w, https:\/\/ultimato.com.br\/sites\/maosdadas\/files\/2012\/10\/CapaMD0_reduzida-e1350649063227.jpg 216w\" sizes=\"auto, (max-width: 150px) 100vw, 150px\" \/><\/a>O Serguem nos deu o impulso inicial empenhando recursos para a <a title=\"Edi\u00e7\u00e3o 0\" href=\"http:\/\/www.maosdadas.org\/?pg=revista&amp;area=revista&amp;num_edicao=0\" target=\"_blank\">Edi\u00e7\u00e3o 0<\/a>, uma esp\u00e9cie de prot\u00f3tipo da revista. A S\u00f4nia Couto, rec\u00e9m-formada em design, nos presenteou com a logomarca que tamb\u00e9m continua a mesma at\u00e9 hoje e o Giovanni Scaraccia, jornalista da UFV, nos ajudou na fase inicial al\u00e9m de prestar seu registro como jornalista nos primeiros anos da revista.<\/p>\n<p>E durante todos estes movimentos, aconteceram muitas visitas do John Collier a Vi\u00e7osa, muitas refei\u00e7\u00f5es, muito sal e uma grande amizade.<\/p>\n<p>O nome \u201cM\u00e3os Dadas\u201d surgiu no meio da noite. Acordei com a frase \u201cDe m\u00e3os dadas iremos&#8230;\u201d fortemente estampada em minha mente. Me levantei, anotei\u00a0 num peda\u00e7o de papel e voltei a dormir. De m\u00e3os dadas expressa para n\u00f3s a esperan\u00e7a de dar as m\u00e3os \u00e0s crian\u00e7as e adolescentes brasileiros que lutam por uma vida digna; de fazer isto juntos, com muitas m\u00e3os; e de segurar as m\u00e3os uns dos outros quando a realidade terr\u00edvel a que s\u00e3o submetidas nossas crian\u00e7as nos afeta e angustia profundamente a nossa alma.<\/p>\n<p>Quanto ao sal, posso dizer que tive o grande privil\u00e9gio de consumir muito, muito sal nestes 10 anos com muitas pessoas, mas em especial com o Liss\u00e2nder, meu amigo e irm\u00e3o, que chegou como estagi\u00e1rio e se tornou o coordenador da Rede M\u00e3os Dadas, e com a Kl\u00eania que abriu as portas da Editora Ultimato para abrigar a princ\u00edpio uma revista, depois uma rede, por 10 anos!\u201d<\/p><\/blockquote>\n<p>Fala elaborada por Elsie Bueno Cunha Gilbert, editora da Revista M\u00e2os Dadas, por ocasi\u00e3o das comemora\u00e7\u00f5es de 10 anos da Rede M\u00e3os Dadas, em 2010.<\/p>\n<div id=\"attachment_209\" style=\"width: 160px\" class=\"wp-caption alignleft\"><a href=\"http:\/\/ultimato.com.br\/sites\/maosdadas\/files\/2012\/10\/enc_parc_2006-2.jpg\" class=\"lightview\" data-lightview-group=\"group-8\" data-lightview-options=\"skin: 'dark', controls: 'relative', padding: '10', shadow: { color: '#000000', opacity: 0.08, blur: 3 }\" data-lightview-title=\"enc_parc_2006 (2)\"><img loading=\"lazy\" decoding=\"async\" aria-describedby=\"caption-attachment-209\" class=\"size-thumbnail wp-image-209\" title=\"enc_parc_2006 (2)\" alt=\"\" src=\"http:\/\/ultimato.com.br\/sites\/maosdadas\/files\/2012\/10\/enc_parc_2006-2-150x150.jpg\" width=\"150\" height=\"150\" srcset=\"https:\/\/ultimato.com.br\/sites\/maosdadas\/files\/2012\/10\/enc_parc_2006-2-150x150.jpg 150w, https:\/\/ultimato.com.br\/sites\/maosdadas\/files\/2012\/10\/enc_parc_2006-2-64x64.jpg 64w\" sizes=\"auto, (max-width: 150px) 100vw, 150px\" \/><\/a><p id=\"caption-attachment-209\" class=\"wp-caption-text\">Encontro Anual de Parceiros, reunidos em Vi\u00e7osa, 2007<\/p><\/div>\n<p>Em 2007 os parceiros da Revista M\u00e3os Dadas, reunidos em um Encontro Anual em Vi\u00e7osa, decidiram constituir-se em um formato de rede, para que juntos pudessem abra\u00e7ar outros projetos al\u00e9m da revista. \u00a0Em 2011 a gest\u00e3o desta rede foi transferida da Editora Ultimato para a ONG Asas de Socorro, situada em An\u00e1polis, GO. A Editora Ultimato continua envolvida na \u00e1rea de comunica\u00e7\u00e3o da rede.<\/p>\n<h3>O que pensamos sobre as causas dos problemas vividos pelas crian\u00e7as?<\/h3>\n<p>Os parceiros da RMD criaram, em 2008, uma \u201c\u00e1rvore de problemas\u201d como exerc\u00edcio para sintetizar o que acreditamos serem as causas dos problemas vividos pelas crian\u00e7as e adolescentes em situa\u00e7\u00e3o de vulnerabilidade social no Brasil. Resumimos nossa reflex\u00e3o da seguinte forma:<\/p>\n<p>A grande maioria dos problemas sociais presentes no Brasil afeta, de forma profunda e persistente, a vida e a forma\u00e7\u00e3o das crian\u00e7as. Dentro do quadro geral mencionado acima, destacamos os seguintes fatores:<\/p>\n<ul>\n<li><span style=\"color: #008080;\"><strong>Na deteoriza\u00e7\u00e3o das rela\u00e7\u00f5es\u00a0infrafamiliares<\/strong><\/span>, s\u00e3o as crian\u00e7as que sofrem mais de perto com a viol\u00eancia, os maus tratos e o abuso.<\/li>\n<li><span style=\"color: #008080;\"><strong>A enorme desigualdade social e regional<\/strong><\/span> existente no Brasil, com seu modelo socioecon\u00f4mico injusto em que poucos concentram grande parte da riqueza do pa\u00eds, afeta a vida de milh\u00f5es de crian\u00e7as obrigadas a conviver com a mis\u00e9ria desde a mais tenra idade.<\/li>\n<li><span style=\"color: #008080;\"><strong>Uma estrutura\u00e7\u00e3o social baseada na segrega\u00e7\u00e3o e exclus\u00e3o<\/strong><\/span> impede que as crian\u00e7as tenham acesso a informa\u00e7\u00f5es importantes dentro de suas comunidades e as mant\u00e9m isoladas em guetos ou bols\u00f5es da pobreza.<\/li>\n<li><span style=\"color: #008080;\"><strong>Fen\u00f4menos naturais ligados a problemas ambientais<\/strong><\/span> como deslizamentos de encostas mal protegidas, enchentes que carregam os casebres constru\u00eddos \u00e0s margens dos rios, e a seca na regi\u00e3o do semi-\u00e1rido afetam as crian\u00e7as diretamente.<\/li>\n<li><span style=\"color: #008080;\"><strong>Epidemias por falta de pol\u00edtica preventiva<\/strong><\/span> fazem das crian\u00e7as as maiores v\u00edtimas. No descaso p\u00fablico com o saneamento b\u00e1sico, s\u00e3o as crian\u00e7as que sofrem as conseq\u00fc\u00eancias:\u00a0diarreia, verminoses, baixo peso, desnutri\u00e7\u00e3o, propens\u00e3o a outras doen\u00e7as oportunistas.<\/li>\n<li><span style=\"color: #008080;\"><strong>O desenvolvimento do crime organizado<\/strong> <\/span>e a consequente luta do poder p\u00fablico contra o mesmo tem um grande impacto sobre as crian\u00e7as que muitas vezes ficam no fogo cruzado entre a pol\u00edcia e os traficantes. (Numa pesquisa realizada em 2007 pela Rev MD com 1.137 crian\u00e7as benefici\u00e1rias das organiza\u00e7\u00f5es parceiras, o terceiro maior medo, precedido apenas pelo medo de estar sozinha e o medo do escuro, foi o medo de tiroteio!)<\/li>\n<li><span style=\"color: #008080;\"><strong>A corrup\u00e7\u00e3o nas esferas governamentais<\/strong><\/span> tem como principal v\u00edtima a crian\u00e7a. Via de regra, o dinheiro p\u00fablico desviado para fins ego\u00edstas \u00e9 roubado de programas sociais relacionados \u00e0 educa\u00e7\u00e3o, sa\u00fade, moradia e seguran\u00e7a alimentar.<\/li>\n<li><span style=\"color: #008080;\"><strong>O afastamento de Deus pela sociedade<\/strong><\/span> afeta a crian\u00e7a. O pecado e a aus\u00eancia de uma cosmovis\u00e3o crist\u00e3 prejudicam diretamente a maneira de viver da crian\u00e7a, pois sua desvaloriza\u00e7\u00e3o como ser humano \u00e9 consequ\u00eancia deste estado espiritual. O que a sociedade em geral pensa a respeito da crian\u00e7a modela at\u00e9 certo ponto a vis\u00e3o da crian\u00e7a com respeito a si mesma. As cren\u00e7as sobre a crian\u00e7a podem transform\u00e1-la em um objeto e n\u00e3o em um sujeito de direitos.<\/li>\n<li><span style=\"color: #008080;\"><strong>A falta de vis\u00e3o e a\u00e7\u00e3o prof\u00e9tica da igreja<\/strong><\/span> na sociedade torna sua a\u00e7\u00e3o in\u00f3cua no enfrentamento dos problemas sociais vividos por v\u00e1rios setores mais oprimidos. A igreja se omite como comunidade do povo de Deus em obedi\u00eancia integral e deixa de testemunhar a respeito do Deus Triuno e de sua salva\u00e7\u00e3o integral.<\/li>\n<\/ul>\n<p>Estes fatores foram destacados no documento &#8220;\u00c1rvore de Problemas&#8221;, criado em 2008 pelos parceiros da RMD,<\/p>\n<h4><\/h4>\n<h3>Quais s\u00e3o os valores e cren\u00e7as que orientam o trabalho realizado pela rede?<\/h3>\n<p>Valorizamos os seguintes princ\u00edpios:<\/p>\n<ul>\n<li><span style=\"color: #008080;\"><strong>Trabalho em rede<\/strong><\/span> como express\u00e3o da unidade crist\u00e3.<\/li>\n<li><span style=\"color: #008080;\"><strong>Trabalho com e pela Igreja<\/strong><\/span>. Jesus nos convocou a &#8220;Deixar vir as crian\u00e7as&#8221; e nos alertou sobre o problema de negligenciar os pequeninos. Queremos, como crist\u00e3os, levantar nossa voz em favor da crian\u00e7a e acreditamos que este \u00e9 um papel importante da Igreja, se esta quiser ser sal e luz em nossos dias.<\/li>\n<li><strong><span style=\"color: #008000;\"><span style=\"color: #008080;\">O valor de crian\u00e7a<\/span>.<\/span> <\/strong>Acreditamos na import\u00e2ncia de ouvir, incluir e respeitar a participa\u00e7\u00e3o de crian\u00e7as e adolescentes na resolu\u00e7\u00e3o de situa\u00e7\u00f5es que lhes dizem respeito, inclusive nos assuntos que afetam a sociedade como um todo.<\/li>\n<li><span style=\"color: #008080;\"><strong>A import\u00e2ncia da sinergia<\/strong><\/span> na resposta crist\u00e3 aos problemas vividos pelas crian\u00e7as. Temos hist\u00f3ria, experi\u00eancia, recursos, li\u00e7\u00f5es aprendidas, metodologias desenvolvidas, espalhadas pelos quatro quantos do Brasil. Tudo isto precisa ser compartilhado e aproveitado se quisermos melhorar a resposta dada aos problemas das crian\u00e7as.<\/li>\n<li><span style=\"color: #008080;\"><strong>A import\u00e2ncia das boas pr\u00e1ticas<\/strong><\/span> no trabalho social. Precisamos estabelecer padr\u00f5es b\u00e1sicos de atendimento e buscar a excel\u00eancia em nossas a\u00e7\u00f5es.<\/li>\n<\/ul>\n<h3>Como sua institui\u00e7\u00e3o ou igreja pode se unir a n\u00f3s?<\/h3>\n<p>Envie um recado no formul\u00e1rio abaixo manifestando seu interesse em unir-se a n\u00f3s. Entraremos em contato com voc\u00ea!<\/p>\n<p>&nbsp;<\/p>\n","protected":false},"excerpt":{"rendered":"<p>Como trabalhamos? Os 36 parceiros\u00a0institucionais\u00a0da Rede M\u00e3os Dadas trabalham com o objetivo de fortalecer a resposta crist\u00e3 dada aos problemas vividos pelas crian\u00e7as e adolescentes mais vulner\u00e1veis. Trabalhamos para: Unir\u00a0&#8211; Somos uma rede de institui\u00e7\u00f5es, igrejas e pessoas unidas pela mesma f\u00e9. Nos preocupamos pela mesma causa, a crian\u00e7a, e nos articulamos em a\u00e7\u00f5es de [&hellip;]<\/p>\n","protected":false},"author":24,"featured_media":0,"parent":6,"menu_order":0,"comment_status":"open","ping_status":"open","template":"","meta":{"ngg_post_thumbnail":0,"footnotes":""},"class_list":["post-8","page","type-page","status-publish","hentry"],"_links":{"self":[{"href":"https:\/\/ultimato.com.br\/sites\/maosdadas\/wp-json\/wp\/v2\/pages\/8","targetHints":{"allow":["GET"]}}],"collection":[{"href":"https:\/\/ultimato.com.br\/sites\/maosdadas\/wp-json\/wp\/v2\/pages"}],"about":[{"href":"https:\/\/ultimato.com.br\/sites\/maosdadas\/wp-json\/wp\/v2\/types\/page"}],"author":[{"embeddable":true,"href":"https:\/\/ultimato.com.br\/sites\/maosdadas\/wp-json\/wp\/v2\/users\/24"}],"replies":[{"embeddable":true,"href":"https:\/\/ultimato.com.br\/sites\/maosdadas\/wp-json\/wp\/v2\/comments?post=8"}],"version-history":[{"count":14,"href":"https:\/\/ultimato.com.br\/sites\/maosdadas\/wp-json\/wp\/v2\/pages\/8\/revisions"}],"predecessor-version":[{"id":1500,"href":"https:\/\/ultimato.com.br\/sites\/maosdadas\/wp-json\/wp\/v2\/pages\/8\/revisions\/1500"}],"up":[{"embeddable":true,"href":"https:\/\/ultimato.com.br\/sites\/maosdadas\/wp-json\/wp\/v2\/pages\/6"}],"wp:attachment":[{"href":"https:\/\/ultimato.com.br\/sites\/maosdadas\/wp-json\/wp\/v2\/media?parent=8"}],"curies":[{"name":"wp","href":"https:\/\/api.w.org\/{rel}","templated":true}]}}