{"id":6,"date":"2012-10-15T11:23:29","date_gmt":"2012-10-15T14:23:29","guid":{"rendered":"http:\/\/ultimato.com.br\/sites\/maosdadas\/?page_id=6"},"modified":"2013-04-04T15:20:40","modified_gmt":"2013-04-04T18:20:40","slug":"quem-somos","status":"publish","type":"page","link":"https:\/\/ultimato.com.br\/sites\/maosdadas\/quem-somos\/","title":{"rendered":"QUEM SOMOS"},"content":{"rendered":"<h3>Por que estamos juntos?<\/h3>\n<p>&nbsp;<\/p>\n<p><a href=\"http:\/\/ultimato.com.br\/sites\/maosdadas\/files\/2012\/10\/2011_03_23-24_Maos_Dadas_SP_D700-2242.jpg\" class=\"lightview\" data-lightview-group=\"group-6\" data-lightview-options=\"skin: 'dark', controls: 'relative', padding: '10', shadow: { color: '#000000', opacity: 0.08, blur: 3 }\" data-lightview-title=\"2011_03_23-24_Maos_Dadas_SP_D700-2242\"><img loading=\"lazy\" decoding=\"async\" class=\"size-medium wp-image-203 alignleft\" title=\"2011_03_23-24_Maos_Dadas_SP_D700-2242\" alt=\"\" src=\"http:\/\/ultimato.com.br\/sites\/maosdadas\/files\/2012\/10\/2011_03_23-24_Maos_Dadas_SP_D700-2242-300x222.jpg\" width=\"300\" height=\"222\" srcset=\"https:\/\/ultimato.com.br\/sites\/maosdadas\/files\/2012\/10\/2011_03_23-24_Maos_Dadas_SP_D700-2242-300x222.jpg 300w, https:\/\/ultimato.com.br\/sites\/maosdadas\/files\/2012\/10\/2011_03_23-24_Maos_Dadas_SP_D700-2242-1024x759.jpg 1024w, https:\/\/ultimato.com.br\/sites\/maosdadas\/files\/2012\/10\/2011_03_23-24_Maos_Dadas_SP_D700-2242-150x111.jpg 150w, https:\/\/ultimato.com.br\/sites\/maosdadas\/files\/2012\/10\/2011_03_23-24_Maos_Dadas_SP_D700-2242.jpg 1214w\" sizes=\"auto, (max-width: 300px) 100vw, 300px\" \/><\/a><\/p>\n<p>A Rede M\u00e3os Dadas \u00e9 composta por\u00a0<a title=\"36 parceiros \" href=\"http:\/\/ultimato.com.br\/sites\/maosdadas\/quem-somos\/parceiros\/\" target=\"_blank\">36 parceiros<\/a>\u00a0institucionais e tem como objetivo fortalecer a sociedade brasileira em geral e especificamente crist\u00e3os evang\u00e9licos em suas a\u00e7\u00f5es voltadas \u00e0 promo\u00e7\u00e3o das crian\u00e7as e adolescentes em situa\u00e7\u00f5es de vulnerabilidade social para uma vida digna na qual tenham seus direitos garantidos e exer\u00e7am sua cidadania de maneira integral.<\/p>\n<p><a title=\"Como Trabalhamos \" href=\"http:\/\/ultimato.com.br\/sites\/maosdadas\/quem-somos\/a-rede\/\" target=\"_blank\">Como trabalhamos?<\/a><\/p>\n<p><a title=\"Quem s\u00e3o nosso parceiros \" href=\"http:\/\/http:\/\/ultimato.com.br\/sites\/maosdadas\/quem-somos\/parceiros\/\" target=\"_blank\">Quem s\u00e3o nossos parceiros?<\/a><\/p>\n","protected":false},"excerpt":{"rendered":"<p>Por que estamos juntos? &nbsp; A Rede M\u00e3os Dadas \u00e9 composta por\u00a036 parceiros\u00a0institucionais e tem como objetivo fortalecer a sociedade brasileira em geral e especificamente crist\u00e3os evang\u00e9licos em suas a\u00e7\u00f5es voltadas \u00e0 promo\u00e7\u00e3o das crian\u00e7as e adolescentes em situa\u00e7\u00f5es de vulnerabilidade social para uma vida digna na qual tenham seus direitos garantidos e exer\u00e7am sua [&hellip;]<\/p>\n","protected":false},"author":24,"featured_media":0,"parent":0,"menu_order":1,"comment_status":"open","ping_status":"open","template":"","meta":{"ngg_post_thumbnail":0,"footnotes":""},"class_list":["post-6","page","type-page","status-publish","hentry"],"_links":{"self":[{"href":"https:\/\/ultimato.com.br\/sites\/maosdadas\/wp-json\/wp\/v2\/pages\/6","targetHints":{"allow":["GET"]}}],"collection":[{"href":"https:\/\/ultimato.com.br\/sites\/maosdadas\/wp-json\/wp\/v2\/pages"}],"about":[{"href":"https:\/\/ultimato.com.br\/sites\/maosdadas\/wp-json\/wp\/v2\/types\/page"}],"author":[{"embeddable":true,"href":"https:\/\/ultimato.com.br\/sites\/maosdadas\/wp-json\/wp\/v2\/users\/24"}],"replies":[{"embeddable":true,"href":"https:\/\/ultimato.com.br\/sites\/maosdadas\/wp-json\/wp\/v2\/comments?post=6"}],"version-history":[{"count":9,"href":"https:\/\/ultimato.com.br\/sites\/maosdadas\/wp-json\/wp\/v2\/pages\/6\/revisions"}],"predecessor-version":[{"id":1499,"href":"https:\/\/ultimato.com.br\/sites\/maosdadas\/wp-json\/wp\/v2\/pages\/6\/revisions\/1499"}],"wp:attachment":[{"href":"https:\/\/ultimato.com.br\/sites\/maosdadas\/wp-json\/wp\/v2\/media?parent=6"}],"curies":[{"name":"wp","href":"https:\/\/api.w.org\/{rel}","templated":true}]}}