{"id":9,"date":"2013-06-20T17:42:46","date_gmt":"2013-06-20T17:42:46","guid":{"rendered":"http:\/\/ultimato.com.br\/sites\/macho-femea-os-criou\/?page_id=9"},"modified":"2013-06-20T17:49:19","modified_gmt":"2013-06-20T17:49:19","slug":"o-que-disseram","status":"publish","type":"page","link":"https:\/\/ultimato.com.br\/sites\/macho-femea-os-criou\/o-que-disseram\/","title":{"rendered":"O que disseram"},"content":{"rendered":"<blockquote><p>Sexo realmente chama nossa aten\u00e7\u00e3o. Por qu\u00ea? A resposta \u00e9 simples: somos seres sexuais. N\u00e3o h\u00e1 outra forma de vivermos nesse mundo a n\u00e3o ser como homens ou mulheres, machos ou f\u00eameas.<\/p>\n<p>Nossa sexualidade afeta a pr\u00f3pria forma como enxergamos a n\u00f3s mesmos, como interagimos com as outras pessoas e at\u00e9 em como nos relacionamos com Deus. Nossas emo\u00e7\u00f5es, pensamentos, sensa\u00e7\u00f5es f\u00edsicas, afei\u00e7\u00f5es, anseios por determinados relacionamentos e at\u00e9 nossa forma de tratar os que nos rodeiam s\u00e3o diferenciados pelo fato de sermos homens e mulheres.\u201d<\/p><\/blockquote>\n<p><i>Jaime Kemp<\/i><\/p>\n<p>&nbsp;<\/p>\n<blockquote><p>As mudan\u00e7as sociais das \u00faltimas d\u00e9cadas, com excessiva \u00eanfase no individualismo, transformaram a sexualidade. Ela n\u00e3o acontece em um primeiro encontro. Nestes encontros r\u00e1pidos com finalidade sexual, o m\u00e1ximo que se obt\u00e9m \u00e9 o orgasmo fisiol\u00f3gico, e a verdadeira celebra\u00e7\u00e3o da sexualidade \u00e9 muito superior a isso.<\/p><\/blockquote>\n<p>\u2013 Da apresenta\u00e7\u00e3o \u00e0 segunda edi\u00e7\u00e3o<i><\/i><\/p>\n","protected":false},"excerpt":{"rendered":"<p>Sexo realmente chama nossa aten\u00e7\u00e3o. Por qu\u00ea? A resposta \u00e9 simples: somos seres sexuais. N\u00e3o h\u00e1 outra forma de vivermos nesse mundo a n\u00e3o ser como homens ou mulheres, machos ou f\u00eameas. Nossa sexualidade afeta a pr\u00f3pria forma como enxergamos a n\u00f3s mesmos, como interagimos com as outras pessoas e at\u00e9 em como nos relacionamos [&hellip;]<\/p>\n","protected":false},"author":24,"featured_media":0,"parent":0,"menu_order":3,"comment_status":"open","ping_status":"open","template":"","meta":{"footnotes":""},"class_list":["post-9","page","type-page","status-publish","hentry"],"_links":{"self":[{"href":"https:\/\/ultimato.com.br\/sites\/macho-femea-os-criou\/wp-json\/wp\/v2\/pages\/9","targetHints":{"allow":["GET"]}}],"collection":[{"href":"https:\/\/ultimato.com.br\/sites\/macho-femea-os-criou\/wp-json\/wp\/v2\/pages"}],"about":[{"href":"https:\/\/ultimato.com.br\/sites\/macho-femea-os-criou\/wp-json\/wp\/v2\/types\/page"}],"author":[{"embeddable":true,"href":"https:\/\/ultimato.com.br\/sites\/macho-femea-os-criou\/wp-json\/wp\/v2\/users\/24"}],"replies":[{"embeddable":true,"href":"https:\/\/ultimato.com.br\/sites\/macho-femea-os-criou\/wp-json\/wp\/v2\/comments?post=9"}],"version-history":[{"count":4,"href":"https:\/\/ultimato.com.br\/sites\/macho-femea-os-criou\/wp-json\/wp\/v2\/pages\/9\/revisions"}],"predecessor-version":[{"id":31,"href":"https:\/\/ultimato.com.br\/sites\/macho-femea-os-criou\/wp-json\/wp\/v2\/pages\/9\/revisions\/31"}],"wp:attachment":[{"href":"https:\/\/ultimato.com.br\/sites\/macho-femea-os-criou\/wp-json\/wp\/v2\/media?parent=9"}],"curies":[{"name":"wp","href":"https:\/\/api.w.org\/{rel}","templated":true}]}}