{"id":5,"date":"2013-06-20T17:41:59","date_gmt":"2013-06-20T17:41:59","guid":{"rendered":"http:\/\/ultimato.com.br\/sites\/macho-femea-os-criou\/?page_id=5"},"modified":"2013-07-25T16:48:10","modified_gmt":"2013-07-25T16:48:10","slug":"o-livro","status":"publish","type":"page","link":"https:\/\/ultimato.com.br\/sites\/macho-femea-os-criou\/","title":{"rendered":"O livro"},"content":{"rendered":"<p>Por que esperar at\u00e9 o casamento?<\/p>\n<p>Como o casal pode desenvolver afetividade e experimentar prazer \u201cat\u00e9 que a morte os separe\u201d?<\/p>\n<p>O relan\u00e7amento de<i> Macho e F\u00eamea os Criou<\/i>, em nova edi\u00e7\u00e3o, apresenta uma reflex\u00e3o sobre a sexualidade que vai muito al\u00e9m da discuss\u00e3o <i>homo versus hetero<\/i>.<\/p>\n<p>Para o autor, a celebra\u00e7\u00e3o da sexualidade \u00e9 muito mais do que uma lista do que \u00e9 permitido ou proibido. Numa \u00e9poca em que as rela\u00e7\u00f5es s\u00e3o descart\u00e1veis e motivadas pelo simples desejo de consumir. <i>Macho e F\u00eamea os Criou<\/i> apresenta a alternativa b\u00edblica para uma sexualidade saud\u00e1vel.<\/p>\n<p><iframe loading=\"lazy\" src=\"\/\/www.youtube.com\/embed\/PtXeiixVkWI\" height=\"315\" width=\"560\" allowfullscreen=\"\" frameborder=\"0\"><\/iframe><\/p>\n","protected":false},"excerpt":{"rendered":"<p>Por que esperar at\u00e9 o casamento? Como o casal pode desenvolver afetividade e experimentar prazer \u201cat\u00e9 que a morte os separe\u201d? O relan\u00e7amento de Macho e F\u00eamea os Criou, em nova edi\u00e7\u00e3o, apresenta uma reflex\u00e3o sobre a sexualidade que vai muito al\u00e9m da discuss\u00e3o homo versus hetero. Para o autor, a celebra\u00e7\u00e3o da sexualidade \u00e9 [&hellip;]<\/p>\n","protected":false},"author":24,"featured_media":0,"parent":0,"menu_order":1,"comment_status":"open","ping_status":"open","template":"","meta":{"footnotes":""},"class_list":["post-5","page","type-page","status-publish","hentry"],"_links":{"self":[{"href":"https:\/\/ultimato.com.br\/sites\/macho-femea-os-criou\/wp-json\/wp\/v2\/pages\/5","targetHints":{"allow":["GET"]}}],"collection":[{"href":"https:\/\/ultimato.com.br\/sites\/macho-femea-os-criou\/wp-json\/wp\/v2\/pages"}],"about":[{"href":"https:\/\/ultimato.com.br\/sites\/macho-femea-os-criou\/wp-json\/wp\/v2\/types\/page"}],"author":[{"embeddable":true,"href":"https:\/\/ultimato.com.br\/sites\/macho-femea-os-criou\/wp-json\/wp\/v2\/users\/24"}],"replies":[{"embeddable":true,"href":"https:\/\/ultimato.com.br\/sites\/macho-femea-os-criou\/wp-json\/wp\/v2\/comments?post=5"}],"version-history":[{"count":3,"href":"https:\/\/ultimato.com.br\/sites\/macho-femea-os-criou\/wp-json\/wp\/v2\/pages\/5\/revisions"}],"predecessor-version":[{"id":62,"href":"https:\/\/ultimato.com.br\/sites\/macho-femea-os-criou\/wp-json\/wp\/v2\/pages\/5\/revisions\/62"}],"wp:attachment":[{"href":"https:\/\/ultimato.com.br\/sites\/macho-femea-os-criou\/wp-json\/wp\/v2\/media?parent=5"}],"curies":[{"name":"wp","href":"https:\/\/api.w.org\/{rel}","templated":true}]}}