{"id":6,"date":"2014-11-19T12:21:37","date_gmt":"2014-11-19T12:21:37","guid":{"rendered":"http:\/\/ultimato.com.br\/sites\/livros-lausanne\/?page_id=6"},"modified":"2014-11-19T17:03:08","modified_gmt":"2014-11-19T17:03:08","slug":"os-livros","status":"publish","type":"page","link":"https:\/\/ultimato.com.br\/sites\/livros-lausanne\/","title":{"rendered":"Os Livros"},"content":{"rendered":"<p><iframe loading=\"lazy\" src=\"\/\/www.youtube.com\/embed\/-yHSGwl2E0Q\" width=\"650\" height=\"366\" frameborder=\"0\" allowfullscreen=\"allowfullscreen\"><\/iframe><\/p>\n<p>O\u00a0<strong>Terceiro Congresso Lausanne Sobre Evangeliza\u00e7\u00e3o Mundial<\/strong>\u00a0foi, provavelmente, o maior encontro de vozes evang\u00e9licas na hist\u00f3ria da igreja. Estavam reunidos, na Cidade do Cabo, na \u00c1frica do Sul, alguns dos pensadores e l\u00edderes de 198 na\u00e7\u00f5es para discernir o que &#8220;o Esp\u00edrito Santo est\u00e1 dizendo para a igreja&#8221;.<br \/>\nEstavam presentes, Ajith Fernando (Sri Lanka); Os Guinness (Reino Unido); Ruth Padilla DeBorst (Argentina\/Costa Rica); John Piper (Estados Unidos); Nour Armagan (Oriente M\u00e9dio); Michael Ramsden (Reino Unido); Steve Evans (Estados Unidos\/\u00c1frica do Sul); Tim Keller (Estados Unidos); Christopher Wright (Reino Unido); Femi Adeleye (Nig\u00e9ria); Ramez Atallah (Egito), entre outros.<\/p>\n<p><strong>\u00a0<\/strong><\/p>\n<p><strong>Cristo, Nosso Reconciliador<\/strong><strong>\u00a0<\/strong>\u00e9 um retrato dos temas, das palavras e das discuss\u00f5es do Congresso. \u00c9 um presente oferecido como um dom da igreja em todos os continentes para a igreja local em cada na\u00e7\u00e3o. E, al\u00e9m disso, oferece o pano de fundo e o contexto para <strong>O Compromisso da Cidade do Cabo.<\/strong><\/p>\n<p>&nbsp;<\/p>\n<p>********<br \/>\n<strong>O Compromisso da Cidade do Cabo<\/strong> \u00e9 parte e resultado do Movimento Lausanne.<\/p>\n<p>&nbsp;<\/p>\n<p>Tem como base o Pacto de Lausanne e o Manifesto de Manila. Ao mesmo tempo, \u00e9 tamb\u00e9m um roteiro para a a\u00e7\u00e3o e ora\u00e7\u00e3o de igrejas, ag\u00eancias mission\u00e1rias, crist\u00e3os e estudantes em seus locais de trabalho, escolas e organiza\u00e7\u00f5es espalhadas pelos confins da terra.<\/p>\n<p>&nbsp;<\/p>\n<p>O <strong>Compromisso da Cidade do Cabo<\/strong> Declara o que a igreja acredita e estabelece as convic\u00e7\u00f5es b\u00edblicas transmitidas pelas Escrituras. Afirma a unidade do Corpo de Cristo e a confian\u00e7a do povo de Deus no \u00fanico Senhor da hist\u00f3ria.<\/p>\n","protected":false},"excerpt":{"rendered":"<p>O\u00a0Terceiro Congresso Lausanne Sobre Evangeliza\u00e7\u00e3o Mundial\u00a0foi, provavelmente, o maior encontro de vozes evang\u00e9licas na hist\u00f3ria da igreja. Estavam reunidos, na Cidade do Cabo, na \u00c1frica do Sul, alguns dos pensadores e l\u00edderes de 198 na\u00e7\u00f5es para discernir o que &#8220;o Esp\u00edrito Santo est\u00e1 dizendo para a igreja&#8221;. Estavam presentes, Ajith Fernando (Sri Lanka); Os Guinness [&hellip;]<\/p>\n","protected":false},"author":24,"featured_media":0,"parent":0,"menu_order":0,"comment_status":"closed","ping_status":"open","template":"","meta":{"footnotes":""},"class_list":["post-6","page","type-page","status-publish","hentry"],"_links":{"self":[{"href":"https:\/\/ultimato.com.br\/sites\/livros-lausanne\/wp-json\/wp\/v2\/pages\/6","targetHints":{"allow":["GET"]}}],"collection":[{"href":"https:\/\/ultimato.com.br\/sites\/livros-lausanne\/wp-json\/wp\/v2\/pages"}],"about":[{"href":"https:\/\/ultimato.com.br\/sites\/livros-lausanne\/wp-json\/wp\/v2\/types\/page"}],"author":[{"embeddable":true,"href":"https:\/\/ultimato.com.br\/sites\/livros-lausanne\/wp-json\/wp\/v2\/users\/24"}],"replies":[{"embeddable":true,"href":"https:\/\/ultimato.com.br\/sites\/livros-lausanne\/wp-json\/wp\/v2\/comments?post=6"}],"version-history":[{"count":5,"href":"https:\/\/ultimato.com.br\/sites\/livros-lausanne\/wp-json\/wp\/v2\/pages\/6\/revisions"}],"predecessor-version":[{"id":45,"href":"https:\/\/ultimato.com.br\/sites\/livros-lausanne\/wp-json\/wp\/v2\/pages\/6\/revisions\/45"}],"wp:attachment":[{"href":"https:\/\/ultimato.com.br\/sites\/livros-lausanne\/wp-json\/wp\/v2\/media?parent=6"}],"curies":[{"name":"wp","href":"https:\/\/api.w.org\/{rel}","templated":true}]}}