{"id":28,"date":"2014-11-19T12:33:38","date_gmt":"2014-11-19T12:33:38","guid":{"rendered":"http:\/\/ultimato.com.br\/sites\/livros-lausanne\/?page_id=28"},"modified":"2014-11-25T11:43:35","modified_gmt":"2014-11-25T11:43:35","slug":"release","status":"publish","type":"page","link":"https:\/\/ultimato.com.br\/sites\/livros-lausanne\/extras\/release\/","title":{"rendered":"Release"},"content":{"rendered":"<p>Aqui est\u00e1 o press-release dos livros <strong><em>Cristo Nosso Reconciliador + Compromisso da Cidade do Cabo<\/em><\/strong> para voc\u00ea divulgar no seu site, blog, jornal ou outro meio de comunica\u00e7\u00e3o do seu acesso. Ajude-nos a espalhar este conte\u00fado.<\/p>\n<p>&#8211; Arquivo em <a href=\"http:\/\/ultimato.com.br\/sites\/livros-lausanne\/files\/2014\/11\/Release_Lausanne_Novembro_2014.pdf\">PDF<\/a>.<\/p>\n","protected":false},"excerpt":{"rendered":"<p>Aqui est\u00e1 o press-release dos livros Cristo Nosso Reconciliador + Compromisso da Cidade do Cabo para voc\u00ea divulgar no seu site, blog, jornal ou outro meio de comunica\u00e7\u00e3o do seu acesso. Ajude-nos a espalhar este conte\u00fado. &#8211; Arquivo em PDF.<\/p>\n","protected":false},"author":24,"featured_media":0,"parent":16,"menu_order":3,"comment_status":"closed","ping_status":"open","template":"","meta":{"footnotes":""},"class_list":["post-28","page","type-page","status-publish","hentry"],"_links":{"self":[{"href":"https:\/\/ultimato.com.br\/sites\/livros-lausanne\/wp-json\/wp\/v2\/pages\/28","targetHints":{"allow":["GET"]}}],"collection":[{"href":"https:\/\/ultimato.com.br\/sites\/livros-lausanne\/wp-json\/wp\/v2\/pages"}],"about":[{"href":"https:\/\/ultimato.com.br\/sites\/livros-lausanne\/wp-json\/wp\/v2\/types\/page"}],"author":[{"embeddable":true,"href":"https:\/\/ultimato.com.br\/sites\/livros-lausanne\/wp-json\/wp\/v2\/users\/24"}],"replies":[{"embeddable":true,"href":"https:\/\/ultimato.com.br\/sites\/livros-lausanne\/wp-json\/wp\/v2\/comments?post=28"}],"version-history":[{"count":3,"href":"https:\/\/ultimato.com.br\/sites\/livros-lausanne\/wp-json\/wp\/v2\/pages\/28\/revisions"}],"predecessor-version":[{"id":51,"href":"https:\/\/ultimato.com.br\/sites\/livros-lausanne\/wp-json\/wp\/v2\/pages\/28\/revisions\/51"}],"up":[{"embeddable":true,"href":"https:\/\/ultimato.com.br\/sites\/livros-lausanne\/wp-json\/wp\/v2\/pages\/16"}],"wp:attachment":[{"href":"https:\/\/ultimato.com.br\/sites\/livros-lausanne\/wp-json\/wp\/v2\/media?parent=28"}],"curies":[{"name":"wp","href":"https:\/\/api.w.org\/{rel}","templated":true}]}}