{"id":10,"date":"2014-11-19T12:22:55","date_gmt":"2014-11-19T12:22:55","guid":{"rendered":"http:\/\/ultimato.com.br\/sites\/livros-lausanne\/?page_id=10"},"modified":"2014-11-25T11:51:25","modified_gmt":"2014-11-25T11:51:25","slug":"o-que-disseram","status":"publish","type":"page","link":"https:\/\/ultimato.com.br\/sites\/livros-lausanne\/o-que-disseram\/","title":{"rendered":"O que disseram"},"content":{"rendered":"<blockquote><p>A igreja brasileira precisa do Compromisso da Cidade do Cabo e o sa\u00fada em esp\u00edrito de gratid\u00e3o. Com ele podemos afirmar a identidade evang\u00e9lica, t\u00e3o confusa em nossos dias; e com ele podemos nos sintonizar com uma agenda mission\u00e1ria que seja relevante e contextual. O Compromisso da Cidade do Cabo nos ajuda a enxergar o mundo no qual vivemos e convoca os crist\u00e3os a se unirem em torno do objetivo da miss\u00e3o mundial.<\/p><\/blockquote>\n<p><em>&#8212; Valdir Steuernagel<\/em><\/p>\n<blockquote><p>\u00a0Queridos irm\u00e3os e irm\u00e3s em Cristo. Devido \u00e0 minha sa\u00fade debilitada, sentirei muito por n\u00e3o estar presente na Cidade do Cabo em outubro. No entanto, estarei com todos voc\u00eas, todos os dias, em ora\u00e7\u00e3o, expectativas e confian\u00e7a,\u00a0conforme voc\u00eas planejam fazer conhecida a singularidade de Jesus Cristo por todo o mundo.<\/p><\/blockquote>\n<p><em>&#8212; John Stott, L\u00edder Honor\u00e1rio do Movimento Lausanne<\/em><\/p>\n<blockquote><p>O conselho internacional, supervisionando o desenvolvimento do congresso, valeu-se da sabedoria de bons amigos, que oraram por n\u00f3s. Eu penso, por exemplo, no Dr. Billy Graham, fundador do Movimento Lausanne; em John Stott, que serviu como presidente honor\u00e1rio at\u00e9 sua morte, em 2011; e no falecido Hudson Taylor III, cujo conhecimento da igreja chinesa era inigual\u00e1vel;\u00a0no professor Samuel Escobar e no Dr. Ren\u00e9 Padilla, da Am\u00e9rica Latina, nomes sin\u00f4nimos ao Lausanne desde o congresso de 1974; e no arcebispo Henry Luke Orombi, de Uganda, que trabalhou como presidente honor\u00e1rio do Comit\u00ea Anfitri\u00e3o da \u00c1frica. Meu prop\u00f3sito n\u00e3o \u00e9 listar nomes, pois isso preencheria muitas p\u00e1ginas. \u00c9 expressar a natureza global do congresso e, ao fazer isso, expressar uma parte do peso que sentimos agora, como recebedores e organizadores de ricos dons trazidos \u00e0 mesa por l\u00edderes crist\u00e3os de muitas na\u00e7\u00f5es.<br \/>\nO ap\u00f3stolo Paulo fez um pedido ardente: que aqueles na igreja crescessem at\u00e9 a medida da plenitude de Cristo. Que este livro possa ser uma pequena contribui\u00e7\u00e3o para esse crescimento.<\/p><\/blockquote>\n<p><em>&#8212; S. Douglas Birsdall, ex-diretor executivo do Movimento Lausanne<\/em><\/p>\n","protected":false},"excerpt":{"rendered":"<p>A igreja brasileira precisa do Compromisso da Cidade do Cabo e o sa\u00fada em esp\u00edrito de gratid\u00e3o. Com ele podemos afirmar a identidade evang\u00e9lica, t\u00e3o confusa em nossos dias; e com ele podemos nos sintonizar com uma agenda mission\u00e1ria que seja relevante e contextual. O Compromisso da Cidade do Cabo nos ajuda a enxergar o [&hellip;]<\/p>\n","protected":false},"author":24,"featured_media":0,"parent":0,"menu_order":1,"comment_status":"closed","ping_status":"open","template":"","meta":{"footnotes":""},"class_list":["post-10","page","type-page","status-publish","hentry"],"_links":{"self":[{"href":"https:\/\/ultimato.com.br\/sites\/livros-lausanne\/wp-json\/wp\/v2\/pages\/10","targetHints":{"allow":["GET"]}}],"collection":[{"href":"https:\/\/ultimato.com.br\/sites\/livros-lausanne\/wp-json\/wp\/v2\/pages"}],"about":[{"href":"https:\/\/ultimato.com.br\/sites\/livros-lausanne\/wp-json\/wp\/v2\/types\/page"}],"author":[{"embeddable":true,"href":"https:\/\/ultimato.com.br\/sites\/livros-lausanne\/wp-json\/wp\/v2\/users\/24"}],"replies":[{"embeddable":true,"href":"https:\/\/ultimato.com.br\/sites\/livros-lausanne\/wp-json\/wp\/v2\/comments?post=10"}],"version-history":[{"count":4,"href":"https:\/\/ultimato.com.br\/sites\/livros-lausanne\/wp-json\/wp\/v2\/pages\/10\/revisions"}],"predecessor-version":[{"id":54,"href":"https:\/\/ultimato.com.br\/sites\/livros-lausanne\/wp-json\/wp\/v2\/pages\/10\/revisions\/54"}],"wp:attachment":[{"href":"https:\/\/ultimato.com.br\/sites\/livros-lausanne\/wp-json\/wp\/v2\/media?parent=10"}],"curies":[{"name":"wp","href":"https:\/\/api.w.org\/{rel}","templated":true}]}}