{"id":27,"date":"2011-06-28T09:43:51","date_gmt":"2011-06-28T12:43:51","guid":{"rendered":"http:\/\/ultimato.com.br\/sites\/livres-tirania\/?page_id=27"},"modified":"2011-07-05T14:54:26","modified_gmt":"2011-07-05T17:54:26","slug":"identificando-prioridades-material-extra","status":"publish","type":"page","link":"https:\/\/ultimato.com.br\/sites\/livres-tirania\/extras\/identificando-prioridades-material-extra\/","title":{"rendered":"Identificando prioridades &#8211; material extra"},"content":{"rendered":"<p>A import\u00e2ncia \u00e9 medida atrav\u00e9s da contribui\u00e7\u00e3o aos\u00a0objetivos priorit\u00e1rios. Tarefas importantes que n\u00e3o s\u00e3o\u00a0urgentes requerem iniciativa e perseveran\u00e7a.\u00a0J\u00e1 que, geralmente, n\u00e3o h\u00e1 press\u00e3o para que elas sejam realizadas hoje, esta semana ou at\u00e9 mesmo este m\u00eas, estas atividades devemser motivadas por nosso compromisso com seu valor final.<\/p>\n<p>A urg\u00eancia chama por aten\u00e7\u00e3o imediata. Assuntos urgentes entram em nossa vida requerendo a\u00e7\u00e3o.\u00a0Elas s\u00e3o mais uma interrup\u00e7\u00e3o do que uma contribui\u00e7\u00e3o para nossas prioridades.\u00a0A maioria de nossas atividades s\u00e3o marcadas por uma tens\u00e3o\u2014 geralmente uma competi\u00e7\u00e3o \u2014 entre estes dois fatores: import\u00e2ncia e urg\u00eancia.<\/p>\n<p>Clique <a title=\"Tabela 1 - Importante x Urgente\" href=\"http:\/\/www.ultimato.com.br\/boletim\/downloads\/ltu\/tabela1_importante_urgente.pdf\" target=\"_blank\">aqui<\/a> e baixe uma tabela que ir\u00e1 ajudar voc\u00ea a distinguir o que \u00e9 importante daquilo que \u00e9 urgente.<\/p>\n","protected":false},"excerpt":{"rendered":"<p>A import\u00e2ncia \u00e9 medida atrav\u00e9s da contribui\u00e7\u00e3o aos\u00a0objetivos priorit\u00e1rios. Tarefas importantes que n\u00e3o s\u00e3o\u00a0urgentes requerem iniciativa e perseveran\u00e7a.\u00a0J\u00e1 que, geralmente, n\u00e3o h\u00e1 press\u00e3o para que elas sejam realizadas hoje, esta semana ou at\u00e9 mesmo este m\u00eas, estas atividades devemser motivadas por nosso compromisso com seu valor final. A urg\u00eancia chama por aten\u00e7\u00e3o imediata. Assuntos urgentes [&hellip;]<\/p>\n","protected":false},"author":8,"featured_media":0,"parent":17,"menu_order":4,"comment_status":"open","ping_status":"open","template":"","meta":{"footnotes":""},"class_list":["post-27","page","type-page","status-publish","hentry"],"_links":{"self":[{"href":"https:\/\/ultimato.com.br\/sites\/livres-tirania\/wp-json\/wp\/v2\/pages\/27","targetHints":{"allow":["GET"]}}],"collection":[{"href":"https:\/\/ultimato.com.br\/sites\/livres-tirania\/wp-json\/wp\/v2\/pages"}],"about":[{"href":"https:\/\/ultimato.com.br\/sites\/livres-tirania\/wp-json\/wp\/v2\/types\/page"}],"author":[{"embeddable":true,"href":"https:\/\/ultimato.com.br\/sites\/livres-tirania\/wp-json\/wp\/v2\/users\/8"}],"replies":[{"embeddable":true,"href":"https:\/\/ultimato.com.br\/sites\/livres-tirania\/wp-json\/wp\/v2\/comments?post=27"}],"version-history":[{"count":5,"href":"https:\/\/ultimato.com.br\/sites\/livres-tirania\/wp-json\/wp\/v2\/pages\/27\/revisions"}],"predecessor-version":[{"id":53,"href":"https:\/\/ultimato.com.br\/sites\/livres-tirania\/wp-json\/wp\/v2\/pages\/27\/revisions\/53"}],"up":[{"embeddable":true,"href":"https:\/\/ultimato.com.br\/sites\/livres-tirania\/wp-json\/wp\/v2\/pages\/17"}],"wp:attachment":[{"href":"https:\/\/ultimato.com.br\/sites\/livres-tirania\/wp-json\/wp\/v2\/media?parent=27"}],"curies":[{"name":"wp","href":"https:\/\/api.w.org\/{rel}","templated":true}]}}