{"id":25,"date":"2011-06-28T09:36:41","date_gmt":"2011-06-28T12:36:41","guid":{"rendered":"http:\/\/ultimato.com.br\/sites\/livres-tirania\/?page_id=25"},"modified":"2011-07-05T14:54:47","modified_gmt":"2011-07-05T17:54:47","slug":"divulgue-a-ideia","status":"publish","type":"page","link":"https:\/\/ultimato.com.br\/sites\/livres-tirania\/extras\/divulgue-a-ideia\/","title":{"rendered":"Divulgue a ideia"},"content":{"rendered":"<p>#LivresDoUrgente!<\/p>\n<p>Que tal se unir \u00e0 Ultimato e promover a remiss\u00e3o do tempo? Divulgue a ideia no seu site\/blog e redes sociais e vamos lutar por fazer aquilo que \u00e9 importante. Afinal, &#8220;h\u00e1 tempo para tudo&#8221;, j\u00e1 dizia o pregador.<\/p>\n<p><strong>Banner 120&#215;60<\/strong><\/p>\n<table border=\"0\" cellspacing=\"0\" cellpadding=\"0\" width=\"100%\">\n<tbody>\n<tr>\n<td style=\"text-align: center;\"><a href=\"http:\/\/www.ultimato.com.br\/boletim\/downloads\/ltu\/bannerE_ltu.gif\" class=\"lightview\" data-lightview-group=\"group-25\" data-lightview-options=\"skin: 'dark', controls: 'relative', padding: '10', shadow: { color: '#000000', opacity: 0.08, blur: 3 }\" target=\"_blank\" data-lightview-title=\"Banner 120x60\"><img loading=\"lazy\" decoding=\"async\" class=\"alignnone size-thumbnail wp-image-120\" style=\"border: 0px initial initial;\" title=\"Banner 120x60\" src=\"http:\/\/www.ultimato.com.br\/boletim\/downloads\/ltu\/bannerE_ltu.gif\" alt=\"\" width=\"120\" height=\"60\" \/><\/a><\/td>\n<\/tr>\n<tr>\n<td style=\"text-align: center;\"><a href=\"http:\/\/www.ultimato.com.br\/boletim\/downloads\/ltu\/bannerE_ltu.gif\" class=\"lightview\" data-lightview-group=\"group-25\" data-lightview-options=\"skin: 'dark', controls: 'relative', padding: '10', shadow: { color: '#000000', opacity: 0.08, blur: 3 }\" target=\"_blank\">[120&#215;60]<\/a><\/td>\n<\/tr>\n<\/tbody>\n<\/table>\n<p style=\"padding-left: 60px;\"><em>C\u00f3digo de incorpora\u00e7\u00e3o:<\/em> &lt;img style=&#8221;border: 0px initial initial;&#8221; title=&#8221;Papel de parede 1&#8243; src=&#8221;http:\/\/www.ultimato.com.br\/boletim\/downloads\/ltu\/bannerE_ltu.gif&#8221; alt=&#8221;&#8221; width=&#8221;120&#8243; height=&#8221;240&#8243; \/&gt;<\/p>\n<p><a href=\"http:\/\/www.ultimato.com.br\/boletim\/downloads\/ltu\/bannerE_ltu.gif\" class=\"lightview\" data-lightview-group=\"group-25\" data-lightview-options=\"skin: 'dark', controls: 'relative', padding: '10', shadow: { color: '#000000', opacity: 0.08, blur: 3 }\" style=\"border: 0px initial initial;\" title=\"Banner 120x240\" target=\"_blank\"><\/a><\/p>\n<p><strong>Banner 120&#215;240 (a)<\/strong><\/p>\n<table border=\"0\" cellspacing=\"0\" cellpadding=\"0\" width=\"100%\">\n<tbody>\n<tr>\n<td style=\"text-align: center;\"><a href=\"http:\/\/www.ultimato.com.br\/boletim\/downloads\/ltu\/bannerD_LTU.gif\" class=\"lightview\" data-lightview-group=\"group-25\" data-lightview-options=\"skin: 'dark', controls: 'relative', padding: '10', shadow: { color: '#000000', opacity: 0.08, blur: 3 }\" target=\"_blank\" data-lightview-title=\"Banner 120x240 (a)\"><img loading=\"lazy\" decoding=\"async\" class=\"alignnone size-thumbnail wp-image-120\" style=\"border: 0px initial initial;\" title=\"Banner 120x240 (a)\" src=\"http:\/\/www.ultimato.com.br\/boletim\/downloads\/ltu\/bannerD_LTU.gif\" alt=\"\" width=\"120\" height=\"240\" \/><\/a><\/td>\n<\/tr>\n<tr>\n<td style=\"text-align: center;\"><a href=\"http:\/\/www.ultimato.com.br\/boletim\/downloads\/ltu\/bannerD_LTU.gif\" class=\"lightview\" data-lightview-group=\"group-25\" data-lightview-options=\"skin: 'dark', controls: 'relative', padding: '10', shadow: { color: '#000000', opacity: 0.08, blur: 3 }\" target=\"_blank\">[120&#215;240]<\/a><\/td>\n<\/tr>\n<\/tbody>\n<\/table>\n<p style=\"padding-left: 60px;\"><em>C\u00f3digo de incorpora\u00e7\u00e3o:<\/em> &lt;img style=&#8221;border: 0px initial initial;&#8221; title=&#8221;Banner 120&#215;240 (b)&#8221; src=&#8221;http:\/\/www.ultimato.com.br\/boletim\/downloads\/ltu\/bannerD_LTU.gif&#8221; alt=&#8221;&#8221; width=&#8221;120&#8243; height=&#8221;240&#8243; \/&gt;<\/p>\n<p><strong>Banner 120&#215;240 (b)<\/strong><\/p>\n<table border=\"0\" cellspacing=\"0\" cellpadding=\"0\" width=\"100%\">\n<tbody>\n<tr>\n<td style=\"text-align: center;\"><a href=\"http:\/\/www.ultimato.com.br\/boletim\/downloads\/ltu\/bannerD2_LTU.gif\" class=\"lightview\" data-lightview-group=\"group-25\" data-lightview-options=\"skin: 'dark', controls: 'relative', padding: '10', shadow: { color: '#000000', opacity: 0.08, blur: 3 }\" target=\"_blank\" data-lightview-title=\"Banner 120x240 (b)\"><img loading=\"lazy\" decoding=\"async\" class=\"alignnone size-thumbnail wp-image-120\" style=\"border: 0px initial initial;\" title=\"Banner 120x240 (b)\" src=\"http:\/\/www.ultimato.com.br\/boletim\/downloads\/ltu\/bannerD2_LTU.gif\" alt=\"\" width=\"120\" height=\"240\" \/><\/a><\/td>\n<\/tr>\n<tr>\n<td style=\"text-align: center;\"><a href=\"http:\/\/www.ultimato.com.br\/boletim\/downloads\/ltu\/bannerD2_LTU.gif\" class=\"lightview\" data-lightview-group=\"group-25\" data-lightview-options=\"skin: 'dark', controls: 'relative', padding: '10', shadow: { color: '#000000', opacity: 0.08, blur: 3 }\" target=\"_blank\">[120&#215;240]<\/a><\/td>\n<\/tr>\n<\/tbody>\n<\/table>\n<p style=\"padding-left: 60px;\"><em>C\u00f3digo de incorpora\u00e7\u00e3o:<\/em> &lt;img style=&#8221;border: 0px initial initial;&#8221; title=&#8221;Banner 120&#215;240 (b)&#8221; src=&#8221;http:\/\/www.ultimato.com.br\/boletim\/downloads\/ltu\/bannerD2_LTU.gif&#8221; alt=&#8221;&#8221; width=&#8221;120&#8243; height=&#8221;240&#8243; \/&gt;<\/p>\n","protected":false},"excerpt":{"rendered":"<p>#LivresDoUrgente! Que tal se unir \u00e0 Ultimato e promover a remiss\u00e3o do tempo? Divulgue a ideia no seu site\/blog e redes sociais e vamos lutar por fazer aquilo que \u00e9 importante. Afinal, &#8220;h\u00e1 tempo para tudo&#8221;, j\u00e1 dizia o pregador. Banner 120&#215;60 [120&#215;60] C\u00f3digo de incorpora\u00e7\u00e3o: &lt;img style=&#8221;border: 0px initial initial;&#8221; title=&#8221;Papel de parede 1&#8243; [&hellip;]<\/p>\n","protected":false},"author":8,"featured_media":0,"parent":17,"menu_order":3,"comment_status":"open","ping_status":"open","template":"","meta":{"footnotes":""},"class_list":["post-25","page","type-page","status-publish","hentry"],"_links":{"self":[{"href":"https:\/\/ultimato.com.br\/sites\/livres-tirania\/wp-json\/wp\/v2\/pages\/25","targetHints":{"allow":["GET"]}}],"collection":[{"href":"https:\/\/ultimato.com.br\/sites\/livres-tirania\/wp-json\/wp\/v2\/pages"}],"about":[{"href":"https:\/\/ultimato.com.br\/sites\/livres-tirania\/wp-json\/wp\/v2\/types\/page"}],"author":[{"embeddable":true,"href":"https:\/\/ultimato.com.br\/sites\/livres-tirania\/wp-json\/wp\/v2\/users\/8"}],"replies":[{"embeddable":true,"href":"https:\/\/ultimato.com.br\/sites\/livres-tirania\/wp-json\/wp\/v2\/comments?post=25"}],"version-history":[{"count":4,"href":"https:\/\/ultimato.com.br\/sites\/livres-tirania\/wp-json\/wp\/v2\/pages\/25\/revisions"}],"predecessor-version":[{"id":49,"href":"https:\/\/ultimato.com.br\/sites\/livres-tirania\/wp-json\/wp\/v2\/pages\/25\/revisions\/49"}],"up":[{"embeddable":true,"href":"https:\/\/ultimato.com.br\/sites\/livres-tirania\/wp-json\/wp\/v2\/pages\/17"}],"wp:attachment":[{"href":"https:\/\/ultimato.com.br\/sites\/livres-tirania\/wp-json\/wp\/v2\/media?parent=25"}],"curies":[{"name":"wp","href":"https:\/\/api.w.org\/{rel}","templated":true}]}}