{"id":17,"date":"2011-06-28T09:22:39","date_gmt":"2011-06-28T12:22:39","guid":{"rendered":"http:\/\/ultimato.com.br\/sites\/livres-tirania\/?page_id=17"},"modified":"2011-06-28T09:45:39","modified_gmt":"2011-06-28T12:45:39","slug":"extras","status":"publish","type":"page","link":"https:\/\/ultimato.com.br\/sites\/livres-tirania\/extras\/","title":{"rendered":"Extras"},"content":{"rendered":"<p>&#8211; Leia um trecho do livro. Clique <a title=\"Leia um trecho do livro\" href=\"http:\/\/ultimato.com.br\/sites\/livres-tirania\/leia-um-trecho\/\">aqui<\/a>.<\/p>\n<p>&#8211; Papel de parede. Clique <a title=\"Papel de parede\" href=\"http:\/\/ultimato.com.br\/sites\/livres-tirania\/extras\/papel-de-parede\/\">aqui<\/a>.<\/p>\n<p>&#8211; Divulgue a ideia &#8211; banners Livres da Tirania da Urg\u00eancia. Clique <a title=\"Divulgue a ideia\" href=\"http:\/\/ultimato.com.br\/sites\/livres-tirania\/extras\/divulgue-a-ideia\/\">aqui<\/a>.<\/p>\n<p>&#8211; Identificando prioridades &#8211; Tabela para ajudar a identificar o que \u00e9 importante e o que \u00e9 urgente. Clique <a title=\"Identificando prioridades\" href=\"http:\/\/ultimato.com.br\/sites\/livres-tirania\/identificando-prioridades-material-extra\">aqui<\/a>.<\/p>\n","protected":false},"excerpt":{"rendered":"<p>&#8211; Leia um trecho do livro. Clique aqui. &#8211; Papel de parede. Clique aqui. &#8211; Divulgue a ideia &#8211; banners Livres da Tirania da Urg\u00eancia. Clique aqui. &#8211; Identificando prioridades &#8211; Tabela para ajudar a identificar o que \u00e9 importante e o que \u00e9 urgente. Clique aqui.<\/p>\n","protected":false},"author":8,"featured_media":0,"parent":0,"menu_order":4,"comment_status":"open","ping_status":"open","template":"","meta":{"footnotes":""},"class_list":["post-17","page","type-page","status-publish","hentry"],"_links":{"self":[{"href":"https:\/\/ultimato.com.br\/sites\/livres-tirania\/wp-json\/wp\/v2\/pages\/17","targetHints":{"allow":["GET"]}}],"collection":[{"href":"https:\/\/ultimato.com.br\/sites\/livres-tirania\/wp-json\/wp\/v2\/pages"}],"about":[{"href":"https:\/\/ultimato.com.br\/sites\/livres-tirania\/wp-json\/wp\/v2\/types\/page"}],"author":[{"embeddable":true,"href":"https:\/\/ultimato.com.br\/sites\/livres-tirania\/wp-json\/wp\/v2\/users\/8"}],"replies":[{"embeddable":true,"href":"https:\/\/ultimato.com.br\/sites\/livres-tirania\/wp-json\/wp\/v2\/comments?post=17"}],"version-history":[{"count":4,"href":"https:\/\/ultimato.com.br\/sites\/livres-tirania\/wp-json\/wp\/v2\/pages\/17\/revisions"}],"predecessor-version":[{"id":20,"href":"https:\/\/ultimato.com.br\/sites\/livres-tirania\/wp-json\/wp\/v2\/pages\/17\/revisions\/20"}],"wp:attachment":[{"href":"https:\/\/ultimato.com.br\/sites\/livres-tirania\/wp-json\/wp\/v2\/media?parent=17"}],"curies":[{"name":"wp","href":"https:\/\/api.w.org\/{rel}","templated":true}]}}