{"id":15,"date":"2011-06-28T09:18:22","date_gmt":"2011-06-28T12:18:22","guid":{"rendered":"http:\/\/ultimato.com.br\/sites\/livres-tirania\/?page_id=15"},"modified":"2011-07-07T15:05:22","modified_gmt":"2011-07-07T18:05:22","slug":"o-que-disseram","status":"publish","type":"page","link":"https:\/\/ultimato.com.br\/sites\/livres-tirania\/o-que-disseram\/","title":{"rendered":"O que disseram"},"content":{"rendered":"<blockquote><p>O tempo n\u00e3o perdoa aqueles que sacrificam o \u201dimportante\u201d no altar do \u201durgente\u201d. Antes que seja tarde demais, livre-se da tirania da urg\u00eancia. Charles E. Hummel explica como. Que voc\u00ea tenha uma calma, tranquila e boa leitura.<\/p><\/blockquote>\n<p style=\"text-align: right;\"><em>Marcelo Gualberto<\/em>, diretor executivo nacional da Mocidade para Cristo<\/p>\n<blockquote><p>Um livro profundo, pr\u00e1tico e atual, que oferece sugest\u00f5es para lidarmos com uma das piores armadilhas do s\u00e9culo 21: a pressa. Somos bombardeados diariamente por milhares de mensagens que solicitam nossa aten\u00e7\u00e3o. Como o tempo \u00e9 o \u00fanico recurso inteiramente socializado (todos t\u00eam as mesmas 24 horas por dia), a grande diferen\u00e7a entre as pessoas \u00e9 como utilizam este recurso escasso e precioso. Charles Hummel nos recomenda criar barreiras protetoras, qual margem de um rio, a fim de atingirmos os nossos objetivos. Considero particularmente essencial o cap\u00edtulo sobre \u201dA arte de dizer n\u00e3o\u201d, para quem pretenda livrar-se da tirania da urg\u00eancia.<\/p><\/blockquote>\n<p style=\"text-align: right;\"><em>Am\u00e9rico Marques Ferreira<\/em>, soci\u00f3logo e assistente social, com MBA Executivo pela AMANA, s\u00f3cio-consultor da AMF PARCERIA, coaching, mudan\u00e7a organizacional e desenvolvimento de equipes <em>(team building)<\/em><\/p>\n<blockquote><p>Numa gera\u00e7\u00e3o em que o \u201durgente\u201d impera sobre o \u201dimportante\u201d, o resultado s\u00e3o jovens que vivem sob a press\u00e3o de fazerem o maior n\u00famero de coisas \u201drelevantes\u201d no menor tempo poss\u00edvel. O problema \u00e9 que o conceito de relev\u00e2ncia est\u00e1 distorcido para &#8220;aquilo que pode me tornar importante&#8221;, em lugar &#8220;daquilo que devo fazer para gerar sentido e significado para al\u00e9m de mim\u201d. <strong>Livres da Tirania da Urg\u00eancia<\/strong> nos devolve o senso daquilo que de fato \u00e9 importante, colocando o urgente em seu lugar. Ensina-nos a dar valor ao bem mais precioso (por\u00e9m esgot\u00e1vel) que temos, o tempo.<\/p><\/blockquote>\n<p style=\"text-align: right;\"><em>Fabr\u00edcio Cunha<\/em>, pastor de juventude na Igreja Batista de \u00c1gua Branca, em S\u00e3o Paulo<\/p>\n<blockquote><p><strong>Livres da Tirania da Urg\u00eancia<\/strong> \u00e9 um livro pr\u00e1tico. Especialmente o sistema dos \u201dquatro passos&#8221;, acrescido de roteiros e planilhas, \u00e9 uma verdadeira ferramenta para a utiliza\u00e7\u00e3o s\u00e1bia e inteligente do tempo que nos \u00e9 concedido por Deus.<\/p><\/blockquote>\n<p style=\"text-align: right;\"><em>Gilberto Garcia<\/em>, advogado, mestre em direito<\/p>\n<blockquote><p><strong>Livres da Tirania da Urg\u00eancia<\/strong> demonstra, sob o prisma da sabedoria b\u00edblica, como ser mais produtivo.<\/p><\/blockquote>\n<p style=\"text-align: right;\"><em>Carlos Ribeiro<\/em>, consultor de gest\u00e3o empresarial e pastor em S\u00e3o Paulo<\/p>\n<blockquote><p>Mais que um manual de administra\u00e7\u00e3o do tempo, este livro \u00e9 uma ferramenta para definirmos nossas prioridades \u2014 as prioridades do reino de Deus \u2014 e tornarmos nossa agenda uma aliada, e n\u00e3o fonte de estresse.<\/p><\/blockquote>\n<p style=\"text-align: right;\"><em>Roberto Takasu<\/em>, membro da Igreja Holliness em Santo Andr\u00e9, S\u00e3o Paulo<\/p>\n<blockquote><p>Em tempos de acelera\u00e7\u00e3o, tendemos a pensar na f\u00f3rmula de velocidade e adapta\u00e7\u00f5es atuais. Este livro nos ajuda a refletir, de forma simples \u2014 mas sem simplismos \u2014, sobre quest\u00f5es essenciais.<\/p><\/blockquote>\n<p style=\"text-align: right;\"><em>Tais Machado<\/em>, psic\u00f3loga cl\u00ednica e escritora<\/p>\n<blockquote><p>Charles Hummel relaciona a quest\u00e3o do tempo com as nossas convic\u00e7\u00f5es pessoais e mostra, de forma brilhante, como equacionar a \u201dconstante tens\u00e3o entre o urgente e o importante\u201d. Comece com a prioridade certa: leia este livro!<\/p><\/blockquote>\n<p style=\"text-align: right;\"><em>T\u00e1cito L. Maranh\u00e3o Pinto<\/em>, consultor de empresas e professor nos programas de p\u00f3s-gradua\u00e7\u00e3o da FAAP e FIAP, em S\u00e3o Paulo<\/p>\n<blockquote><p>Este livro \u00e9 muito bom, principalmente para a cultura brasileira evang\u00e9lica, onde ativismo e r\u00e1pidos frutos num\u00e9ricos s\u00e3o sin\u00f4nimos de espiritualidade. Torna-se primordial aprender a estabelecer prioridades, segundo a vontade do Pai para nossas vidas. Contudo, isso s\u00f3 ser\u00e1 poss\u00edvel discernindo a diferen\u00e7a entre o urgente e o importante, assim como dizendo n\u00e3o para aquilo que n\u00e3o \u00e9 prioridade: O livro: <em>Livres da Tirania do Urg\u00eancia<\/em>, ajudar\u00e1 o leitor a fazer esse discernimento e estabelecer prioridades, sem perder sociabilidade, lazer, vida familiar.<\/p><\/blockquote>\n<p style=\"text-align: right;\"><em>Silas Tostes<\/em>, presidente da AMTB (Associa\u00e7\u00e3o de Miss\u00f5es Transculturais Brasileiras) e diretor da Miss\u00e3o Antioquia<\/p>\n<blockquote><p>Li o livro de uma vez s\u00f3, bom tamanho de letra e diagrama\u00e7\u00e3o, tornando f\u00e1cil e gostoso, at\u00e9 pra quem n\u00e3o tem tempo de ler&#8230; Sobre o conte\u00fado gostei das propostas pr\u00e1ticas, salvando o leitor das conceitua\u00e7\u00f5es e as aplicando de fato. Os resgates de teor ao final dos cap\u00edtulos tamb\u00e9m ajudam neste sentido.<\/p><\/blockquote>\n<p style=\"text-align: right;\"><em>Ren\u00e9 Milazzo<\/em>, consultor<\/p>\n<blockquote>\n<p style=\"text-align: left;\">Creio que o relan\u00e7amento deste livro ser\u00e1 de grande valor para os seus leitores, pois vivemos num mundo com muitas atividades sem definirmos quais s\u00e3o as prioridades e as import\u00e2ncias de cada tarefa. H\u00fcmmel tr\u00e1s um auxilio em seu livro que ajudar\u00e1 voc\u00ea a se programar para servir melhor ao reino de Deus dentro dos objetivos que Deus determinou para n\u00f3s. Ver\u00e1 mecanismos que dar\u00e1 um norte para sua falta de tempo para servir melhor ao Senhor.<\/p>\n<\/blockquote>\n<p style=\"text-align: right;\">Paulo R\u00f3s, pastor da Igreja Batista Marincek, Professor e diretor do Semin\u00e1rio Batista do Nordeste Paulista(SEBANOP)<\/p>\n<blockquote>\n<p style=\"text-align: left;\">A leitura deste livro pode ser libertadora. Afinal, a agenda, ou melhor, a vida \u00e9 uma s\u00f3 e vale a pena ser bem vivida.<\/p>\n<\/blockquote>\n<p style=\"text-align: right;\"><em>Rodolfo Montosa<\/em>, pastor da Primeira Igreja Presbiteriana Independente de Londrina e fundador do Instituto Jetro, que visa contribuir com as igrejas nas \u00e1reas de gest\u00e3o ministerial e lideran\u00e7a crist\u00e3<\/p>\n<blockquote><p>Pra mensurar o tempo, instrumentos de precis\u00e3o.<\/p>\n<p>Mas controlar o tempo, quanta pretens\u00e3o&#8230;<\/p>\n<p>Administrar bem o tempo, santa obriga\u00e7\u00e3o.<\/p>\n<p>Viver sem tempo pra nada, falta prioriza\u00e7\u00e3o.<\/p>\n<p>Achar tempo certo pra tudo, milenar sabedoria.<\/p>\n<p>H\u00fcmmel combina sabedoria com metodologia,<\/p>\n<p>ensina ortopraxia pra livrar a gente<\/p>\n<p>da tirania do urgente.<\/p><\/blockquote>\n<p style=\"text-align: right;\"><em>Oseas Heckert<\/em>, consultor<\/p>\n","protected":false},"excerpt":{"rendered":"<p>O tempo n\u00e3o perdoa aqueles que sacrificam o \u201dimportante\u201d no altar do \u201durgente\u201d. Antes que seja tarde demais, livre-se da tirania da urg\u00eancia. Charles E. Hummel explica como. Que voc\u00ea tenha uma calma, tranquila e boa leitura. Marcelo Gualberto, diretor executivo nacional da Mocidade para Cristo Um livro profundo, pr\u00e1tico e atual, que oferece sugest\u00f5es [&hellip;]<\/p>\n","protected":false},"author":8,"featured_media":0,"parent":0,"menu_order":3,"comment_status":"open","ping_status":"open","template":"","meta":{"footnotes":""},"class_list":["post-15","page","type-page","status-publish","hentry"],"_links":{"self":[{"href":"https:\/\/ultimato.com.br\/sites\/livres-tirania\/wp-json\/wp\/v2\/pages\/15","targetHints":{"allow":["GET"]}}],"collection":[{"href":"https:\/\/ultimato.com.br\/sites\/livres-tirania\/wp-json\/wp\/v2\/pages"}],"about":[{"href":"https:\/\/ultimato.com.br\/sites\/livres-tirania\/wp-json\/wp\/v2\/types\/page"}],"author":[{"embeddable":true,"href":"https:\/\/ultimato.com.br\/sites\/livres-tirania\/wp-json\/wp\/v2\/users\/8"}],"replies":[{"embeddable":true,"href":"https:\/\/ultimato.com.br\/sites\/livres-tirania\/wp-json\/wp\/v2\/comments?post=15"}],"version-history":[{"count":5,"href":"https:\/\/ultimato.com.br\/sites\/livres-tirania\/wp-json\/wp\/v2\/pages\/15\/revisions"}],"predecessor-version":[{"id":51,"href":"https:\/\/ultimato.com.br\/sites\/livres-tirania\/wp-json\/wp\/v2\/pages\/15\/revisions\/51"}],"wp:attachment":[{"href":"https:\/\/ultimato.com.br\/sites\/livres-tirania\/wp-json\/wp\/v2\/media?parent=15"}],"curies":[{"name":"wp","href":"https:\/\/api.w.org\/{rel}","templated":true}]}}