{"id":12,"date":"2011-06-28T09:12:37","date_gmt":"2011-06-28T12:12:37","guid":{"rendered":"http:\/\/ultimato.com.br\/sites\/livres-tirania\/?page_id=12"},"modified":"2011-06-28T11:55:44","modified_gmt":"2011-06-28T14:55:44","slug":"o-autor","status":"publish","type":"page","link":"https:\/\/ultimato.com.br\/sites\/livres-tirania\/o-autor\/","title":{"rendered":"O autor"},"content":{"rendered":"<p><strong><a href=\"http:\/\/ultimato.com.br\/sites\/livres-tirania\/files\/2011\/06\/84.jpg\" class=\"lightview\" data-lightview-group=\"group-12\" data-lightview-options=\"skin: 'dark', controls: 'relative', padding: '10', shadow: { color: '#000000', opacity: 0.08, blur: 3 }\" data-lightview-title=\"84\"><img loading=\"lazy\" decoding=\"async\" class=\"alignleft size-full wp-image-38\" title=\"84\" src=\"http:\/\/ultimato.com.br\/sites\/livres-tirania\/files\/2011\/06\/84.jpg\" alt=\"\" width=\"126\" height=\"160\" \/><\/a><\/strong><strong>Charles E. Hummel<\/strong> foi diretor executivo da InterVarsity Christian Fellowship e presidente doBarrington College (Rhode Island). \u00c9 autor de v\u00e1rios livros e guias de estudos b\u00edblicos.<\/p>\n","protected":false},"excerpt":{"rendered":"<p>Charles E. Hummel foi diretor executivo da InterVarsity Christian Fellowship e presidente doBarrington College (Rhode Island). \u00c9 autor de v\u00e1rios livros e guias de estudos b\u00edblicos.<\/p>\n","protected":false},"author":8,"featured_media":0,"parent":0,"menu_order":2,"comment_status":"open","ping_status":"open","template":"","meta":{"footnotes":""},"class_list":["post-12","page","type-page","status-publish","hentry"],"_links":{"self":[{"href":"https:\/\/ultimato.com.br\/sites\/livres-tirania\/wp-json\/wp\/v2\/pages\/12","targetHints":{"allow":["GET"]}}],"collection":[{"href":"https:\/\/ultimato.com.br\/sites\/livres-tirania\/wp-json\/wp\/v2\/pages"}],"about":[{"href":"https:\/\/ultimato.com.br\/sites\/livres-tirania\/wp-json\/wp\/v2\/types\/page"}],"author":[{"embeddable":true,"href":"https:\/\/ultimato.com.br\/sites\/livres-tirania\/wp-json\/wp\/v2\/users\/8"}],"replies":[{"embeddable":true,"href":"https:\/\/ultimato.com.br\/sites\/livres-tirania\/wp-json\/wp\/v2\/comments?post=12"}],"version-history":[{"count":4,"href":"https:\/\/ultimato.com.br\/sites\/livres-tirania\/wp-json\/wp\/v2\/pages\/12\/revisions"}],"predecessor-version":[{"id":37,"href":"https:\/\/ultimato.com.br\/sites\/livres-tirania\/wp-json\/wp\/v2\/pages\/12\/revisions\/37"}],"wp:attachment":[{"href":"https:\/\/ultimato.com.br\/sites\/livres-tirania\/wp-json\/wp\/v2\/media?parent=12"}],"curies":[{"name":"wp","href":"https:\/\/api.w.org\/{rel}","templated":true}]}}