{"id":10,"date":"2011-06-28T09:12:24","date_gmt":"2011-06-28T12:12:24","guid":{"rendered":"http:\/\/ultimato.com.br\/sites\/livres-tirania\/?page_id=10"},"modified":"2011-07-18T11:59:06","modified_gmt":"2011-07-18T14:59:06","slug":"o-livro","status":"publish","type":"page","link":"https:\/\/ultimato.com.br\/sites\/livres-tirania\/","title":{"rendered":"O livro"},"content":{"rendered":"<p>Voc\u00ea j\u00e1 desejou um dia com trinta horas?<br \/>\nSabe fazer diferen\u00e7a entre o que \u00e9 urgente e o que \u00e9 importante? Mais: qual dos dois fazer primeiro?<br \/>\nSe voc\u00ea tem muita coisa para fazer, mas n\u00e3o tem tempo, este livro \u00e9 para voc\u00ea.<\/p>\n<p>***<\/p>\n<p>Uma das caracter\u00edsticas da vida moderna \u00e9 o lamento: \u201cSe eu tivesse tempo&#8230;\u201d<br \/>\nEm <strong>Livres da Tirania da Urg\u00eancia<\/strong>, Charles Hummel utiliza as ferramentas da administra\u00e7\u00e3o, da gest\u00e3o de rotinas e tamb\u00e9m o conte\u00fado b\u00edblico para ajudar o leitor a fazer as melhores escolhas, construir melhor o seu dia e fazer da agenda e do planejamento aliados.<br \/>\nDescubra como:<\/p>\n<p style=\"padding-left: 30px;\">&#8211; Transformar o calend\u00e1rio e o rel\u00f3gio em amigos<br \/>\n&#8211; Gerenciar sua vida e n\u00e3o seu tempo<br \/>\n&#8211; Estar aberto \u00e0 orienta\u00e7\u00e3o de Deus nas pequenas escolhas<br \/>\n&#8211; Evitar ser sugado por tarefas inacabadas<br \/>\n&#8211; Desenvolver um \u201ctempo \u00edntimo\u201d para reflex\u00e3o e planejamento<br \/>\n&#8211; Discernir o que Deus quer que voc\u00ea fa\u00e7a<\/p>\n<p><strong>Livres da Tirania da Urg\u00eancia<\/strong> apresenta uma abordagem ampliada e atual do cl\u00e1ssico livreto <em>A Tirania do Urgente<\/em> \u2014 com mais de um milh\u00e3o de exemplares vendidos \u2014, e mostra o ensinamento b\u00edblico sobre a administra\u00e7\u00e3o do tempo, com ilustra\u00e7\u00f5es e dicas pr\u00e1ticas sobre como fazer diferen\u00e7a entre tentar administrar o \u201ctempo\u201d e administrar a \u201cvida\u201d.<\/p>\n","protected":false},"excerpt":{"rendered":"<p>Voc\u00ea j\u00e1 desejou um dia com trinta horas? Sabe fazer diferen\u00e7a entre o que \u00e9 urgente e o que \u00e9 importante? Mais: qual dos dois fazer primeiro? Se voc\u00ea tem muita coisa para fazer, mas n\u00e3o tem tempo, este livro \u00e9 para voc\u00ea. *** Uma das caracter\u00edsticas da vida moderna \u00e9 o lamento: \u201cSe eu [&hellip;]<\/p>\n","protected":false},"author":8,"featured_media":0,"parent":0,"menu_order":1,"comment_status":"open","ping_status":"open","template":"","meta":{"footnotes":""},"class_list":["post-10","page","type-page","status-publish","hentry"],"_links":{"self":[{"href":"https:\/\/ultimato.com.br\/sites\/livres-tirania\/wp-json\/wp\/v2\/pages\/10","targetHints":{"allow":["GET"]}}],"collection":[{"href":"https:\/\/ultimato.com.br\/sites\/livres-tirania\/wp-json\/wp\/v2\/pages"}],"about":[{"href":"https:\/\/ultimato.com.br\/sites\/livres-tirania\/wp-json\/wp\/v2\/types\/page"}],"author":[{"embeddable":true,"href":"https:\/\/ultimato.com.br\/sites\/livres-tirania\/wp-json\/wp\/v2\/users\/8"}],"replies":[{"embeddable":true,"href":"https:\/\/ultimato.com.br\/sites\/livres-tirania\/wp-json\/wp\/v2\/comments?post=10"}],"version-history":[{"count":6,"href":"https:\/\/ultimato.com.br\/sites\/livres-tirania\/wp-json\/wp\/v2\/pages\/10\/revisions"}],"predecessor-version":[{"id":35,"href":"https:\/\/ultimato.com.br\/sites\/livres-tirania\/wp-json\/wp\/v2\/pages\/10\/revisions\/35"}],"wp:attachment":[{"href":"https:\/\/ultimato.com.br\/sites\/livres-tirania\/wp-json\/wp\/v2\/media?parent=10"}],"curies":[{"name":"wp","href":"https:\/\/api.w.org\/{rel}","templated":true}]}}