{"id":6,"date":"2018-04-25T08:46:04","date_gmt":"2018-04-25T11:46:04","guid":{"rendered":"http:\/\/ultimato.com.br\/sites\/lendo-sermao-monte\/?page_id=6"},"modified":"2018-07-16T11:05:52","modified_gmt":"2018-07-16T14:05:52","slug":"o-livro","status":"publish","type":"page","link":"https:\/\/ultimato.com.br\/sites\/lendo-sermao-monte\/","title":{"rendered":"O Livro"},"content":{"rendered":"<blockquote><p><span style=\"color: #000000;\">A s\u00e9rie&nbsp;<strong>\u201cLendo a B\u00edblia com John Stott\u201d&nbsp;<\/strong>apresenta, em por\u00e7\u00f5es menores e passagens espec\u00edficas das Escrituras, o melhor da conhecida s\u00e9rie \u201c<a style=\"color: #000000;\" href=\"http:\/\/www.ultimato.com.br\/loja\/catalogo\/assunto\/serie-a-biblia-fala-hoje\" target=\"_blank\" rel=\"noopener\">A B\u00edblia Fala Hoje<\/a>\u201d, publicada pela ABU Editora.&nbsp;<\/span><br \/>\n&nbsp;<br \/>\n<span style=\"color: #000000;\">O formato adequado tamb\u00e9m \u00e0 leitura di\u00e1ria, bem como o guia de estudo ao final de cada cap\u00edtulo tornam a leitura pr\u00e1tica e agrad\u00e1vel, tanto para uso individual como para estudo em grupo.<\/span><\/p><\/blockquote>\n<p><strong><a href=\"http:\/\/www.ultimato.com.br\/loja\/produtos\/lendo-o-sermao-do-monte-com-john-stott\" target=\"_blank\" rel=\"noopener\">Lendo o Serm\u00e3o do Monte com John Stott<\/a>&nbsp;<\/strong>\u00e9 o primeiro volume da s\u00e9rie <a href=\"http:\/\/www.ultimato.com.br\/loja\/catalogo\/assunto\/serie-lendo-a-biblia-com-john-stott\" target=\"_blank\" rel=\"noopener\">Lendo a B\u00edblia com John Stott<\/a> e oferece a riqueza de um dos trechos cl\u00e1ssicos da B\u00edblia \u2013 o Serm\u00e3o do Monte, tamb\u00e9m conhecido como a contracultura crist\u00e3.<\/p>\n<p>John Stott enfatiza a ess\u00eancia, o significado e a aplica\u00e7\u00e3o do texto b\u00edblico e evita detalhes t\u00e9cnicos e acad\u00eamicos. De maneira pr\u00e1tica e f\u00e1cil de ler, o livro apresenta os valores, \u00e1 \u00e9tica e o aspecto atemporal das palavras de Jesus.<\/p>\n<p><strong>Lendo o Serm\u00e3o do Monte com John Stott<\/strong>&nbsp;pode tamb\u00e9m ser usado como leitura di\u00e1ria. Ao final de cada cap\u00edtulo, o leitor encontra orienta\u00e7\u00f5es para l\u00edderes, al\u00e9m de um guia de estudo para uso individual ou em grupo.<\/p>\n<p>&nbsp;<\/p>\n","protected":false},"excerpt":{"rendered":"<p>A s\u00e9rie&nbsp;\u201cLendo a B\u00edblia com John Stott\u201d&nbsp;apresenta, em por\u00e7\u00f5es menores e passagens espec\u00edficas das Escrituras, o melhor da conhecida s\u00e9rie \u201cA B\u00edblia Fala Hoje\u201d, publicada pela ABU Editora.&nbsp; &nbsp; O formato adequado tamb\u00e9m \u00e0 leitura di\u00e1ria, bem como o guia de estudo ao final de cada cap\u00edtulo tornam a leitura pr\u00e1tica e agrad\u00e1vel, tanto para [&hellip;]<\/p>\n","protected":false},"author":24,"featured_media":0,"parent":0,"menu_order":1,"comment_status":"closed","ping_status":"closed","template":"","meta":{"ngg_post_thumbnail":0,"footnotes":""},"class_list":["post-6","page","type-page","status-publish","hentry"],"_links":{"self":[{"href":"https:\/\/ultimato.com.br\/sites\/lendo-sermao-monte\/wp-json\/wp\/v2\/pages\/6","targetHints":{"allow":["GET"]}}],"collection":[{"href":"https:\/\/ultimato.com.br\/sites\/lendo-sermao-monte\/wp-json\/wp\/v2\/pages"}],"about":[{"href":"https:\/\/ultimato.com.br\/sites\/lendo-sermao-monte\/wp-json\/wp\/v2\/types\/page"}],"author":[{"embeddable":true,"href":"https:\/\/ultimato.com.br\/sites\/lendo-sermao-monte\/wp-json\/wp\/v2\/users\/24"}],"replies":[{"embeddable":true,"href":"https:\/\/ultimato.com.br\/sites\/lendo-sermao-monte\/wp-json\/wp\/v2\/comments?post=6"}],"version-history":[{"count":7,"href":"https:\/\/ultimato.com.br\/sites\/lendo-sermao-monte\/wp-json\/wp\/v2\/pages\/6\/revisions"}],"predecessor-version":[{"id":105,"href":"https:\/\/ultimato.com.br\/sites\/lendo-sermao-monte\/wp-json\/wp\/v2\/pages\/6\/revisions\/105"}],"wp:attachment":[{"href":"https:\/\/ultimato.com.br\/sites\/lendo-sermao-monte\/wp-json\/wp\/v2\/media?parent=6"}],"curies":[{"name":"wp","href":"https:\/\/api.w.org\/{rel}","templated":true}]}}