{"id":10,"date":"2018-04-25T08:46:39","date_gmt":"2018-04-25T11:46:39","guid":{"rendered":"http:\/\/ultimato.com.br\/sites\/lendo-sermao-monte\/?page_id=10"},"modified":"2018-04-25T10:00:44","modified_gmt":"2018-04-25T13:00:44","slug":"o-autor","status":"publish","type":"page","link":"https:\/\/ultimato.com.br\/sites\/lendo-sermao-monte\/o-autor\/","title":{"rendered":"O Autor"},"content":{"rendered":"<p><img loading=\"lazy\" decoding=\"async\" class=\"alignleft wp-image-31\" src=\"http:\/\/ultimato.com.br\/sites\/lendo-sermao-monte\/files\/johnstott.jpg\" alt=\"\" width=\"200\" height=\"204\" srcset=\"https:\/\/ultimato.com.br\/sites\/lendo-sermao-monte\/files\/johnstott.jpg 400w, https:\/\/ultimato.com.br\/sites\/lendo-sermao-monte\/files\/johnstott-295x300.jpg 295w\" sizes=\"auto, (max-width: 200px) 100vw, 200px\" \/><\/p>\n<p>&nbsp;<\/p>\n<p>Conhecido no mundo inteiro como te\u00f3logo, escritor e evangelista, <strong>John Stott<\/strong> \u00e9 autor de mais de quarenta livros, traduzido em dezenas de idiomas, incluindo&nbsp;<a href=\"http:\/\/www.ultimato.com.br\/loja\/produtos\/a-biblia-toda-o-ano-todo\">A B\u00edblia Toda, o Ano Todo<\/a>,&nbsp;<a href=\"http:\/\/www.ultimato.com.br\/loja\/produtos\/por-que-sou-cristao\">Por Que Sou Crist\u00e3o<\/a>,&nbsp;<a href=\"http:\/\/www.ultimato.com.br\/loja\/produtos\/cristianismo-basico\">Cristianismo B\u00e1sico<\/a>,&nbsp;<a href=\"http:\/\/www.ultimato.com.br\/loja\/produtos\/os-cristaos-e-os-desafios-contemporaneos\">Os Crist\u00e3os e os Desafios Contempor\u00e2neos<\/a>,&nbsp;<a href=\"http:\/\/www.ultimato.com.br\/loja\/produtos\/para-entender-a-biblia\">Para Entender a B\u00edblia<\/a>,&nbsp;<a href=\"http:\/\/www.ultimato.com.br\/loja\/produtos\/as-controversias-de-jesus\">As Controv\u00e9rsias de Jesus<\/a>,&nbsp;<a href=\"http:\/\/www.ultimato.com.br\/loja\/produtos\/como-ser-cristao\">Como Ser Crist\u00e3o<\/a>,&nbsp;<a href=\"http:\/\/www.ultimato.com.br\/loja\/produtos\/desafios-da-lideranca-crista\">Desafios da Lideran\u00e7a Crist\u00e3<\/a>,&nbsp;<a href=\"http:\/\/www.ultimato.com.br\/loja\/produtos\/cristianismo-equilibrado\">Cristianismo Equilibrado<\/a>&nbsp;e&nbsp;<a href=\"http:\/\/www.ultimato.com.br\/loja\/produtos\/o-discipulo-radical\">O Disc\u00edpulo Radical<\/a>. Stott foi pastor em\u00e9rito da All Souls Church, em Londres, e fundador do London Institute for Contemporary Christianity. Foi indicado pela revista Time como uma das cem personalidades mais influentes do mundo.<\/p>\n","protected":false},"excerpt":{"rendered":"<p>&nbsp; Conhecido no mundo inteiro como te\u00f3logo, escritor e evangelista, John Stott \u00e9 autor de mais de quarenta livros, traduzido em dezenas de idiomas, incluindo&nbsp;A B\u00edblia Toda, o Ano Todo,&nbsp;Por Que Sou Crist\u00e3o,&nbsp;Cristianismo B\u00e1sico,&nbsp;Os Crist\u00e3os e os Desafios Contempor\u00e2neos,&nbsp;Para Entender a B\u00edblia,&nbsp;As Controv\u00e9rsias de Jesus,&nbsp;Como Ser Crist\u00e3o,&nbsp;Desafios da Lideran\u00e7a Crist\u00e3,&nbsp;Cristianismo Equilibrado&nbsp;e&nbsp;O Disc\u00edpulo Radical. Stott foi [&hellip;]<\/p>\n","protected":false},"author":24,"featured_media":0,"parent":0,"menu_order":2,"comment_status":"closed","ping_status":"closed","template":"","meta":{"ngg_post_thumbnail":0,"footnotes":""},"class_list":["post-10","page","type-page","status-publish","hentry"],"_links":{"self":[{"href":"https:\/\/ultimato.com.br\/sites\/lendo-sermao-monte\/wp-json\/wp\/v2\/pages\/10","targetHints":{"allow":["GET"]}}],"collection":[{"href":"https:\/\/ultimato.com.br\/sites\/lendo-sermao-monte\/wp-json\/wp\/v2\/pages"}],"about":[{"href":"https:\/\/ultimato.com.br\/sites\/lendo-sermao-monte\/wp-json\/wp\/v2\/types\/page"}],"author":[{"embeddable":true,"href":"https:\/\/ultimato.com.br\/sites\/lendo-sermao-monte\/wp-json\/wp\/v2\/users\/24"}],"replies":[{"embeddable":true,"href":"https:\/\/ultimato.com.br\/sites\/lendo-sermao-monte\/wp-json\/wp\/v2\/comments?post=10"}],"version-history":[{"count":4,"href":"https:\/\/ultimato.com.br\/sites\/lendo-sermao-monte\/wp-json\/wp\/v2\/pages\/10\/revisions"}],"predecessor-version":[{"id":62,"href":"https:\/\/ultimato.com.br\/sites\/lendo-sermao-monte\/wp-json\/wp\/v2\/pages\/10\/revisions\/62"}],"wp:attachment":[{"href":"https:\/\/ultimato.com.br\/sites\/lendo-sermao-monte\/wp-json\/wp\/v2\/media?parent=10"}],"curies":[{"name":"wp","href":"https:\/\/api.w.org\/{rel}","templated":true}]}}