{"id":14,"date":"2018-07-11T11:13:33","date_gmt":"2018-07-11T14:13:33","guid":{"rendered":"http:\/\/ultimato.com.br\/sites\/lendo-romanos-com-john-stott\/?page_id=14"},"modified":"2018-07-11T11:52:14","modified_gmt":"2018-07-11T14:52:14","slug":"o-que-disseram","status":"publish","type":"page","link":"https:\/\/ultimato.com.br\/sites\/lendo-romanos-com-john-stott\/o-que-disseram\/","title":{"rendered":"O que disseram"},"content":{"rendered":"<blockquote><p><span style=\"color: #333333;\"><em>Ningu\u00e9m que conhe\u00e7o amou, ensinou e viveu a B\u00edblia mais do que John Stott. Ele citava com frequ\u00eancia o coment\u00e1rio de Spurgeon de que devemos procurar que nosso pr\u00f3prio sangue se torne \u2018b\u00edblico\u2019; de que devemos mergulhar t\u00e3o seriamente na Escritura a fim de conhec\u00ea-la e viv\u00ea-la.<\/em><\/span><br \/>\n<span style=\"color: #333333;\">\u2013 <strong>Mark Labberton<\/strong>, Semin\u00e1rio Teol\u00f3gico Fuller<\/span><\/p><\/blockquote>\n<blockquote><p><em><br \/>\n<span style=\"color: #333333;\">Nada teria sido mais importante para John Stott do que colocar as palavras do t\u00edtulo na ordem correta: estamos lendo a B\u00edblia com John Stott, n\u00e3o apenas suas palavras sobre a B\u00edblia. Ali\u00e1s, o seu maior presente foi ajudar as pessoas a verem e ouvirem claramente o que a pr\u00f3pria B\u00edblia diz e, assim, desafiar-nos a responder a ela. A s\u00e9rie \u201cLendo a B\u00edblia com John Stott\u201d apresenta aos novos leitores n\u00e3o apenas as riquezas de sua exposi\u00e7\u00e3o b\u00edblica, mas certamente tamb\u00e9m as riquezas da Palavra de Deus que eles ainda n\u00e3o conhecem.<\/span><\/em><br \/>\n<span style=\"color: #333333;\">\u2013 <strong>Christopher J. H. Wright<\/strong><\/span><\/p><\/blockquote>\n<blockquote><p><span style=\"color: #333333;\"><em>Mais do que qualquer outro autor, John Stott nos convida a ouvir duas vezes: primeiro, a Palavra de Deus; e, depois, o mundo, que Deus ama. Tudo isso para que apliquemos as verdades b\u00edblicas ao contexto em que vivemos. Para nos ajudar, ele explica a B\u00edblia com clareza, compaix\u00e3o e humildade. Seus textos impelem-nos na dire\u00e7\u00e3o de Jesus e da miss\u00e3o de Deus no mundo.<\/em><\/span><br \/>\n<span style=\"color: #333333;\">\u2014 <strong>Greg Jao<\/strong>, InterVarsity Christian Fellowship<\/span><\/p><\/blockquote>\n","protected":false},"excerpt":{"rendered":"<p>Ningu\u00e9m que conhe\u00e7o amou, ensinou e viveu a B\u00edblia mais do que John Stott. Ele citava com frequ\u00eancia o coment\u00e1rio de Spurgeon de que devemos procurar que nosso pr\u00f3prio sangue se torne \u2018b\u00edblico\u2019; de que devemos mergulhar t\u00e3o seriamente na Escritura a fim de conhec\u00ea-la e viv\u00ea-la. \u2013 Mark Labberton, Semin\u00e1rio Teol\u00f3gico Fuller Nada teria [&hellip;]<\/p>\n","protected":false},"author":24,"featured_media":0,"parent":0,"menu_order":3,"comment_status":"closed","ping_status":"closed","template":"","meta":{"ngg_post_thumbnail":0,"footnotes":""},"class_list":["post-14","page","type-page","status-publish","hentry"],"_links":{"self":[{"href":"https:\/\/ultimato.com.br\/sites\/lendo-romanos-com-john-stott\/wp-json\/wp\/v2\/pages\/14","targetHints":{"allow":["GET"]}}],"collection":[{"href":"https:\/\/ultimato.com.br\/sites\/lendo-romanos-com-john-stott\/wp-json\/wp\/v2\/pages"}],"about":[{"href":"https:\/\/ultimato.com.br\/sites\/lendo-romanos-com-john-stott\/wp-json\/wp\/v2\/types\/page"}],"author":[{"embeddable":true,"href":"https:\/\/ultimato.com.br\/sites\/lendo-romanos-com-john-stott\/wp-json\/wp\/v2\/users\/24"}],"replies":[{"embeddable":true,"href":"https:\/\/ultimato.com.br\/sites\/lendo-romanos-com-john-stott\/wp-json\/wp\/v2\/comments?post=14"}],"version-history":[{"count":4,"href":"https:\/\/ultimato.com.br\/sites\/lendo-romanos-com-john-stott\/wp-json\/wp\/v2\/pages\/14\/revisions"}],"predecessor-version":[{"id":39,"href":"https:\/\/ultimato.com.br\/sites\/lendo-romanos-com-john-stott\/wp-json\/wp\/v2\/pages\/14\/revisions\/39"}],"wp:attachment":[{"href":"https:\/\/ultimato.com.br\/sites\/lendo-romanos-com-john-stott\/wp-json\/wp\/v2\/media?parent=14"}],"curies":[{"name":"wp","href":"https:\/\/api.w.org\/{rel}","templated":true}]}}