{"id":10,"date":"2018-07-11T11:12:33","date_gmt":"2018-07-11T14:12:33","guid":{"rendered":"http:\/\/ultimato.com.br\/sites\/lendo-romanos-com-john-stott\/?page_id=10"},"modified":"2018-07-16T11:03:03","modified_gmt":"2018-07-16T14:03:03","slug":"os-livros","status":"publish","type":"page","link":"https:\/\/ultimato.com.br\/sites\/lendo-romanos-com-john-stott\/","title":{"rendered":"Os Livros"},"content":{"rendered":"<blockquote><p><span style=\"color: #333333;\"><em>N\u00e3o conhe\u00e7o ningu\u00e9m que tenha sido mais feliz em apresentar a vis\u00e3o b\u00edblica para tantas pessoas do que John Stott.<\/em><em><br \/>\n<\/em><em>\u2013 Billy Graham<\/em><\/span><\/p><\/blockquote>\n<p>A carta de Paulo aos <strong>Romanos<\/strong> \u00e9 um livro essencial para se entender o evangelho. Paulo se dirigia aos seus contempor\u00e2neos, a todas as pessoas de todas as idades. Ele fala de evangelismo e de sexualidade; da queda e da soberania de Deus; das rela\u00e7\u00f5es entre Igreja e Estado e de santidade; de discipulado e tamb\u00e9m de como lidar com as diferen\u00e7as de opini\u00e3o dentro da comunidade crist\u00e3.<strong>&nbsp;<\/strong><\/p>\n<p><strong>Lendo Romanos com John Stott,<\/strong> volumes 1 e 2, fazem parte da s\u00e9rie Lendo a B\u00edblia com John Stott, um lan\u00e7amento da Editora Ultimato em 2018. Os dois volumes da s\u00e9rie oferecem ao leitor a ess\u00eancia, o significado e a aplica\u00e7\u00e3o do texto b\u00edblico.<\/p>\n<p>Os cap\u00edtulos 1 a 8 do livro de Romanos s\u00e3o apresentados em <a href=\"http:\/\/www.ultimato.com.br\/loja\/produtos\/lendo-romanos-com-john-stott-vol-1\" target=\"_blank\" rel=\"noopener\"><strong>Lendo Romanos com John Stott (vol. 1)<\/strong><\/a>; e, os cap\u00edtulos 9 a 16, s\u00e3o apresentados em <a href=\"http:\/\/www.ultimato.com.br\/loja\/produtos\/lendo-romanos-com-john-stott-vol-2\" target=\"_blank\" rel=\"noopener\"><strong>Lendo Romanos com John Stott (vol. 2)<\/strong><\/a>.<\/p>\n<p>A s\u00e9rie <a href=\"http:\/\/www.ultimato.com.br\/loja\/catalogo\/assunto\/serie-lendo-a-biblia-com-john-stott\" target=\"_blank\" rel=\"noopener\">Lendo a B\u00edblia com John Stott<\/a> evita detalhes t\u00e9cnicos e acad\u00eamicos, e tamb\u00e9m pode tamb\u00e9m ser usado como leitura di\u00e1ria. Ao final de cada cap\u00edtulo, o leitor encontra orienta\u00e7\u00f5es para l\u00edderes, al\u00e9m de um guia de estudo para uso individual ou em grupo.<\/p>\n","protected":false},"excerpt":{"rendered":"<p>N\u00e3o conhe\u00e7o ningu\u00e9m que tenha sido mais feliz em apresentar a vis\u00e3o b\u00edblica para tantas pessoas do que John Stott. \u2013 Billy Graham A carta de Paulo aos Romanos \u00e9 um livro essencial para se entender o evangelho. Paulo se dirigia aos seus contempor\u00e2neos, a todas as pessoas de todas as idades. Ele fala de [&hellip;]<\/p>\n","protected":false},"author":24,"featured_media":0,"parent":0,"menu_order":0,"comment_status":"closed","ping_status":"closed","template":"","meta":{"ngg_post_thumbnail":0,"footnotes":""},"class_list":["post-10","page","type-page","status-publish","hentry"],"_links":{"self":[{"href":"https:\/\/ultimato.com.br\/sites\/lendo-romanos-com-john-stott\/wp-json\/wp\/v2\/pages\/10","targetHints":{"allow":["GET"]}}],"collection":[{"href":"https:\/\/ultimato.com.br\/sites\/lendo-romanos-com-john-stott\/wp-json\/wp\/v2\/pages"}],"about":[{"href":"https:\/\/ultimato.com.br\/sites\/lendo-romanos-com-john-stott\/wp-json\/wp\/v2\/types\/page"}],"author":[{"embeddable":true,"href":"https:\/\/ultimato.com.br\/sites\/lendo-romanos-com-john-stott\/wp-json\/wp\/v2\/users\/24"}],"replies":[{"embeddable":true,"href":"https:\/\/ultimato.com.br\/sites\/lendo-romanos-com-john-stott\/wp-json\/wp\/v2\/comments?post=10"}],"version-history":[{"count":8,"href":"https:\/\/ultimato.com.br\/sites\/lendo-romanos-com-john-stott\/wp-json\/wp\/v2\/pages\/10\/revisions"}],"predecessor-version":[{"id":87,"href":"https:\/\/ultimato.com.br\/sites\/lendo-romanos-com-john-stott\/wp-json\/wp\/v2\/pages\/10\/revisions\/87"}],"wp:attachment":[{"href":"https:\/\/ultimato.com.br\/sites\/lendo-romanos-com-john-stott\/wp-json\/wp\/v2\/media?parent=10"}],"curies":[{"name":"wp","href":"https:\/\/api.w.org\/{rel}","templated":true}]}}