{"id":9,"date":"2015-12-03T04:09:28","date_gmt":"2015-12-03T04:09:28","guid":{"rendered":"http:\/\/ultimato.com.br\/sites\/lendo-os-salmos\/?page_id=9"},"modified":"2015-12-10T09:40:05","modified_gmt":"2015-12-10T09:40:05","slug":"o-autor","status":"publish","type":"page","link":"https:\/\/ultimato.com.br\/sites\/lendo-os-salmos\/o-autor\/","title":{"rendered":"O Autor"},"content":{"rendered":"<p><strong><a href=\"http:\/\/ultimato.com.br\/sites\/lendo-os-salmos\/files\/2015\/12\/foto_autr_los.jpg\"><img loading=\"lazy\" decoding=\"async\" class=\"alignleft size-thumbnail wp-image-26\" src=\"http:\/\/ultimato.com.br\/sites\/lendo-os-salmos\/files\/2015\/12\/foto_autr_los-150x150.jpg\" alt=\"foto_autr_los\" width=\"150\" height=\"150\" \/><\/a>C. S. Lewis<\/strong> (1898-1963) foi um dos gigantes intelectuais do s\u00e9culo 20 e, quem sabe, o mais influente escritor crist\u00e3o de sua \u00e9poca. Foi professor de literatura inglesa da Universidade de Oxford at\u00e9 1954, quando foi eleito, por unanimidade, para ocupar a cadeira de ingl\u00eas medieval e renascentista da Universidade de Cambridge, cargo que ocupou at\u00e9 se aposentar. Suas valiosas contribui\u00e7\u00f5es nos campos da cr\u00edtica liter\u00e1ria, literatura infantil, literatura fant\u00e1stica e teologia popular lhe tornaram aclamado e reconhecido no mundo inteiro. Escreveu mais de trinta livros, que continuam a atrair milhares de novos leitores todos os anos. Entre as suas obras mais conhecidas e apreciadas est\u00e3o a s\u00e9rie\u00a0<em>As Cr\u00f4nicas de N\u00e1rnia<\/em>,\u00a0<em>Os Quatro Amores<\/em>, <em>Cristianismo Puro e Simples, <a href=\"http:\/\/www.ultimato.com.br\/loja\/produtos\/um-ano-com-c-s-lewis\" target=\"_blank\">Um Ano com C. S. Lewis<\/a> <\/em>e<em> <a href=\"http:\/\/www.ultimato.com.br\/loja\/produtos\/surpreendido-pela-alegria\" target=\"_blank\">Surpreendido pela Alegria<\/a>, <\/em>estas duas publicadas pela Editora Ultimato.<\/p>\n","protected":false},"excerpt":{"rendered":"<p>C. S. Lewis (1898-1963) foi um dos gigantes intelectuais do s\u00e9culo 20 e, quem sabe, o mais influente escritor crist\u00e3o de sua \u00e9poca. Foi professor de literatura inglesa da Universidade de Oxford at\u00e9 1954, quando foi eleito, por unanimidade, para ocupar a cadeira de ingl\u00eas medieval e renascentista da Universidade de Cambridge, cargo que ocupou [&hellip;]<\/p>\n","protected":false},"author":24,"featured_media":0,"parent":0,"menu_order":3,"comment_status":"closed","ping_status":"closed","template":"","meta":{"footnotes":""},"class_list":["post-9","page","type-page","status-publish","hentry"],"_links":{"self":[{"href":"https:\/\/ultimato.com.br\/sites\/lendo-os-salmos\/wp-json\/wp\/v2\/pages\/9","targetHints":{"allow":["GET"]}}],"collection":[{"href":"https:\/\/ultimato.com.br\/sites\/lendo-os-salmos\/wp-json\/wp\/v2\/pages"}],"about":[{"href":"https:\/\/ultimato.com.br\/sites\/lendo-os-salmos\/wp-json\/wp\/v2\/types\/page"}],"author":[{"embeddable":true,"href":"https:\/\/ultimato.com.br\/sites\/lendo-os-salmos\/wp-json\/wp\/v2\/users\/24"}],"replies":[{"embeddable":true,"href":"https:\/\/ultimato.com.br\/sites\/lendo-os-salmos\/wp-json\/wp\/v2\/comments?post=9"}],"version-history":[{"count":4,"href":"https:\/\/ultimato.com.br\/sites\/lendo-os-salmos\/wp-json\/wp\/v2\/pages\/9\/revisions"}],"predecessor-version":[{"id":40,"href":"https:\/\/ultimato.com.br\/sites\/lendo-os-salmos\/wp-json\/wp\/v2\/pages\/9\/revisions\/40"}],"wp:attachment":[{"href":"https:\/\/ultimato.com.br\/sites\/lendo-os-salmos\/wp-json\/wp\/v2\/media?parent=9"}],"curies":[{"name":"wp","href":"https:\/\/api.w.org\/{rel}","templated":true}]}}