{"id":17,"date":"2015-12-03T04:10:16","date_gmt":"2015-12-03T04:10:16","guid":{"rendered":"http:\/\/ultimato.com.br\/sites\/lendo-os-salmos\/?page_id=17"},"modified":"2015-12-03T04:18:12","modified_gmt":"2015-12-03T04:18:12","slug":"release","status":"publish","type":"page","link":"https:\/\/ultimato.com.br\/sites\/lendo-os-salmos\/extras\/release\/","title":{"rendered":"Release"},"content":{"rendered":"<p>Aqui est\u00e1 o\u00a0<em>press-release<\/em>\u00a0do livro <strong>Lendo os Salmos<\/strong>\u00a0para voc\u00ea divulgar no seu site, blog, jornal ou outro meio de comunica\u00e7\u00e3o do seu acesso. Ajude-nos a espalhar este conte\u00fado<\/p>\n<p>\u2013 Arquivo em\u00a0<a href=\"http:\/\/ultimato.com.br\/sites\/lendo-os-salmos\/files\/2015\/12\/12-Release_Lendo_Salmos_Dez_2015.pdf\" target=\"_blank\">PDF<\/a>.<\/p>\n","protected":false},"excerpt":{"rendered":"<p>Aqui est\u00e1 o\u00a0press-release\u00a0do livro Lendo os Salmos\u00a0para voc\u00ea divulgar no seu site, blog, jornal ou outro meio de comunica\u00e7\u00e3o do seu acesso. Ajude-nos a espalhar este conte\u00fado \u2013 Arquivo em\u00a0PDF.<\/p>\n","protected":false},"author":24,"featured_media":0,"parent":11,"menu_order":3,"comment_status":"closed","ping_status":"closed","template":"","meta":{"footnotes":""},"class_list":["post-17","page","type-page","status-publish","hentry"],"_links":{"self":[{"href":"https:\/\/ultimato.com.br\/sites\/lendo-os-salmos\/wp-json\/wp\/v2\/pages\/17","targetHints":{"allow":["GET"]}}],"collection":[{"href":"https:\/\/ultimato.com.br\/sites\/lendo-os-salmos\/wp-json\/wp\/v2\/pages"}],"about":[{"href":"https:\/\/ultimato.com.br\/sites\/lendo-os-salmos\/wp-json\/wp\/v2\/types\/page"}],"author":[{"embeddable":true,"href":"https:\/\/ultimato.com.br\/sites\/lendo-os-salmos\/wp-json\/wp\/v2\/users\/24"}],"replies":[{"embeddable":true,"href":"https:\/\/ultimato.com.br\/sites\/lendo-os-salmos\/wp-json\/wp\/v2\/comments?post=17"}],"version-history":[{"count":2,"href":"https:\/\/ultimato.com.br\/sites\/lendo-os-salmos\/wp-json\/wp\/v2\/pages\/17\/revisions"}],"predecessor-version":[{"id":35,"href":"https:\/\/ultimato.com.br\/sites\/lendo-os-salmos\/wp-json\/wp\/v2\/pages\/17\/revisions\/35"}],"up":[{"embeddable":true,"href":"https:\/\/ultimato.com.br\/sites\/lendo-os-salmos\/wp-json\/wp\/v2\/pages\/11"}],"wp:attachment":[{"href":"https:\/\/ultimato.com.br\/sites\/lendo-os-salmos\/wp-json\/wp\/v2\/media?parent=17"}],"curies":[{"name":"wp","href":"https:\/\/api.w.org\/{rel}","templated":true}]}}