{"id":97,"date":"2016-10-26T10:56:32","date_gmt":"2016-10-26T12:56:32","guid":{"rendered":"http:\/\/ultimato.com.br\/sites\/leituras-diarias-cronicas-narnia\/?page_id=97"},"modified":"2016-10-26T10:56:32","modified_gmt":"2016-10-26T12:56:32","slug":"bottons","status":"publish","type":"page","link":"https:\/\/ultimato.com.br\/sites\/leituras-diarias-cronicas-narnia\/bottons\/","title":{"rendered":"Bottons"},"content":{"rendered":"<p>Para levar com voc\u00ea.<br \/>\nColecione os bottons exclusivos inspirados no livro <strong>Leituras Di\u00e1rias das Cr\u00f4nicas de N\u00e1rnia<\/strong>!<\/p>\n<p><img loading=\"lazy\" decoding=\"async\" class=\"size-medium wp-image-98 alignnone\" src=\"http:\/\/ultimato.com.br\/sites\/leituras-diarias-cronicas-narnia\/files\/2016\/10\/Captura-de-Tela-2016-10-25-a\u0300s-10.54.38.png\" alt=\"Bottons\" width=\"600\" height=\"294\" srcset=\"https:\/\/ultimato.com.br\/sites\/leituras-diarias-cronicas-narnia\/files\/2016\/10\/Captura-de-Tela-2016-10-25-a\u0300s-10.54.38.png 1327w, https:\/\/ultimato.com.br\/sites\/leituras-diarias-cronicas-narnia\/files\/2016\/10\/Captura-de-Tela-2016-10-25-a\u0300s-10.54.38-300x147.png 300w, https:\/\/ultimato.com.br\/sites\/leituras-diarias-cronicas-narnia\/files\/2016\/10\/Captura-de-Tela-2016-10-25-a\u0300s-10.54.38-768x376.png 768w, https:\/\/ultimato.com.br\/sites\/leituras-diarias-cronicas-narnia\/files\/2016\/10\/Captura-de-Tela-2016-10-25-a\u0300s-10.54.38-1024x502.png 1024w\" sizes=\"auto, (max-width: 600px) 100vw, 600px\" \/><\/p>\n<p>\u2022 <a href=\"http:\/\/www.ultimato.com.br\/loja\/produtos\/botton-narnia\">Botton N\u00e1rnia<\/a><br \/>\n\u2022 <a href=\"http:\/\/www.ultimato.com.br\/loja\/produtos\/botton-rugido\">Botton Rugido<\/a><br \/>\n\u2022 <a href=\"http:\/\/www.ultimato.com.br\/loja\/produtos\/botton-luz\">Botton Luz<\/a><br \/>\n\u2022 <a href=\"http:\/\/www.ultimato.com.br\/loja\/produtos\/botton-aslam\">Botton Aslam<\/a><\/p>\n<p>\u2022 <a href=\"http:\/\/www.ultimato.com.br\/loja\/produtos\/colecao-bottons-leituras-diarias-das-cronicas-de-narnia\">Cole\u00e7\u00e3o completa<\/a><\/p>\n","protected":false},"excerpt":{"rendered":"<p>Para levar com voc\u00ea. Colecione os bottons exclusivos inspirados no livro Leituras Di\u00e1rias das Cr\u00f4nicas de N\u00e1rnia! \u2022 Botton N\u00e1rnia \u2022 Botton Rugido \u2022 Botton Luz \u2022 Botton Aslam \u2022 Cole\u00e7\u00e3o completa<\/p>\n","protected":false},"author":24,"featured_media":0,"parent":0,"menu_order":5,"comment_status":"closed","ping_status":"closed","template":"","meta":{"ngg_post_thumbnail":0,"footnotes":""},"class_list":["post-97","page","type-page","status-publish","hentry"],"_links":{"self":[{"href":"https:\/\/ultimato.com.br\/sites\/leituras-diarias-cronicas-narnia\/wp-json\/wp\/v2\/pages\/97","targetHints":{"allow":["GET"]}}],"collection":[{"href":"https:\/\/ultimato.com.br\/sites\/leituras-diarias-cronicas-narnia\/wp-json\/wp\/v2\/pages"}],"about":[{"href":"https:\/\/ultimato.com.br\/sites\/leituras-diarias-cronicas-narnia\/wp-json\/wp\/v2\/types\/page"}],"author":[{"embeddable":true,"href":"https:\/\/ultimato.com.br\/sites\/leituras-diarias-cronicas-narnia\/wp-json\/wp\/v2\/users\/24"}],"replies":[{"embeddable":true,"href":"https:\/\/ultimato.com.br\/sites\/leituras-diarias-cronicas-narnia\/wp-json\/wp\/v2\/comments?post=97"}],"version-history":[{"count":1,"href":"https:\/\/ultimato.com.br\/sites\/leituras-diarias-cronicas-narnia\/wp-json\/wp\/v2\/pages\/97\/revisions"}],"predecessor-version":[{"id":99,"href":"https:\/\/ultimato.com.br\/sites\/leituras-diarias-cronicas-narnia\/wp-json\/wp\/v2\/pages\/97\/revisions\/99"}],"wp:attachment":[{"href":"https:\/\/ultimato.com.br\/sites\/leituras-diarias-cronicas-narnia\/wp-json\/wp\/v2\/media?parent=97"}],"curies":[{"name":"wp","href":"https:\/\/api.w.org\/{rel}","templated":true}]}}