{"id":95,"date":"2016-10-20T11:10:07","date_gmt":"2016-10-20T13:10:07","guid":{"rendered":"http:\/\/ultimato.com.br\/sites\/leituras-diarias-cronicas-narnia\/?page_id=95"},"modified":"2016-10-20T11:10:07","modified_gmt":"2016-10-20T13:10:07","slug":"ilustracoes-para-colorir","status":"publish","type":"page","link":"https:\/\/ultimato.com.br\/sites\/leituras-diarias-cronicas-narnia\/extras\/ilustracoes-para-colorir\/","title":{"rendered":"Ilustra\u00e7\u00f5es para colorir"},"content":{"rendered":"<p>Baixe ilustra\u00e7\u00f5es para colorir <a href=\"http:\/\/www.ultimato.com.br\/loja\/produtos\/para-colorir-ebook\">aqui<\/a>.<\/p>\n","protected":false},"excerpt":{"rendered":"<p>Baixe ilustra\u00e7\u00f5es para colorir aqui.<\/p>\n","protected":false},"author":24,"featured_media":0,"parent":9,"menu_order":4,"comment_status":"closed","ping_status":"closed","template":"","meta":{"ngg_post_thumbnail":0,"footnotes":""},"class_list":["post-95","page","type-page","status-publish","hentry"],"_links":{"self":[{"href":"https:\/\/ultimato.com.br\/sites\/leituras-diarias-cronicas-narnia\/wp-json\/wp\/v2\/pages\/95","targetHints":{"allow":["GET"]}}],"collection":[{"href":"https:\/\/ultimato.com.br\/sites\/leituras-diarias-cronicas-narnia\/wp-json\/wp\/v2\/pages"}],"about":[{"href":"https:\/\/ultimato.com.br\/sites\/leituras-diarias-cronicas-narnia\/wp-json\/wp\/v2\/types\/page"}],"author":[{"embeddable":true,"href":"https:\/\/ultimato.com.br\/sites\/leituras-diarias-cronicas-narnia\/wp-json\/wp\/v2\/users\/24"}],"replies":[{"embeddable":true,"href":"https:\/\/ultimato.com.br\/sites\/leituras-diarias-cronicas-narnia\/wp-json\/wp\/v2\/comments?post=95"}],"version-history":[{"count":1,"href":"https:\/\/ultimato.com.br\/sites\/leituras-diarias-cronicas-narnia\/wp-json\/wp\/v2\/pages\/95\/revisions"}],"predecessor-version":[{"id":96,"href":"https:\/\/ultimato.com.br\/sites\/leituras-diarias-cronicas-narnia\/wp-json\/wp\/v2\/pages\/95\/revisions\/96"}],"up":[{"embeddable":true,"href":"https:\/\/ultimato.com.br\/sites\/leituras-diarias-cronicas-narnia\/wp-json\/wp\/v2\/pages\/9"}],"wp:attachment":[{"href":"https:\/\/ultimato.com.br\/sites\/leituras-diarias-cronicas-narnia\/wp-json\/wp\/v2\/media?parent=95"}],"curies":[{"name":"wp","href":"https:\/\/api.w.org\/{rel}","templated":true}]}}