{"id":8,"date":"2016-09-27T22:42:31","date_gmt":"2016-09-28T01:42:31","guid":{"rendered":"http:\/\/ultimato.com.br\/sites\/leituras-diarias-cronicas-narnia\/?page_id=8"},"modified":"2016-10-03T09:43:25","modified_gmt":"2016-10-03T12:43:25","slug":"o-autor","status":"publish","type":"page","link":"https:\/\/ultimato.com.br\/sites\/leituras-diarias-cronicas-narnia\/o-autor\/","title":{"rendered":"O Autor"},"content":{"rendered":"<p><strong><img loading=\"lazy\" decoding=\"async\" class=\"alignleft size-thumbnail wp-image-32\" src=\"http:\/\/ultimato.com.br\/sites\/leituras-diarias-cronicas-narnia\/files\/2016\/09\/autor_ldcn_hs-150x150.jpg\" alt=\"autor_ldcn_hs\" width=\"150\" height=\"150\" \/>C. S. Lewis<\/strong> (1898-1963) foi um dos gigantes intelectuais do s\u00e9culo 20 e, talvez, o mais influente escritor crist\u00e3o de sua \u00e9poca. Foi professor de literatura inglesa na Universidade de Oxford at\u00e9 1954, quando foi eleito por unanimidade para ocupar a cadeira de ingl\u00eas medieval e renascentista na Universidade de Cambridge, cargo que ocupou at\u00e9 se aposentar. Suas valiosas contribui\u00e7\u00f5es nos campos da cr\u00edtica liter\u00e1ria, literatura infantil, literatura fant\u00e1stica e teologia popular lhe tornaram aclamado e reconhecido no mundo inteiro. Escreveu mais de trinta livros, que continuam a atrair milhares de novos leitores todos os anos. Entre as suas obras mais apreciadas est\u00e3o a s\u00e9rie\u00a0<em>As Cr\u00f4nicas de N\u00e1rnia<\/em>,\u00a0<em>Os Quatro Amores<\/em>, <em>Cristianismo Puro e Simples, <a href=\"http:\/\/www.ultimato.com.br\/loja\/produtos\/um-ano-com-c-s-lewis\">Um Ano com C. S. Lewis<\/a>, <a href=\"http:\/\/www.ultimato.com.br\/loja\/produtos\/surpreendido-pela-alegria\">Surpreendido pela Alegria <\/a><\/em>e <a href=\"http:\/\/www.ultimato.com.br\/loja\/produtos\/lendo-os-salmos\"><em>Lendo os Salmos<\/em><\/a>, estas tr\u00eas publicadas pela Editora Ultimato.<\/p>\n<p>&nbsp;<\/p>\n","protected":false},"excerpt":{"rendered":"<p>C. S. Lewis (1898-1963) foi um dos gigantes intelectuais do s\u00e9culo 20 e, talvez, o mais influente escritor crist\u00e3o de sua \u00e9poca. Foi professor de literatura inglesa na Universidade de Oxford at\u00e9 1954, quando foi eleito por unanimidade para ocupar a cadeira de ingl\u00eas medieval e renascentista na Universidade de Cambridge, cargo que ocupou at\u00e9 [&hellip;]<\/p>\n","protected":false},"author":24,"featured_media":0,"parent":0,"menu_order":3,"comment_status":"closed","ping_status":"closed","template":"","meta":{"ngg_post_thumbnail":0,"footnotes":""},"class_list":["post-8","page","type-page","status-publish","hentry"],"_links":{"self":[{"href":"https:\/\/ultimato.com.br\/sites\/leituras-diarias-cronicas-narnia\/wp-json\/wp\/v2\/pages\/8","targetHints":{"allow":["GET"]}}],"collection":[{"href":"https:\/\/ultimato.com.br\/sites\/leituras-diarias-cronicas-narnia\/wp-json\/wp\/v2\/pages"}],"about":[{"href":"https:\/\/ultimato.com.br\/sites\/leituras-diarias-cronicas-narnia\/wp-json\/wp\/v2\/types\/page"}],"author":[{"embeddable":true,"href":"https:\/\/ultimato.com.br\/sites\/leituras-diarias-cronicas-narnia\/wp-json\/wp\/v2\/users\/24"}],"replies":[{"embeddable":true,"href":"https:\/\/ultimato.com.br\/sites\/leituras-diarias-cronicas-narnia\/wp-json\/wp\/v2\/comments?post=8"}],"version-history":[{"count":4,"href":"https:\/\/ultimato.com.br\/sites\/leituras-diarias-cronicas-narnia\/wp-json\/wp\/v2\/pages\/8\/revisions"}],"predecessor-version":[{"id":48,"href":"https:\/\/ultimato.com.br\/sites\/leituras-diarias-cronicas-narnia\/wp-json\/wp\/v2\/pages\/8\/revisions\/48"}],"wp:attachment":[{"href":"https:\/\/ultimato.com.br\/sites\/leituras-diarias-cronicas-narnia\/wp-json\/wp\/v2\/media?parent=8"}],"curies":[{"name":"wp","href":"https:\/\/api.w.org\/{rel}","templated":true}]}}