{"id":7,"date":"2016-09-27T22:42:30","date_gmt":"2016-09-28T01:42:30","guid":{"rendered":"http:\/\/ultimato.com.br\/sites\/leituras-diarias-cronicas-narnia\/?page_id=7"},"modified":"2016-10-03T09:44:07","modified_gmt":"2016-10-03T12:44:07","slug":"o-que-disseram","status":"publish","type":"page","link":"https:\/\/ultimato.com.br\/sites\/leituras-diarias-cronicas-narnia\/o-que-disseram\/","title":{"rendered":"O que disseram"},"content":{"rendered":"<blockquote><p>H\u00e1 muitos anos li C. S. Lewis por puro prazer e consolo. Olhar novamente os seus livros \u00e9 renovar minha velha admira\u00e7\u00e3o.<\/p><\/blockquote>\n<p><em>\u2013 John Updike<\/em><\/p>\n<p>&nbsp;<\/p>\n<blockquote><p>C. S. Lewis combina a vis\u00e3o de um romancista com uma profunda compreens\u00e3o religiosa.<\/p><\/blockquote>\n<p><em>\u2013 The New York Times Book Review<\/em><\/p>\n","protected":false},"excerpt":{"rendered":"<p>H\u00e1 muitos anos li C. S. Lewis por puro prazer e consolo. Olhar novamente os seus livros \u00e9 renovar minha velha admira\u00e7\u00e3o. \u2013 John Updike &nbsp; C. S. Lewis combina a vis\u00e3o de um romancista com uma profunda compreens\u00e3o religiosa. \u2013 The New York Times Book Review<\/p>\n","protected":false},"author":24,"featured_media":0,"parent":0,"menu_order":2,"comment_status":"closed","ping_status":"closed","template":"","meta":{"ngg_post_thumbnail":0,"footnotes":""},"class_list":["post-7","page","type-page","status-publish","hentry"],"_links":{"self":[{"href":"https:\/\/ultimato.com.br\/sites\/leituras-diarias-cronicas-narnia\/wp-json\/wp\/v2\/pages\/7","targetHints":{"allow":["GET"]}}],"collection":[{"href":"https:\/\/ultimato.com.br\/sites\/leituras-diarias-cronicas-narnia\/wp-json\/wp\/v2\/pages"}],"about":[{"href":"https:\/\/ultimato.com.br\/sites\/leituras-diarias-cronicas-narnia\/wp-json\/wp\/v2\/types\/page"}],"author":[{"embeddable":true,"href":"https:\/\/ultimato.com.br\/sites\/leituras-diarias-cronicas-narnia\/wp-json\/wp\/v2\/users\/24"}],"replies":[{"embeddable":true,"href":"https:\/\/ultimato.com.br\/sites\/leituras-diarias-cronicas-narnia\/wp-json\/wp\/v2\/comments?post=7"}],"version-history":[{"count":4,"href":"https:\/\/ultimato.com.br\/sites\/leituras-diarias-cronicas-narnia\/wp-json\/wp\/v2\/pages\/7\/revisions"}],"predecessor-version":[{"id":49,"href":"https:\/\/ultimato.com.br\/sites\/leituras-diarias-cronicas-narnia\/wp-json\/wp\/v2\/pages\/7\/revisions\/49"}],"wp:attachment":[{"href":"https:\/\/ultimato.com.br\/sites\/leituras-diarias-cronicas-narnia\/wp-json\/wp\/v2\/media?parent=7"}],"curies":[{"name":"wp","href":"https:\/\/api.w.org\/{rel}","templated":true}]}}