{"id":19,"date":"2016-09-27T22:43:19","date_gmt":"2016-09-28T01:43:19","guid":{"rendered":"http:\/\/ultimato.com.br\/sites\/leituras-diarias-cronicas-narnia\/?page_id=19"},"modified":"2016-09-29T08:49:26","modified_gmt":"2016-09-29T11:49:26","slug":"release","status":"publish","type":"page","link":"https:\/\/ultimato.com.br\/sites\/leituras-diarias-cronicas-narnia\/extras\/release\/","title":{"rendered":"Release"},"content":{"rendered":"<p>Baixe <a href=\"http:\/\/ultimato.com.br\/sites\/leituras-diarias-cronicas-narnia\/files\/2016\/09\/14-Leitura_Diaria_Narnia_Out2016.pdf\">aqui<\/a>\u00a0e divulgue em seus canais de comunica\u00e7\u00e3o o release sobre \u201cLeituras Di\u00e1rias das Cr\u00f4nicas de N\u00e1rnia\u201d.<\/p>\n","protected":false},"excerpt":{"rendered":"<p>Baixe aqui\u00a0e divulgue em seus canais de comunica\u00e7\u00e3o o release sobre \u201cLeituras Di\u00e1rias das Cr\u00f4nicas de N\u00e1rnia\u201d.<\/p>\n","protected":false},"author":24,"featured_media":0,"parent":9,"menu_order":3,"comment_status":"closed","ping_status":"closed","template":"","meta":{"ngg_post_thumbnail":0,"footnotes":""},"class_list":["post-19","page","type-page","status-publish","hentry"],"_links":{"self":[{"href":"https:\/\/ultimato.com.br\/sites\/leituras-diarias-cronicas-narnia\/wp-json\/wp\/v2\/pages\/19","targetHints":{"allow":["GET"]}}],"collection":[{"href":"https:\/\/ultimato.com.br\/sites\/leituras-diarias-cronicas-narnia\/wp-json\/wp\/v2\/pages"}],"about":[{"href":"https:\/\/ultimato.com.br\/sites\/leituras-diarias-cronicas-narnia\/wp-json\/wp\/v2\/types\/page"}],"author":[{"embeddable":true,"href":"https:\/\/ultimato.com.br\/sites\/leituras-diarias-cronicas-narnia\/wp-json\/wp\/v2\/users\/24"}],"replies":[{"embeddable":true,"href":"https:\/\/ultimato.com.br\/sites\/leituras-diarias-cronicas-narnia\/wp-json\/wp\/v2\/comments?post=19"}],"version-history":[{"count":3,"href":"https:\/\/ultimato.com.br\/sites\/leituras-diarias-cronicas-narnia\/wp-json\/wp\/v2\/pages\/19\/revisions"}],"predecessor-version":[{"id":47,"href":"https:\/\/ultimato.com.br\/sites\/leituras-diarias-cronicas-narnia\/wp-json\/wp\/v2\/pages\/19\/revisions\/47"}],"up":[{"embeddable":true,"href":"https:\/\/ultimato.com.br\/sites\/leituras-diarias-cronicas-narnia\/wp-json\/wp\/v2\/pages\/9"}],"wp:attachment":[{"href":"https:\/\/ultimato.com.br\/sites\/leituras-diarias-cronicas-narnia\/wp-json\/wp\/v2\/media?parent=19"}],"curies":[{"name":"wp","href":"https:\/\/api.w.org\/{rel}","templated":true}]}}