{"id":779,"date":"2011-06-20T14:35:10","date_gmt":"2011-06-20T17:35:10","guid":{"rendered":"http:\/\/ultimato.com.br\/sites\/jovem\/"},"modified":"2015-02-02T09:35:41","modified_gmt":"2015-02-02T12:35:41","slug":"divulgue","status":"publish","type":"page","link":"https:\/\/ultimato.com.br\/sites\/jovem\/divulgue\/","title":{"rendered":"Divulgue"},"content":{"rendered":"<p>Ajude-nos a divulgar o blog Ultimato Jovem no seu site ou blog. Fa\u00e7a o download dos nossos banners.<\/p>\n<table border=\"0\" width=\"100%\" cellspacing=\"0\" cellpadding=\"0\">\n<tbody>\n<tr>\n<td style=\"text-align: center;\"><a href=\"http:\/\/www.editoraultimato.com.br\/ultimas\/images_2013\/banners\/bannerE_ultjovem.gif\" class=\"lightview\" data-lightview-group=\"group-779\" data-lightview-options=\"skin: 'dark', controls: 'relative', padding: '10', shadow: { color: '#000000', opacity: 0.08, blur: 3 }\" target=\"_blank\" data-lightview-title=\"Banner 1\"><img loading=\"lazy\" decoding=\"async\" class=\"alignnone size-thumbnail wp-image-120\" style=\"border: 0px initial initial;\" title=\"Banner 1\" src=\"http:\/\/www.editoraultimato.com.br\/ultimas\/images_2013\/banners\/bannerE_ultjovem.gif\" alt=\"\" width=\"120\" height=\"60\" \/><\/a><\/td>\n<\/tr>\n<tr>\n<td style=\"text-align: center;\"><a href=\"http:\/\/www.editoraultimato.com.br\/ultimas\/images_2013\/banners\/bannerE_ultjovem.gif\" class=\"lightview\" data-lightview-group=\"group-779\" data-lightview-options=\"skin: 'dark', controls: 'relative', padding: '10', shadow: { color: '#000000', opacity: 0.08, blur: 3 }\" target=\"_blank\">[120&#215;60]<\/a><\/td>\n<\/tr>\n<\/tbody>\n<\/table>\n<p style=\"padding-left: 30px;\"><em>C\u00f3digo de incorpora\u00e7\u00e3o: &lt;img style=&#8221;border: 0px initial initial;&#8221; title=&#8221;Banner Ultimato Jovem&#8221; src=&#8221;<a href=\"http:\/\/www.editoraultimato.com.br\/ultimas\/images_2013\/banners\/bannerE_ultjovem.gif\" class=\"lightview\" data-lightview-group=\"group-779\" data-lightview-options=\"skin: 'dark', controls: 'relative', padding: '10', shadow: { color: '#000000', opacity: 0.08, blur: 3 }\">http:\/\/www.editoraultimato.com.br\/ultimas\/images_2013\/banners\/bannerE_ultjovem.gif&#8221;<\/a>\u00a0alt=&#8221;&#8221; width=&#8221;120&#8243; height=&#8221;60&#8243; \/&gt;<\/em><\/p>\n<table border=\"0\" width=\"100%\" cellspacing=\"0\" cellpadding=\"0\">\n<tbody>\n<tr>\n<td style=\"text-align: center;\"><a href=\"http:\/\/www.editoraultimato.com.br\/ultimas\/banners\/banner_d_ultjovem_03.gif\" class=\"lightview\" data-lightview-group=\"group-779\" data-lightview-options=\"skin: 'dark', controls: 'relative', padding: '10', shadow: { color: '#000000', opacity: 0.08, blur: 3 }\" target=\"_blank\" data-lightview-title=\"Papel de parede 1\"><img loading=\"lazy\" decoding=\"async\" class=\"alignnone size-thumbnail wp-image-120\" style=\"border: 0px initial initial;\" title=\"Papel de parede 1\" src=\"http:\/\/www.editoraultimato.com.br\/ultimas\/banners\/banner_d_ultjovem_03.gif\" alt=\"\" width=\"120\" height=\"240\" \/><\/a><\/td>\n<\/tr>\n<tr>\n<td style=\"text-align: center;\"><a href=\"http:\/\/www.editoraultimato.com.br\/ultimas\/banners\/banner_d_ultjovem_03.gif\" class=\"lightview\" data-lightview-group=\"group-779\" data-lightview-options=\"skin: 'dark', controls: 'relative', padding: '10', shadow: { color: '#000000', opacity: 0.08, blur: 3 }\" target=\"_blank\">[120&#215;240]<\/a><\/td>\n<\/tr>\n<\/tbody>\n<\/table>\n<p style=\"padding-left: 30px;\"><em><em>C\u00f3digo de incorpora\u00e7\u00e3o: &lt;img style=&#8221;border: 0px initial initial;&#8221; title=&#8221;Ultimato Jovem&#8221; src=&#8221;http:\/\/www.editoraultimato.com.br\/ultimas\/banners\/banner_d_ultjovem_03.gif&#8221; alt=&#8221;&#8221; width=&#8221;120&#8243; height=&#8221;60&#8243; \/&gt;<\/em><\/em><\/p>\n","protected":false},"excerpt":{"rendered":"<p>Ajude-nos a divulgar o blog Ultimato Jovem no seu site ou blog. Fa\u00e7a o download dos nossos banners. [120&#215;60] C\u00f3digo de incorpora\u00e7\u00e3o: &lt;img style=&#8221;border: 0px initial initial;&#8221; title=&#8221;Banner Ultimato Jovem&#8221; src=&#8221;http:\/\/www.editoraultimato.com.br\/ultimas\/images_2013\/banners\/bannerE_ultjovem.gif&#8221;\u00a0alt=&#8221;&#8221; width=&#8221;120&#8243; height=&#8221;60&#8243; \/&gt; [120&#215;240] C\u00f3digo de incorpora\u00e7\u00e3o: &lt;img style=&#8221;border: 0px initial initial;&#8221; title=&#8221;Ultimato Jovem&#8221; src=&#8221;http:\/\/www.editoraultimato.com.br\/ultimas\/banners\/banner_d_ultjovem_03.gif&#8221; alt=&#8221;&#8221; width=&#8221;120&#8243; height=&#8221;60&#8243; \/&gt;<\/p>\n","protected":false},"author":8,"featured_media":0,"parent":0,"menu_order":0,"comment_status":"open","ping_status":"open","template":"","meta":{"ngg_post_thumbnail":0,"footnotes":""},"class_list":["post-779","page","type-page","status-publish","hentry"],"_links":{"self":[{"href":"https:\/\/ultimato.com.br\/sites\/jovem\/wp-json\/wp\/v2\/pages\/779","targetHints":{"allow":["GET"]}}],"collection":[{"href":"https:\/\/ultimato.com.br\/sites\/jovem\/wp-json\/wp\/v2\/pages"}],"about":[{"href":"https:\/\/ultimato.com.br\/sites\/jovem\/wp-json\/wp\/v2\/types\/page"}],"author":[{"embeddable":true,"href":"https:\/\/ultimato.com.br\/sites\/jovem\/wp-json\/wp\/v2\/users\/8"}],"replies":[{"embeddable":true,"href":"https:\/\/ultimato.com.br\/sites\/jovem\/wp-json\/wp\/v2\/comments?post=779"}],"version-history":[{"count":7,"href":"https:\/\/ultimato.com.br\/sites\/jovem\/wp-json\/wp\/v2\/pages\/779\/revisions"}],"predecessor-version":[{"id":3818,"href":"https:\/\/ultimato.com.br\/sites\/jovem\/wp-json\/wp\/v2\/pages\/779\/revisions\/3818"}],"wp:attachment":[{"href":"https:\/\/ultimato.com.br\/sites\/jovem\/wp-json\/wp\/v2\/media?parent=779"}],"curies":[{"name":"wp","href":"https:\/\/api.w.org\/{rel}","templated":true}]}}