{"id":2,"date":"2010-08-17T14:27:16","date_gmt":"2010-08-17T14:27:16","guid":{"rendered":"http:\/\/ultimato.com.br\/sites\/jovem\/?page_id=2"},"modified":"2010-09-29T09:17:43","modified_gmt":"2010-09-29T12:17:43","slug":"sobre-o-blog","status":"publish","type":"page","link":"https:\/\/ultimato.com.br\/sites\/jovem\/sobre-o-blog\/","title":{"rendered":"Sobre o blog"},"content":{"rendered":"<p>Ultimato Jovem \u00e9 um espa\u00e7o para publicarmos textos e outros trecos feitos por jovens, para jovens ou sobre jovens, tendo sempre em mente a intergeracionalidade. Assim, temos os textos publicados a cada edi\u00e7\u00e3o de Ultimato, na se\u00e7\u00e3o &#8220;Altos papos&#8221;, textos relacionados aos assuntos discutidos em &#8220;Altos papos&#8221;, chamados &#8220;Outros papos&#8221;, medita\u00e7\u00f5es b\u00edblicas (&#8220;Altas devocionais&#8221;), jovens falando sobre si mesmos em poucas palavras (&#8220;Bios&#8221;), eventos &#8220;jovens&#8221; (&#8220;Agenda&#8221;), al\u00e9m de Altas Indica\u00e7\u00f5es e trecos Multim\u00eddia.<\/p>\n","protected":false},"excerpt":{"rendered":"<p>Ultimato Jovem \u00e9 um espa\u00e7o para publicarmos textos e outros trecos feitos por jovens, para jovens ou sobre jovens, tendo sempre em mente a intergeracionalidade. Assim, temos os textos publicados a cada edi\u00e7\u00e3o de Ultimato, na se\u00e7\u00e3o &#8220;Altos papos&#8221;, textos relacionados aos assuntos discutidos em &#8220;Altos papos&#8221;, chamados &#8220;Outros papos&#8221;, medita\u00e7\u00f5es b\u00edblicas (&#8220;Altas devocionais&#8221;), jovens [&hellip;]<\/p>\n","protected":false},"author":19,"featured_media":0,"parent":0,"menu_order":0,"comment_status":"open","ping_status":"closed","template":"","meta":{"ngg_post_thumbnail":0,"footnotes":""},"class_list":["post-2","page","type-page","status-publish","hentry"],"_links":{"self":[{"href":"https:\/\/ultimato.com.br\/sites\/jovem\/wp-json\/wp\/v2\/pages\/2","targetHints":{"allow":["GET"]}}],"collection":[{"href":"https:\/\/ultimato.com.br\/sites\/jovem\/wp-json\/wp\/v2\/pages"}],"about":[{"href":"https:\/\/ultimato.com.br\/sites\/jovem\/wp-json\/wp\/v2\/types\/page"}],"author":[{"embeddable":true,"href":"https:\/\/ultimato.com.br\/sites\/jovem\/wp-json\/wp\/v2\/users\/19"}],"replies":[{"embeddable":true,"href":"https:\/\/ultimato.com.br\/sites\/jovem\/wp-json\/wp\/v2\/comments?post=2"}],"version-history":[{"count":5,"href":"https:\/\/ultimato.com.br\/sites\/jovem\/wp-json\/wp\/v2\/pages\/2\/revisions"}],"predecessor-version":[{"id":172,"href":"https:\/\/ultimato.com.br\/sites\/jovem\/wp-json\/wp\/v2\/pages\/2\/revisions\/172"}],"wp:attachment":[{"href":"https:\/\/ultimato.com.br\/sites\/jovem\/wp-json\/wp\/v2\/media?parent=2"}],"curies":[{"name":"wp","href":"https:\/\/api.w.org\/{rel}","templated":true}]}}