{"id":34,"date":"2012-07-20T09:07:19","date_gmt":"2012-07-20T12:07:19","guid":{"rendered":"http:\/\/ultimato.com.br\/sites\/john-stott\/?page_id=34"},"modified":"2012-07-26T10:24:52","modified_gmt":"2012-07-26T13:24:52","slug":"downloads","status":"publish","type":"page","link":"https:\/\/ultimato.com.br\/sites\/john-stott\/downloads\/","title":{"rendered":"Downloads"},"content":{"rendered":"<h2>Papeis de Parede<\/h2>\n<ul>\n<li>A B\u00edblia Toda, o Ano Todo (<a href=\"http:\/\/www.ultimato.com.br\/boletim\/legado_stott\/downloads\/papelparede\/wallpaperABTOAT.rar\" target=\"_blank\">zip<\/a>)<\/li>\n<li>Crer \u00e9 Tamb\u00e9m Pensar (<a href=\"http:\/\/www.ultimato.com.br\/boletim\/legado_stott\/downloads\/papelparede\/wallpaperCETP.rar\" target=\"_blank\">zip<\/a>)<\/li>\n<li>O Disc\u00edpulo Radical (<a href=\"http:\/\/www.ultimato.com.br\/boletim\/legado_stott\/downloads\/papelparede\/wallpaperODR.rar\" target=\"_blank\">zip<\/a>)<\/li>\n<li>O Disc\u00edpulo Radical Premium (<a href=\"http:\/\/www.ultimato.com.br\/boletim\/legado_stott\/downloads\/papelparede\/wallpaperODRP.rar\" target=\"_blank\">zip<\/a>)<\/li>\n<\/ul>\n<p>&nbsp;<\/p>\n<h2>Divulgue a ideia (banners)<\/h2>\n<ul>\n<li>A B\u00edblia Toda, o Ano Todo (<a href=\"http:\/\/www.ultimato.com.br\/boletim\/legado_stott\/downloads\/banners\/bannersABTOAT.rar\" target=\"_blank\">zip<\/a>)<\/li>\n<li>Crer \u00e9 Tamb\u00e9m Pensar (<a href=\"http:\/\/www.ultimato.com.br\/boletim\/legado_stott\/downloads\/banners\/bannerCETP.rar\" target=\"_blank\">zip<\/a>)<\/li>\n<li>O Disc\u00edpulo Radical (<a href=\"http:\/\/www.ultimato.com.br\/boletim\/legado_stott\/downloads\/banners\/bannerODR.rar\" target=\"_blank\">zip<\/a>)<\/li>\n<li>O Disc\u00edpulo Radical Premium (<a href=\"http:\/\/www.ultimato.com.br\/boletim\/legado_stott\/downloads\/banners\/bannerODRP.rar\" target=\"_blank\">zip<\/a>)<\/li>\n<\/ul>\n<p>&nbsp;<\/p>\n<h2>Leia um trecho<\/h2>\n<ul>\n<li>O Disc\u00edpulo Radical Premium (<a href=\"http:\/\/www.ultimato.com.br\/boletim\/legado_stott\/downloads\/trechos_livros\/trecho_odr.pdf\" target=\"_blank\">pdf<\/a>)<\/li>\n<\/ul>\n","protected":false},"excerpt":{"rendered":"<p>Papeis de Parede A B\u00edblia Toda, o Ano Todo (zip) Crer \u00e9 Tamb\u00e9m Pensar (zip) O Disc\u00edpulo Radical (zip) O Disc\u00edpulo Radical Premium (zip) &nbsp; Divulgue a ideia (banners) A B\u00edblia Toda, o Ano Todo (zip) Crer \u00e9 Tamb\u00e9m Pensar (zip) O Disc\u00edpulo Radical (zip) O Disc\u00edpulo Radical Premium (zip) &nbsp; Leia um trecho O [&hellip;]<\/p>\n","protected":false},"author":24,"featured_media":0,"parent":0,"menu_order":0,"comment_status":"open","ping_status":"open","template":"","meta":{"ngg_post_thumbnail":0,"footnotes":""},"class_list":["post-34","page","type-page","status-publish","hentry"],"_links":{"self":[{"href":"https:\/\/ultimato.com.br\/sites\/john-stott\/wp-json\/wp\/v2\/pages\/34","targetHints":{"allow":["GET"]}}],"collection":[{"href":"https:\/\/ultimato.com.br\/sites\/john-stott\/wp-json\/wp\/v2\/pages"}],"about":[{"href":"https:\/\/ultimato.com.br\/sites\/john-stott\/wp-json\/wp\/v2\/types\/page"}],"author":[{"embeddable":true,"href":"https:\/\/ultimato.com.br\/sites\/john-stott\/wp-json\/wp\/v2\/users\/24"}],"replies":[{"embeddable":true,"href":"https:\/\/ultimato.com.br\/sites\/john-stott\/wp-json\/wp\/v2\/comments?post=34"}],"version-history":[{"count":3,"href":"https:\/\/ultimato.com.br\/sites\/john-stott\/wp-json\/wp\/v2\/pages\/34\/revisions"}],"predecessor-version":[{"id":102,"href":"https:\/\/ultimato.com.br\/sites\/john-stott\/wp-json\/wp\/v2\/pages\/34\/revisions\/102"}],"wp:attachment":[{"href":"https:\/\/ultimato.com.br\/sites\/john-stott\/wp-json\/wp\/v2\/media?parent=34"}],"curies":[{"name":"wp","href":"https:\/\/api.w.org\/{rel}","templated":true}]}}