{"id":19,"date":"2012-07-20T09:03:47","date_gmt":"2012-07-20T12:03:47","guid":{"rendered":"http:\/\/ultimato.com.br\/sites\/john-stott\/?page_id=19"},"modified":"2012-07-26T11:19:17","modified_gmt":"2012-07-26T14:19:17","slug":"conte-a-sua-historia","status":"publish","type":"page","link":"https:\/\/ultimato.com.br\/sites\/john-stott\/conte-a-sua-historia\/","title":{"rendered":"Conte a sua hist\u00f3ria"},"content":{"rendered":"<p>Este \u00e9 um espa\u00e7o para voc\u00ea testemunhar. Contar de um livro ou uma mensagem escrita\/falada por John Stott que marcou sua vida, por seu conte\u00fado cristoc\u00eantrico. Use o espa\u00e7o de &#8220;coment\u00e1rios&#8221; e compartilhe. Outras pessoas podem ser edificadas tamb\u00e9m com a mensagem do evangelho.<\/p>\n<p>&nbsp;<\/p>\n<p><em>&gt;&gt; Se voc\u00ea tem algum texto, devocional ou reflex\u00e3o escrito com base em algum material desenvolvido por John Stott, envie para\u00a0<a href=\"mailto:ultimatoonline@ultimato.com.br\">ultimatoonline@ultimato.com.br<\/a>. Ser\u00e1 um prazer publicar na se\u00e7\u00e3o &#8220;<a href=\"http:\/\/ultimato.com.br\/sites\/john-stott\/category\/estudos-textos\/\">Estudos, textos<\/a>&#8221; o seu artigo.<\/em><\/p>\n","protected":false},"excerpt":{"rendered":"<p>Este \u00e9 um espa\u00e7o para voc\u00ea testemunhar. Contar de um livro ou uma mensagem escrita\/falada por John Stott que marcou sua vida, por seu conte\u00fado cristoc\u00eantrico. Use o espa\u00e7o de &#8220;coment\u00e1rios&#8221; e compartilhe. Outras pessoas podem ser edificadas tamb\u00e9m com a mensagem do evangelho. &nbsp; &gt;&gt; Se voc\u00ea tem algum texto, devocional ou reflex\u00e3o escrito [&hellip;]<\/p>\n","protected":false},"author":24,"featured_media":0,"parent":0,"menu_order":0,"comment_status":"open","ping_status":"open","template":"","meta":{"ngg_post_thumbnail":0,"footnotes":""},"class_list":["post-19","page","type-page","status-publish","hentry"],"_links":{"self":[{"href":"https:\/\/ultimato.com.br\/sites\/john-stott\/wp-json\/wp\/v2\/pages\/19","targetHints":{"allow":["GET"]}}],"collection":[{"href":"https:\/\/ultimato.com.br\/sites\/john-stott\/wp-json\/wp\/v2\/pages"}],"about":[{"href":"https:\/\/ultimato.com.br\/sites\/john-stott\/wp-json\/wp\/v2\/types\/page"}],"author":[{"embeddable":true,"href":"https:\/\/ultimato.com.br\/sites\/john-stott\/wp-json\/wp\/v2\/users\/24"}],"replies":[{"embeddable":true,"href":"https:\/\/ultimato.com.br\/sites\/john-stott\/wp-json\/wp\/v2\/comments?post=19"}],"version-history":[{"count":6,"href":"https:\/\/ultimato.com.br\/sites\/john-stott\/wp-json\/wp\/v2\/pages\/19\/revisions"}],"predecessor-version":[{"id":120,"href":"https:\/\/ultimato.com.br\/sites\/john-stott\/wp-json\/wp\/v2\/pages\/19\/revisions\/120"}],"wp:attachment":[{"href":"https:\/\/ultimato.com.br\/sites\/john-stott\/wp-json\/wp\/v2\/media?parent=19"}],"curies":[{"name":"wp","href":"https:\/\/api.w.org\/{rel}","templated":true}]}}