{"id":9,"date":"2018-08-08T11:07:34","date_gmt":"2018-08-08T14:07:34","guid":{"rendered":"http:\/\/ultimato.com.br\/sites\/igreja-missional\/?page_id=9"},"modified":"2018-08-09T08:57:32","modified_gmt":"2018-08-09T11:57:32","slug":"o-que-disseram","status":"publish","type":"page","link":"https:\/\/ultimato.com.br\/sites\/igreja-missional\/o-que-disseram\/","title":{"rendered":"O que disseram"},"content":{"rendered":"<blockquote><p><span style=\"color: #333333;\">Com alegria recomendo <strong>O Que \u00e9 Igreja Missional<\/strong> como refer\u00eancia para todos os que desejam pensar a presen\u00e7a e a\u00e7\u00e3o da igreja na sociedade.<\/span><br \/>\n&nbsp;<br \/>\n<span style=\"color: #333333;\"><em>\u2013 Ed Ren\u00e9 Kivitz<\/em><\/span><\/p><\/blockquote>\n<blockquote><p><span style=\"color: #333333;\">Tim\u00f3teo Carriker expande a sua preciosa contribui\u00e7\u00e3o missiol\u00f3gica para a igreja brasileira. Ele nos presenteia com um estudo sobre a igreja, sua natureza e voca\u00e7\u00e3o, de forma b\u00edblica, instigante e did\u00e1tica. Resgata a conex\u00e3o entre eclesiologia e missiologia em uma perspectiva pastoral e de profundo encorajamento para amarmos e seguirmos a Jesus, cumprindo a miss\u00e3o.<\/span><br \/>\n&nbsp;<br \/>\n<span style=\"color: #333333;\"><em>\u2013 <\/em><em>Ronaldo Lid\u00f3rio<\/em><\/span><\/p><\/blockquote>\n<blockquote><p><span style=\"color: #333333;\"><strong>O Que \u00e9 Igreja Missional<\/strong> resgata o significado b\u00edblico do termo \u201cmissional\u201d. Ao examinar as caracter\u00edsticas de seis igrejas do Novo Testamento, o autor mostra um quadro de igrejas locais que vivem a sua natureza b\u00edblica e se tornam o que chamo de &#8220;o povo mission\u00e1rio de Deus&#8221;.<\/span><br \/>\n&nbsp;<br \/>\n<span style=\"color: #333333;\"><em>\u2013 Charles van Engen<\/em><\/span><\/p><\/blockquote>\n<blockquote><p><span style=\"color: #333333;\">Um livro essencial para a igreja de Cristo n\u00e3o se perder nas in\u00fameras ofertas de \u201cmodelos de crescimento\u201d do mercado religioso.<\/span><br \/>\n&nbsp;<br \/>\n<span style=\"color: #333333;\"><em>\u2013 Ricardo Barbosa<\/em><\/span><\/p><\/blockquote>\n<blockquote><p><span style=\"color: #333333;\">Tenho a honra de recomendar essa preciosa obra do reconhecido e erudito pastor e te\u00f3logo Tim\u00f3teo Carriker. Fruto da experi\u00eancia e do conhecimento b\u00edblico e hist\u00f3rico que podem iluminar sua mente e aquecer seu cora\u00e7\u00e3o.<\/span><br \/>\n&nbsp;<br \/>\n<span style=\"color: #333333;\"><em>\u2013 Hernandes Dias Lopes<\/em><\/span><\/p><\/blockquote>\n<blockquote><p><span style=\"color: #333333;\">Com a experi\u00eancia de quatro d\u00e9cadas de trabalho mission\u00e1rio e de familiaridade com o ensino b\u00edblico sobre a miss\u00e3o da igreja, Tim\u00f3teo Carriker nos oferece [neste livro] uma obra de maturidade.<\/span><br \/>\n&nbsp;<br \/>\n<span style=\"color: #333333;\"><em>\u2013 Samuel Escobar<\/em><\/span><\/p><\/blockquote>\n<blockquote><p><span style=\"color: #333333;\">Em meio a tantas defini\u00e7\u00f5es do que \u00e9 \u201cmiss\u00f5es\u201d, \u201cmiss\u00e3o\u201d, \u201cmission\u00e1rio\u201d e \u201cmissional\u201d, Tim\u00f3teo\u00a0Carriker oferece, a partir do Novo Testamento, modelos inspiradores de igrejas missionais, as quais foram relevantes\u00a0em seus contextos sociais e hist\u00f3ricos. Um livro que n\u00e3o poderia ser mais esclarecedor, edificante, desafiador e engajador.<\/span><br \/>\n&nbsp;<br \/>\n<span style=\"color: #333333;\"><em>\u2013 Silas Tostes<\/em><\/span><\/p><\/blockquote>\n<blockquote><p><span style=\"color: #333333;\">A conversa que encontramos neste livro \u00e9 profunda, cativante e desafiadora. Tim\u00f3teo Carriker vai da B\u00edblia para o contexto de nossas vidas, buscando discernir os caminhos de uma igreja que se entenda como missional. Ele conversa tamb\u00e9m com outros que, no passado, j\u00e1 se debru\u00e7aram sobre essa mesma voca\u00e7\u00e3o, no intuito de aprender com eles. Leia o livro e, como eu, voc\u00ea certamente dir\u00e1 que nele h\u00e1 boa comida a alimentar a voca\u00e7\u00e3o da igreja. Assim, al\u00e9m de agradecer ao autor, podemos dizer: \u201cGloria Dei\u201d.<\/span><br \/>\n&nbsp;<br \/>\n<span style=\"color: #333333;\"><em>\u2013 Valdir Steuernagel<\/em><\/span><\/p><\/blockquote>\n<blockquote><p><span style=\"color: #333333;\">Muito apreciei neste livro o enfoque dado a algumas igrejas neotestament\u00e1rias como modelos missionais. Modelo n\u00e3o no sentido de \u201cmolde\u201d a ser copiado, pois cada igreja possui suas caracter\u00edsticas e seu contexto, mas no sentido de discernir <em>o que<\/em> \u2013 e <em>como<\/em> \u2013 fizeram em suas pr\u00e1ticas missionais que pode servir de paradigma para a igreja hoje.<\/span><br \/>\n&nbsp;<br \/>\n<span style=\"color: #333333;\"><em>\u2013 Jorge Henrique Barro<\/em><\/span><\/p><\/blockquote>\n","protected":false},"excerpt":{"rendered":"<p>Com alegria recomendo O Que \u00e9 Igreja Missional como refer\u00eancia para todos os que desejam pensar a presen\u00e7a e a\u00e7\u00e3o da igreja na sociedade. &nbsp; \u2013 Ed Ren\u00e9 Kivitz Tim\u00f3teo Carriker expande a sua preciosa contribui\u00e7\u00e3o missiol\u00f3gica para a igreja brasileira. Ele nos presenteia com um estudo sobre a igreja, sua natureza e voca\u00e7\u00e3o, de [&hellip;]<\/p>\n","protected":false},"author":24,"featured_media":0,"parent":0,"menu_order":3,"comment_status":"closed","ping_status":"closed","template":"","meta":{"footnotes":""},"class_list":["post-9","page","type-page","status-publish","hentry"],"_links":{"self":[{"href":"https:\/\/ultimato.com.br\/sites\/igreja-missional\/wp-json\/wp\/v2\/pages\/9","targetHints":{"allow":["GET"]}}],"collection":[{"href":"https:\/\/ultimato.com.br\/sites\/igreja-missional\/wp-json\/wp\/v2\/pages"}],"about":[{"href":"https:\/\/ultimato.com.br\/sites\/igreja-missional\/wp-json\/wp\/v2\/types\/page"}],"author":[{"embeddable":true,"href":"https:\/\/ultimato.com.br\/sites\/igreja-missional\/wp-json\/wp\/v2\/users\/24"}],"replies":[{"embeddable":true,"href":"https:\/\/ultimato.com.br\/sites\/igreja-missional\/wp-json\/wp\/v2\/comments?post=9"}],"version-history":[{"count":3,"href":"https:\/\/ultimato.com.br\/sites\/igreja-missional\/wp-json\/wp\/v2\/pages\/9\/revisions"}],"predecessor-version":[{"id":46,"href":"https:\/\/ultimato.com.br\/sites\/igreja-missional\/wp-json\/wp\/v2\/pages\/9\/revisions\/46"}],"wp:attachment":[{"href":"https:\/\/ultimato.com.br\/sites\/igreja-missional\/wp-json\/wp\/v2\/media?parent=9"}],"curies":[{"name":"wp","href":"https:\/\/api.w.org\/{rel}","templated":true}]}}