{"id":7,"date":"2018-08-08T11:07:21","date_gmt":"2018-08-08T14:07:21","guid":{"rendered":"http:\/\/ultimato.com.br\/sites\/igreja-missional\/?page_id=7"},"modified":"2018-08-09T08:50:24","modified_gmt":"2018-08-09T11:50:24","slug":"o-autor","status":"publish","type":"page","link":"https:\/\/ultimato.com.br\/sites\/igreja-missional\/o-autor\/","title":{"rendered":"O Autor"},"content":{"rendered":"<p><img loading=\"lazy\" decoding=\"async\" class=\"alignleft wp-image-30\" src=\"http:\/\/ultimato.com.br\/sites\/igreja-missional\/files\/autor_oqeim.jpg\" alt=\"\" width=\"157\" height=\"160\" srcset=\"https:\/\/ultimato.com.br\/sites\/igreja-missional\/files\/autor_oqeim.jpg 400w, https:\/\/ultimato.com.br\/sites\/igreja-missional\/files\/autor_oqeim-295x300.jpg 295w\" sizes=\"auto, (max-width: 157px) 100vw, 157px\" \/><br \/>\nNo Brasil desde 1977 e naturalizado brasileiro em 2002, o missi\u00f3logo norte-americano\u00a0<strong>Tim\u00f3teo Carriker <\/strong>\u00e9 professor em diversas escolas de teologia e de miss\u00f5es, e editor da\u00a0<em>B\u00edblia Mission\u00e1ria de Estudo<\/em>, da Sociedade B\u00edblica do Brasil. \u00c9 autor de, entre outros,\u00a0<a href=\"http:\/\/www.ultimato.com.br\/loja\/produtos\/trabalho-descanso-e-dinheiro\" target=\"_blank\" rel=\"noopener\"><em>Trabalho, Descanso e Dinheiro<\/em><\/a>\u00a0e\u00a0<a href=\"http:\/\/www.ultimato.com.br\/loja\/produtos\/a-visao-missionaria-na-biblia\" target=\"_blank\" rel=\"noopener\"><em>A Vis\u00e3o Mission\u00e1ria na B\u00edblia<\/em><\/a>.<\/p>\n","protected":false},"excerpt":{"rendered":"<p>No Brasil desde 1977 e naturalizado brasileiro em 2002, o missi\u00f3logo norte-americano\u00a0Tim\u00f3teo Carriker \u00e9 professor em diversas escolas de teologia e de miss\u00f5es, e editor da\u00a0B\u00edblia Mission\u00e1ria de Estudo, da Sociedade B\u00edblica do Brasil. \u00c9 autor de, entre outros,\u00a0Trabalho, Descanso e Dinheiro\u00a0e\u00a0A Vis\u00e3o Mission\u00e1ria na B\u00edblia.<\/p>\n","protected":false},"author":24,"featured_media":0,"parent":0,"menu_order":2,"comment_status":"closed","ping_status":"closed","template":"","meta":{"footnotes":""},"class_list":["post-7","page","type-page","status-publish","hentry"],"_links":{"self":[{"href":"https:\/\/ultimato.com.br\/sites\/igreja-missional\/wp-json\/wp\/v2\/pages\/7","targetHints":{"allow":["GET"]}}],"collection":[{"href":"https:\/\/ultimato.com.br\/sites\/igreja-missional\/wp-json\/wp\/v2\/pages"}],"about":[{"href":"https:\/\/ultimato.com.br\/sites\/igreja-missional\/wp-json\/wp\/v2\/types\/page"}],"author":[{"embeddable":true,"href":"https:\/\/ultimato.com.br\/sites\/igreja-missional\/wp-json\/wp\/v2\/users\/24"}],"replies":[{"embeddable":true,"href":"https:\/\/ultimato.com.br\/sites\/igreja-missional\/wp-json\/wp\/v2\/comments?post=7"}],"version-history":[{"count":4,"href":"https:\/\/ultimato.com.br\/sites\/igreja-missional\/wp-json\/wp\/v2\/pages\/7\/revisions"}],"predecessor-version":[{"id":44,"href":"https:\/\/ultimato.com.br\/sites\/igreja-missional\/wp-json\/wp\/v2\/pages\/7\/revisions\/44"}],"wp:attachment":[{"href":"https:\/\/ultimato.com.br\/sites\/igreja-missional\/wp-json\/wp\/v2\/media?parent=7"}],"curies":[{"name":"wp","href":"https:\/\/api.w.org\/{rel}","templated":true}]}}