{"id":5,"date":"2018-08-08T11:07:06","date_gmt":"2018-08-08T14:07:06","guid":{"rendered":"http:\/\/ultimato.com.br\/sites\/igreja-missional\/?page_id=5"},"modified":"2018-08-09T08:44:52","modified_gmt":"2018-08-09T11:44:52","slug":"o-livro","status":"publish","type":"page","link":"https:\/\/ultimato.com.br\/sites\/igreja-missional\/","title":{"rendered":"O Livro"},"content":{"rendered":"<blockquote><p><span style=\"color: #333333;\"><strong>O Que \u00e9 Igreja Missional<\/strong> resgata o significado b\u00edblico do termo \u201cmissional\u201d.<\/span><br \/>\n&nbsp;<br \/>\n<span style=\"color: #333333;\"><em>\u2013 Charles van Engen<\/em><\/span><\/p><\/blockquote>\n<blockquote><p><span style=\"color: #333333;\">Um livro essencial para a igreja de Cristo n\u00e3o se perder nas in\u00fameras ofertas de \u201cmodelos de crescimento\u201d do mercado religioso.<\/span><br \/>\n&nbsp;<br \/>\n<span style=\"color: #333333;\"><em>\u2013 Ricardo Barbosa<\/em><\/span><\/p><\/blockquote>\n<p>QUAIS MODELOS E EXEMPLOS B\u00cdBLICOS PODEMOS APLICAR \u00c0 REALIDADE DAS NOSSAS IGREJAS?<\/p>\n<p>O que \u00e9 igreja missional? N\u00e3o deveria ser igreja \u201cmission\u00e1ria\u201d? E que diferen\u00e7a isso faz?<\/p>\n<p>Escrito a partir do contexto e realidade das igrejas brasileiras, <strong>O Que \u00e9 Igreja Missional<\/strong> n\u00e3o apenas responde a estas e outras perguntas, mas tamb\u00e9m mostra como a igreja local pode exercer a sua voca\u00e7\u00e3o.<\/p>\n<p>Uma leitura leve e, ao mesmo tempo, profunda.<\/p>\n","protected":false},"excerpt":{"rendered":"<p>O Que \u00e9 Igreja Missional resgata o significado b\u00edblico do termo \u201cmissional\u201d. &nbsp; \u2013 Charles van Engen Um livro essencial para a igreja de Cristo n\u00e3o se perder nas in\u00fameras ofertas de \u201cmodelos de crescimento\u201d do mercado religioso. &nbsp; \u2013 Ricardo Barbosa QUAIS MODELOS E EXEMPLOS B\u00cdBLICOS PODEMOS APLICAR \u00c0 REALIDADE DAS NOSSAS IGREJAS? O [&hellip;]<\/p>\n","protected":false},"author":24,"featured_media":0,"parent":0,"menu_order":1,"comment_status":"closed","ping_status":"closed","template":"","meta":{"footnotes":""},"class_list":["post-5","page","type-page","status-publish","hentry"],"_links":{"self":[{"href":"https:\/\/ultimato.com.br\/sites\/igreja-missional\/wp-json\/wp\/v2\/pages\/5","targetHints":{"allow":["GET"]}}],"collection":[{"href":"https:\/\/ultimato.com.br\/sites\/igreja-missional\/wp-json\/wp\/v2\/pages"}],"about":[{"href":"https:\/\/ultimato.com.br\/sites\/igreja-missional\/wp-json\/wp\/v2\/types\/page"}],"author":[{"embeddable":true,"href":"https:\/\/ultimato.com.br\/sites\/igreja-missional\/wp-json\/wp\/v2\/users\/24"}],"replies":[{"embeddable":true,"href":"https:\/\/ultimato.com.br\/sites\/igreja-missional\/wp-json\/wp\/v2\/comments?post=5"}],"version-history":[{"count":3,"href":"https:\/\/ultimato.com.br\/sites\/igreja-missional\/wp-json\/wp\/v2\/pages\/5\/revisions"}],"predecessor-version":[{"id":41,"href":"https:\/\/ultimato.com.br\/sites\/igreja-missional\/wp-json\/wp\/v2\/pages\/5\/revisions\/41"}],"wp:attachment":[{"href":"https:\/\/ultimato.com.br\/sites\/igreja-missional\/wp-json\/wp\/v2\/media?parent=5"}],"curies":[{"name":"wp","href":"https:\/\/api.w.org\/{rel}","templated":true}]}}