{"id":364,"date":"2012-03-07T09:20:10","date_gmt":"2012-03-07T12:20:10","guid":{"rendered":"http:\/\/ultimato.com.br\/sites\/guilhermedecarvalho\/?page_id=364"},"modified":"2012-04-09T16:07:32","modified_gmt":"2012-04-09T19:07:32","slug":"quem","status":"publish","type":"page","link":"https:\/\/ultimato.com.br\/sites\/guilhermedecarvalho\/quem\/","title":{"rendered":"Quem"},"content":{"rendered":"<p><a href=\"http:\/\/ultimato.com.br\/sites\/guilhermedecarvalho\/files\/2012\/03\/lecture4.jpg\"><img loading=\"lazy\" decoding=\"async\" class=\" wp-image-450 alignleft\" title=\"guiperfil\" src=\"http:\/\/ultimato.com.br\/sites\/guilhermedecarvalho\/files\/2012\/03\/lecture4-300x200.jpg\" alt=\"\" width=\"300\" height=\"200\" srcset=\"https:\/\/ultimato.com.br\/sites\/guilhermedecarvalho\/files\/2012\/03\/lecture4-300x200.jpg 300w, https:\/\/ultimato.com.br\/sites\/guilhermedecarvalho\/files\/2012\/03\/lecture4-150x100.jpg 150w, https:\/\/ultimato.com.br\/sites\/guilhermedecarvalho\/files\/2012\/03\/lecture4.jpg 720w\" sizes=\"auto, (max-width: 300px) 100vw, 300px\" \/><\/a><strong>Guilherme\u00a0de Carvalho<\/strong> \u00e9 casado com Alessandra e pai de duas mocinhas: Ana Elisa e Helena. Seu chamado \u00e9 o ensino sobre a unidade de Cria\u00e7\u00e3o e Evangelho, e o escopo universal do Senhorio de Cristo, e tem interesse especial por filosofia da religi\u00e3o, teologia natural e teologia da cultura. \u00c9 formado pela Escola Superior de Teologia do Mackenzie, mestre em Teologia pela Faculdade Teol\u00f3gica Batista de S\u00e3o Paulo, e mestre em Ci\u00eancias da Religi\u00e3o pela Universidade Metodista de S\u00e3o Paulo. Foi professor de teologia por v\u00e1rios anos, e atualmente \u00e9 pastor da Igreja Esperan\u00e7a em Belo Horizonte e diretor de L&#8217;Abri Fellowship Brasil.<br \/>\nPerfil no Academia.edu (<a href=\"http:\/\/independent.academia.edu\/GuilhermedeCarvalho\" target=\"_blank\">http:\/\/independent.academia.edu\/GuilhermedeCarvalho<\/a>)<\/p>\n<p>&nbsp;<\/p>\n","protected":false},"excerpt":{"rendered":"<p>Guilherme\u00a0de Carvalho \u00e9 casado com Alessandra e pai de duas mocinhas: Ana Elisa e Helena. Seu chamado \u00e9 o ensino sobre a unidade de Cria\u00e7\u00e3o e Evangelho, e o escopo universal do Senhorio de Cristo, e tem interesse especial por filosofia da religi\u00e3o, teologia natural e teologia da cultura. \u00c9 formado pela Escola Superior de [&hellip;]<\/p>\n","protected":false},"author":24,"featured_media":0,"parent":0,"menu_order":0,"comment_status":"open","ping_status":"open","template":"","meta":{"ngg_post_thumbnail":0,"footnotes":""},"class_list":["post-364","page","type-page","status-publish","hentry","count-0","even alt","author-andrebt","last"],"_links":{"self":[{"href":"https:\/\/ultimato.com.br\/sites\/guilhermedecarvalho\/wp-json\/wp\/v2\/pages\/364","targetHints":{"allow":["GET"]}}],"collection":[{"href":"https:\/\/ultimato.com.br\/sites\/guilhermedecarvalho\/wp-json\/wp\/v2\/pages"}],"about":[{"href":"https:\/\/ultimato.com.br\/sites\/guilhermedecarvalho\/wp-json\/wp\/v2\/types\/page"}],"author":[{"embeddable":true,"href":"https:\/\/ultimato.com.br\/sites\/guilhermedecarvalho\/wp-json\/wp\/v2\/users\/24"}],"replies":[{"embeddable":true,"href":"https:\/\/ultimato.com.br\/sites\/guilhermedecarvalho\/wp-json\/wp\/v2\/comments?post=364"}],"version-history":[{"count":7,"href":"https:\/\/ultimato.com.br\/sites\/guilhermedecarvalho\/wp-json\/wp\/v2\/pages\/364\/revisions"}],"predecessor-version":[{"id":451,"href":"https:\/\/ultimato.com.br\/sites\/guilhermedecarvalho\/wp-json\/wp\/v2\/pages\/364\/revisions\/451"}],"wp:attachment":[{"href":"https:\/\/ultimato.com.br\/sites\/guilhermedecarvalho\/wp-json\/wp\/v2\/media?parent=364"}],"curies":[{"name":"wp","href":"https:\/\/api.w.org\/{rel}","templated":true}]}}