{"id":58,"date":"2012-02-08T10:59:14","date_gmt":"2012-02-08T10:59:14","guid":{"rendered":"http:\/\/ultimato.com.br\/sites\/gladircabral\/?page_id=58"},"modified":"2012-02-09T11:03:20","modified_gmt":"2012-02-09T11:03:20","slug":"sobre","status":"publish","type":"page","link":"https:\/\/ultimato.com.br\/sites\/gladircabral\/sobre\/","title":{"rendered":"Sobre"},"content":{"rendered":"<p>&nbsp;<\/p>\n<p>Uma pessoa \u00e9 uma voz. Uma voz custa a envelhecer. Uma voz \u00e9 sempre pergunta ou resposta, sauda\u00e7\u00e3o ou despedida, grito ou sil\u00eancio. Uma voz tamb\u00e9m \u00e9 sil\u00eancio. A voz clama no deserto, e busca um eco, um eco, um eco. Clama na cidade, e \u00e9 sufocada por tantos ru\u00eddos. A voz conversa sempre com a Voz.<\/p>\n","protected":false},"excerpt":{"rendered":"<p>&nbsp; Uma pessoa \u00e9 uma voz. Uma voz custa a envelhecer. Uma voz \u00e9 sempre pergunta ou resposta, sauda\u00e7\u00e3o ou despedida, grito ou sil\u00eancio. Uma voz tamb\u00e9m \u00e9 sil\u00eancio. A voz clama no deserto, e busca um eco, um eco, um eco. Clama na cidade, e \u00e9 sufocada por tantos ru\u00eddos. A voz conversa sempre [&hellip;]<\/p>\n","protected":false},"author":24,"featured_media":0,"parent":0,"menu_order":0,"comment_status":"open","ping_status":"open","template":"","meta":{"ngg_post_thumbnail":0,"footnotes":""},"class_list":["post-58","page","type-page","status-publish","hentry"],"_links":{"self":[{"href":"https:\/\/ultimato.com.br\/sites\/gladircabral\/wp-json\/wp\/v2\/pages\/58","targetHints":{"allow":["GET"]}}],"collection":[{"href":"https:\/\/ultimato.com.br\/sites\/gladircabral\/wp-json\/wp\/v2\/pages"}],"about":[{"href":"https:\/\/ultimato.com.br\/sites\/gladircabral\/wp-json\/wp\/v2\/types\/page"}],"author":[{"embeddable":true,"href":"https:\/\/ultimato.com.br\/sites\/gladircabral\/wp-json\/wp\/v2\/users\/24"}],"replies":[{"embeddable":true,"href":"https:\/\/ultimato.com.br\/sites\/gladircabral\/wp-json\/wp\/v2\/comments?post=58"}],"version-history":[{"count":3,"href":"https:\/\/ultimato.com.br\/sites\/gladircabral\/wp-json\/wp\/v2\/pages\/58\/revisions"}],"predecessor-version":[{"id":107,"href":"https:\/\/ultimato.com.br\/sites\/gladircabral\/wp-json\/wp\/v2\/pages\/58\/revisions\/107"}],"wp:attachment":[{"href":"https:\/\/ultimato.com.br\/sites\/gladircabral\/wp-json\/wp\/v2\/media?parent=58"}],"curies":[{"name":"wp","href":"https:\/\/api.w.org\/{rel}","templated":true}]}}