{"id":49,"date":"2012-02-08T10:56:17","date_gmt":"2012-02-08T10:56:17","guid":{"rendered":"http:\/\/ultimato.com.br\/sites\/gladircabral\/?page_id=49"},"modified":"2012-02-09T10:53:42","modified_gmt":"2012-02-09T10:53:42","slug":"ontem","status":"publish","type":"page","link":"https:\/\/ultimato.com.br\/sites\/gladircabral\/ontem\/","title":{"rendered":"Ontem"},"content":{"rendered":"<div id=\"container\">\n<div id=\"content\"><img loading=\"lazy\" decoding=\"async\" class=\"imageframe\" src=\"http:\/\/ultimato.com.br\/sites\/gladircabral\/files\/2008\/01\/bio-01.jpg\" alt=\"Bio 01\" width=\"143\" height=\"180\" align=\"right\" \/><strong><\/strong><\/div>\n<div><\/div>\n<div><strong>1962:<\/strong>nasci na cidade de Itaja\u00ed, em 20\/8\/1962.<\/div>\n<div id=\"content\">\n<p><strong>1976:<\/strong> tomo importante decis\u00e3o na vida: andar com Cristo.<\/p>\n<p><strong>1977:<\/strong> mudei-me com meus pais para Florian\u00f3polis.<\/p>\n<p><strong>1978:<\/strong> ganhei meu primeiro viol\u00e3o e come\u00e7ei a aprender os primeiros acordes e escrever as primeiras composi\u00e7\u00f5es. Recebi grande incentivo e orienta\u00e7\u00e3o do m\u00fasico e compositor Omilton Lafuente.<\/p>\n<p><strong>1979:<\/strong> junto com meus amigos Sylmo Anderson e Luciano Campos, fiz as primeiras grava\u00e7\u00f5es caseiras em fita K7.<\/p>\n<p><strong>1980:<\/strong> ganhei um festival de m\u00fasica crist\u00e3 (o Fecrimusa), em Florian\u00f3polis. O cora\u00e7\u00e3o ferve de vontade de servir a Cristo como pastor. Grandes decis\u00f5es na vida.<\/p>\n<p><img decoding=\"async\" class=\"imageframe\" src=\"http:\/\/ultimato.com.br\/sites\/gladircabral\/files\/2008\/01\/bio-02.jpg\" alt=\"Bio 02\" align=\"right\" \/><strong>1981:<\/strong> come\u00e7o a estudar teologia no Semin\u00e1rio Presbiteriano do Sul, em Campinas (SP). No semin\u00e1rio, passei momentos memor\u00e1veis na Sala de Metida\u00e7\u00e3o, orando, lendo, cantando e compondo.<\/p>\n<p>Em Campinas, passo a conhecer os livros e as id\u00e9ias de Martin Buber, Dietrich Bonhoeffer, C. S. Lewis, Emil Bruner, Kierkegaard, Nietzsche, Karl Barth, Moltman, Paulo Freire, Rubem Alves\u2026<\/p>\n<p>Tempo de aprendizado da cultura brasileira, tempo de visitar o interior de S\u00e3o Paulo, Minas, Rio de Janeiro, Paran\u00e1. Tempo de intensa composi\u00e7\u00e3o musical. Redescoberta de Carlos Drummond, M\u00e1rio Quintana, Ad\u00e9lia Prado, Euclides da Cunha\u2026<\/p>\n<p>Tempo de conviv\u00eancia com grandes amigos: Achiles Malta, Marcos Albuquerque, Gilney H. Kiel, Luiz Carlos Ramos, C\u00e9lio Voigt, Wilson Costa, L\u00eanio Chaves\u2026<\/p>\n<p><img decoding=\"async\" class=\"imageframe\" src=\"http:\/\/ultimato.com.br\/sites\/gladircabral\/files\/2008\/01\/bio-03.jpg\" alt=\"Bio 03\" align=\"right\" \/><strong>1983:<\/strong> conheci Ruth num Congresso de jovens da IPB em Itaja\u00ed. Nesse tempo, ela morava em Blumenau. Come\u00e7amos a namora, a can\u00e7\u00e3o \u201c\u00c9 bem melhor serem dois do que um\u201d \u00e9 desse tempo.<\/p>\n<p><strong>1984:<\/strong> termina o meu curso de teologia, tempo de grandes indefini\u00e7\u00f5es e vira\u00e7\u00f5es, finaliza\u00e7\u00e3o da monografia e trabalho de exegese, sob orienta\u00e7\u00e3o do Waldir Berndt.<\/p>\n<p><strong>1985:<\/strong> o Presbit\u00e9rio decide me enviar para Crici\u00fama, para pastorear a Igreja Presbiteriana de Crici\u00fama. Casei-me com Ruth. Foram anos de muito aprendizado, lutas, adapta\u00e7\u00e3o e sonhos.<\/p>\n<p><strong>1987:<\/strong> retorno aos estudos, matriculando-me no curso de Letras da Unesc.<\/p>\n<p><strong>1988:<\/strong> nasce nossa filha Johana, alegria nossa, um encantamento.<\/p>\n<p><strong>1989:<\/strong> passamos a morar em Florian\u00f3polis, pastoreando agora a Igreja Presbiteriana de S\u00e3o Jos\u00e9. Transfiro-me para a UFSC. Nesse tempo, formamos um grupo musical inesquec\u00edvel para mim: o Terra. Murilinho, Sylmo, Alexandre, Bia, Samuel foram meus companheiros em apresenta\u00e7\u00f5es em igrejas, no Festival Universit\u00e1rio da Can\u00e7\u00e3o, da Furb, e at\u00e9 num bar do CIC, em Floripa.<\/p>\n<p><strong>1990:<\/strong> compus a can\u00e7\u00e3o \u201cPaz e Comunh\u00e3o\u201d.<\/p>\n<p><strong>1991:<\/strong> retorno para Crici\u00fama.<\/p>\n<p><strong>1992:<\/strong> termino o curso de Letras pela Unesc e ingresso no Mestrado em Literatura Inglesa da UFSC, Florian\u00f3polis.<\/p>\n<p><strong>1994:<\/strong> sou chamado para lecionar pela primeira vez no ensino m\u00e9dio e fundamental, no Col\u00e9gio de Aplica\u00e7\u00e3o da Unesc. No mesmo ano come\u00e7o a lecionar no curso de Letras.<\/p>\n<p>Para grande surpresa minha, fico sabendo que o Grupo Milad gravou a can\u00e7\u00e3o \u201cNavio Negreiro\u201d. Jo\u00e3o Alexandre me procurou e o Quarteto Vida gravou \u201cPaz e Comunh\u00e3o\u201d e \u201cNavio Negreiro\u201d.<\/p>\n<p><strong>1996:<\/strong> envio as can\u00e7\u00f5es que far\u00e3o parte do CD Fina Esperan\u00e7a. No mesmo ano, com o apoio da Luz para o Caminho e arranjos de Jo\u00e3o Alexandre, gravo o CD Claridade em 1996. Defendo minha disserta\u00e7\u00e3o de Mestrado e sou aprovado para ingressar no Doutorado da UFSC.<\/p>\n<p><strong>1997:<\/strong> nasce J\u00falia, nossa alegria.<\/p>\n<p><strong>1998:<\/strong> junto com o Andr\u00e9 Bousfeild, come\u00e7o mais um projeto, o CD V\u00f4o de P\u00e1ssaro.<\/p>\n<p><img loading=\"lazy\" decoding=\"async\" class=\"imageframe\" src=\"http:\/\/ultimato.com.br\/sites\/gladircabral\/files\/2008\/01\/bio-04.jpg\" alt=\"Bio 04\" width=\"250\" height=\"184\" align=\"right\" \/><strong>1999:<\/strong> come\u00e7o a gravar mais um CD com o apoio da Luz para o Caminho: Cantos e Sonhos, produzido em Casa Branca (SP).<\/p>\n<p><strong>2000:<\/strong> produ\u00e7\u00e3o e grava\u00e7\u00e3o do CD e livro infanto-juvenil Amigos de Jesus, com Geziel Freitas e Gladir Cabral. Defesa da tese de doutorado em agosto.<\/p>\n<p><strong>2000-2003:<\/strong> composi\u00e7\u00f5es para \u201cA Turma da Arca\u201d, trabalho de v\u00eddeo produzido pela LPC. Termino meu minist\u00e9rio na Igreja Presbiteriana de Crici\u00fama, mas continuo morando na cidade.<\/p>\n<p><strong>2002:<\/strong> come\u00e7o um grupo de estudo b\u00edblico em Tubar\u00e3o.<\/p>\n<p><strong>2003:<\/strong> apoio o nascimento da comunidade presbiteriana da Trindade, em Florian\u00f3polis.<\/p>\n<p><strong>2004:<\/strong> grava\u00e7\u00e3o e lan\u00e7amento do CD Luz para o Caminho, produzido em Crici\u00fama. Primeiros passos da Igreja Presbiteriana na Trindade.<\/p>\n<p style=\"text-align: center;\"><img loading=\"lazy\" decoding=\"async\" class=\"imageframe\" src=\"http:\/\/ultimato.com.br\/sites\/gladircabral\/files\/2008\/01\/bio-05.jpg\" alt=\"Bio 05\" width=\"250\" height=\"181\" \/><\/p>\n<\/div>\n<\/div>\n","protected":false},"excerpt":{"rendered":"<p>1962:nasci na cidade de Itaja\u00ed, em 20\/8\/1962. 1976: tomo importante decis\u00e3o na vida: andar com Cristo. 1977: mudei-me com meus pais para Florian\u00f3polis. 1978: ganhei meu primeiro viol\u00e3o e come\u00e7ei a aprender os primeiros acordes e escrever as primeiras composi\u00e7\u00f5es. Recebi grande incentivo e orienta\u00e7\u00e3o do m\u00fasico e compositor Omilton Lafuente. 1979: junto com meus [&hellip;]<\/p>\n","protected":false},"author":24,"featured_media":0,"parent":0,"menu_order":0,"comment_status":"open","ping_status":"open","template":"","meta":{"ngg_post_thumbnail":0,"footnotes":""},"class_list":["post-49","page","type-page","status-publish","hentry"],"_links":{"self":[{"href":"https:\/\/ultimato.com.br\/sites\/gladircabral\/wp-json\/wp\/v2\/pages\/49","targetHints":{"allow":["GET"]}}],"collection":[{"href":"https:\/\/ultimato.com.br\/sites\/gladircabral\/wp-json\/wp\/v2\/pages"}],"about":[{"href":"https:\/\/ultimato.com.br\/sites\/gladircabral\/wp-json\/wp\/v2\/types\/page"}],"author":[{"embeddable":true,"href":"https:\/\/ultimato.com.br\/sites\/gladircabral\/wp-json\/wp\/v2\/users\/24"}],"replies":[{"embeddable":true,"href":"https:\/\/ultimato.com.br\/sites\/gladircabral\/wp-json\/wp\/v2\/comments?post=49"}],"version-history":[{"count":4,"href":"https:\/\/ultimato.com.br\/sites\/gladircabral\/wp-json\/wp\/v2\/pages\/49\/revisions"}],"predecessor-version":[{"id":91,"href":"https:\/\/ultimato.com.br\/sites\/gladircabral\/wp-json\/wp\/v2\/pages\/49\/revisions\/91"}],"wp:attachment":[{"href":"https:\/\/ultimato.com.br\/sites\/gladircabral\/wp-json\/wp\/v2\/media?parent=49"}],"curies":[{"name":"wp","href":"https:\/\/api.w.org\/{rel}","templated":true}]}}