{"id":555,"date":"2025-02-13T11:17:01","date_gmt":"2025-02-13T14:17:01","guid":{"rendered":"https:\/\/ultimato.com.br\/sites\/filosofia-fe-crista\/?page_id=555"},"modified":"2025-03-14T16:26:56","modified_gmt":"2025-03-14T19:26:56","slug":"manual-oxford-de-teologia-filosofica","status":"publish","type":"page","link":"https:\/\/ultimato.com.br\/sites\/filosofia-fe-crista\/tituloslivros\/manual-oxford-de-teologia-filosofica\/","title":{"rendered":"MANUAL OXFORD DE TEOLOGIA FILOS\u00d3FICA"},"content":{"rendered":"<hr \/>\n<h3 style=\"text-align: center;\">&#8220;Somente o c\u00e9u torna poss\u00edvel uma compreens\u00e3o da vida que n\u00e3o se conforma com o desapontamento.&#8221;<\/h3>\n<hr \/>\n<p><a href=\"https:\/\/loja.ultimato.com.br\/livros\/manual-oxford-de-teologia-filosofica\"><img loading=\"lazy\" decoding=\"async\" class=\"alignleft wp-image-556 size-full\" style=\"border: 1px solid #555;\" src=\"http:\/\/ultimato.com.br\/sites\/filosofia-fe-crista\/files\/2025\/02\/manual_oxford_de_teologia_filosofica_863_1_18acdbf9763cb89b280fba9e0eeb689a.jpg\" alt=\"\" width=\"209\" height=\"300\" \/><\/a><\/p>\n<p style=\"font-family: minion pro;\"><strong>O <a href=\"https:\/\/loja.ultimato.com.br\/livros\/manual-oxford-de-teologia-filosofica\">Manual Oxford de Teologia Filos\u00f3fica<\/a> tem nome e sobrenome, e re\u00fane alguns dos principais pensadores e quest\u00f5es relacionadas \u00e0 filosofia e religi\u00e3o.<\/strong><\/p>\n<p style=\"font-family: minion pro;\"><strong><br \/>\nAborda autoridade das Escrituras, tradi\u00e7\u00e3o, igreja, religi\u00e3o e ci\u00eancia, teorias da a\u00e7\u00e3o e da provid\u00eancia divina, ora\u00e7\u00e3o, moralidade, al\u00e9m de explorar doutrinas crist\u00e3s centrais, como a Trindade, a encarna\u00e7\u00e3o, o pecado original, a ressurrei\u00e7\u00e3o, entre outros assuntos.<\/strong><\/p>\n<p style=\"font-family: minion pro;\"><strong><br \/>\nO d\u00e9cimo volume da s\u00e9rie Filosofia e F\u00e9 Crist\u00e3, o <a href=\"https:\/\/loja.ultimato.com.br\/livros\/manual-oxford-de-teologia-filosofica\">Manual Oxford de Teologia Filos\u00f3fica<\/a> apresenta o rigor e a clareza necess\u00e1rios para compreender a natureza e os atributos de Deus e o seu relacionamento com o mundo e seus habitantes \u2013 na medida, \u00e9 claro, em que o mist\u00e9rio da natureza de Deus (discutido no cap\u00edtulo 4) permite.<\/strong><\/p>\n<h4 style=\"font-size: 18px; font-family: AEONIK;\"><a href=\"https:\/\/loja.ultimato.com.br\/livros\/manual-oxford-de-teologia-filosofica\"><img loading=\"lazy\" decoding=\"async\" class=\"alignleft wp-image-372 size-full\" src=\"http:\/\/ultimato.com.br\/sites\/filosofia-fe-crista\/files\/2023\/06\/Capturar.jpg\" alt=\"\" width=\"177\" height=\"73\" \/><\/a><\/h4>\n<p style=\"color: white;\">\u00a0 COMPRE <strong>AGORA<\/strong><\/p>\n<p>&nbsp;<\/p>\n<p>&nbsp;<\/p>\n<p>&nbsp;<\/p>\n<p style=\"font-size: 16px; font-family: AEONIK;\">FORMATO <strong>DIGITAL <\/strong>(EBOOK): <a href=\"https:\/\/www.amazon.com.br\/MANUAL-OXFORD-TEOLOGIA-FILOS%C3%93FICA-THOMAS\/dp\/8577793222\/ref=sr_1_1?crid=2WWPBO6TM4N6Z&amp;dib=eyJ2IjoiMSJ9.qb5H9o9-VoksWb2irCZbt6R90hnpL-6H0SsoIzrD5V3rCCTdTJQJNjDzvv7JBzuNdx2ArCtfOShwmpvEPgeadXG8AfUU09BlKycsR1M4rRa2VVnH_AI0wr0Op1ZuJcZo-dl6ZUUjD5aD3-Nvp01Lfsb1KkazmX1Q7QydoXx6m2KHzk7NqsNSWfLJUSLhWqWU.vr5DfJQXg2JB7cUNLAhRDtR8jIa4KYJ-UwzjZXOh8tY&amp;dib_tag=se&amp;keywords=manual+oxford+teologia+filos%C3%B3fica&amp;qid=1739455205&amp;sprefix=manual+oxfor%2Caps%2C199&amp;sr=8-1&amp;ufe=app_do%3Aamzn1.fos.a492fd4a-f54d-4e8d-8c31-35e0a04ce61e\"><button> <strong>AMAZON<\/strong> <\/button><\/a> <button>APPLE<\/button><\/p>\n<hr \/>\n<h2 style=\"text-align: center; font-family: AEONIK light;\"><strong>VIDEO<\/strong>-RESENHA<\/h2>\n<hr \/>\n<p align=\"center\"><iframe loading=\"lazy\" title=\"MANUAL OXFORD DE TEOLOGIA FILOS\u00d3FICA [com Davi Bastos] | V\u00cdDEO-RESENHA\" src=\"https:\/\/www.youtube.com\/embed\/-Vc7lk-EbhE\" width=\"953\" height=\"536\" frameborder=\"0\" allowfullscreen=\"allowfullscreen\"><\/iframe><\/p>\n<hr \/>\n<h2 style=\"text-align: center; font-family: AEONIK light;\"><strong>GUIA DE <\/strong>ESTUDOS<\/h2>\n<hr \/>\n<blockquote><p><a href=\"https:\/\/drive.google.com\/file\/d\/1JnUdezRGDBB-tDDJ7gFtpX1qIJCvoK4r\/view?usp=sharing\"><img loading=\"lazy\" decoding=\"async\" class=\"alignleft wp-image-557 size-full\" src=\"http:\/\/ultimato.com.br\/sites\/filosofia-fe-crista\/files\/2025\/02\/Capturar.png\" alt=\"\" width=\"211\" height=\"300\" \/><\/a><\/p>\n<p>&nbsp;<\/p>\n<p>&nbsp;<\/p>\n<p>O <strong><a href=\"https:\/\/drive.google.com\/file\/d\/1JnUdezRGDBB-tDDJ7gFtpX1qIJCvoK4r\/view?usp=sharing\">Guia de Estudos \u2013 Manual Oxford de Teologia Filos\u00f3fica<\/a><\/strong> apresenta um rico material de apoio, al\u00e9m de perguntas para discuss\u00e3o do livro <strong><a href=\"https:\/\/loja.ultimato.com.br\/livros\/manual-oxford-de-teologia-filosofica\">Manual Oxford de Teologia Filos\u00f3fica<\/a><\/strong>, d\u00e9cimo volume da s\u00e9rie Filosofia e F\u00e9 Crist\u00e3, organizado por Thomas P. Flint e Michael C. Rea.<\/p>\n<p>&nbsp;<\/p>\n<p>Arthur Santos oferece uma breve apresenta\u00e7\u00e3o do livro, bem como um gloss\u00e1rio explicativo sobre alguns termos t\u00e9cnicos. Um excelente recurso tanto para a leitura individual, como tamb\u00e9m para o estudo em grupo.<\/p>\n<p>&nbsp;<\/p>\n<p><a href=\"https:\/\/drive.google.com\/file\/d\/1JnUdezRGDBB-tDDJ7gFtpX1qIJCvoK4r\/view?usp=sharing\"><img loading=\"lazy\" decoding=\"async\" class=\"alignleft wp-image-370 size-full\" src=\"http:\/\/ultimato.com.br\/sites\/filosofia-fe-crista\/files\/2023\/06\/Copia-de-Ultimato_Modelo-Twitter-2-2.png\" alt=\"\" width=\"85\" height=\"50\" \/><\/a><\/p>\n<p>&nbsp;<\/p>\n<h2 style=\"font-family: 'AEONIK light'; text-align: left;\"><\/h2>\n<p>&nbsp;<\/p><\/blockquote>\n<hr \/>\n<h2 style=\"text-align: center; font-family: AEONIK light;\"><strong>POD<\/strong>CAST<\/h2>\n<hr \/>\n<h2 style=\"text-align: center; font-family: AEONIK light;\"><iframe loading=\"lazy\" title=\"Ultimato Lives - Manual Oxford - S\u00e9rie FFC - 04\" src=\"https:\/\/www.youtube.com\/embed\/uuPmhXU6d5c\" width=\"953\" height=\"536\" frameborder=\"0\" allowfullscreen=\"allowfullscreen\"><\/iframe><\/h2>\n<hr \/>\n<h2 style=\"text-align: center; font-family: AEONIK light;\"><strong>EN<\/strong>DOSSOS<\/h2>\n<hr \/>\n<blockquote><p>Excelente, com artigos de primeira linha e autores reconhecidos na sua \u00e1rea de atua\u00e7\u00e3o. Contribui\u00e7\u00e3o valiosa, o Manual Oxford de Teologia Filos\u00f3fica mostra qu\u00e3o longe chegamos na filosofia anal\u00edtica no debate sobre religi\u00e3o.<br \/>\n<strong>\u2013 Harry J. Gensler, Notre Dame Philosophical Reviews<\/strong><\/p>\n<p>Uma obra de refer\u00eancia valiosa tanto para interessados em teologia filos\u00f3fica quanto para aqueles que nela podem encontrar material rico para seu pr\u00f3prio trabalho em filosofia da religi\u00e3o, metaf\u00edsica, epistemologia e outras \u00e1reas centrais da filosofia.<\/p>\n<p><strong>\u2013 David S. Oderberg, Times Literary Supplement <\/strong><\/p><\/blockquote>\n<hr \/>\n<h2 style=\"text-align: center; font-family: AEONIK light;\"><strong>OUTROS <\/strong>LINKS<\/h2>\n<hr \/>\n<h4 style=\"text-align: center;\"><\/h4>\n","protected":false},"excerpt":{"rendered":"<p>&#8220;Somente o c\u00e9u torna poss\u00edvel uma compreens\u00e3o da vida que n\u00e3o se conforma com o desapontamento.&#8221; O Manual Oxford de Teologia Filos\u00f3fica tem nome e sobrenome, e re\u00fane alguns dos principais pensadores e quest\u00f5es relacionadas \u00e0 filosofia e religi\u00e3o. Aborda autoridade das Escrituras, tradi\u00e7\u00e3o, igreja, religi\u00e3o e ci\u00eancia, teorias da a\u00e7\u00e3o e da provid\u00eancia divina, [&hellip;]<\/p>\n","protected":false},"author":21,"featured_media":0,"parent":2,"menu_order":0,"comment_status":"closed","ping_status":"closed","template":"page-full-width.php","meta":{"ngg_post_thumbnail":0,"footnotes":""},"class_list":["post-555","page","type-page","status-publish","hentry"],"_links":{"self":[{"href":"https:\/\/ultimato.com.br\/sites\/filosofia-fe-crista\/wp-json\/wp\/v2\/pages\/555","targetHints":{"allow":["GET"]}}],"collection":[{"href":"https:\/\/ultimato.com.br\/sites\/filosofia-fe-crista\/wp-json\/wp\/v2\/pages"}],"about":[{"href":"https:\/\/ultimato.com.br\/sites\/filosofia-fe-crista\/wp-json\/wp\/v2\/types\/page"}],"author":[{"embeddable":true,"href":"https:\/\/ultimato.com.br\/sites\/filosofia-fe-crista\/wp-json\/wp\/v2\/users\/21"}],"replies":[{"embeddable":true,"href":"https:\/\/ultimato.com.br\/sites\/filosofia-fe-crista\/wp-json\/wp\/v2\/comments?post=555"}],"version-history":[{"count":6,"href":"https:\/\/ultimato.com.br\/sites\/filosofia-fe-crista\/wp-json\/wp\/v2\/pages\/555\/revisions"}],"predecessor-version":[{"id":576,"href":"https:\/\/ultimato.com.br\/sites\/filosofia-fe-crista\/wp-json\/wp\/v2\/pages\/555\/revisions\/576"}],"up":[{"embeddable":true,"href":"https:\/\/ultimato.com.br\/sites\/filosofia-fe-crista\/wp-json\/wp\/v2\/pages\/2"}],"wp:attachment":[{"href":"https:\/\/ultimato.com.br\/sites\/filosofia-fe-crista\/wp-json\/wp\/v2\/media?parent=555"}],"curies":[{"name":"wp","href":"https:\/\/api.w.org\/{rel}","templated":true}]}}