{"id":538,"date":"2024-11-22T14:31:40","date_gmt":"2024-11-22T17:31:40","guid":{"rendered":"https:\/\/ultimato.com.br\/sites\/filosofia-fe-crista\/?page_id=538"},"modified":"2025-03-14T15:41:24","modified_gmt":"2025-03-14T18:41:24","slug":"expiacao","status":"publish","type":"page","link":"https:\/\/ultimato.com.br\/sites\/filosofia-fe-crista\/tituloslivros\/expiacao\/","title":{"rendered":"EXPIA\u00c7\u00c3O"},"content":{"rendered":"<hr \/>\n<h3 style=\"text-align: center;\">&#8220;Por meio da expia\u00e7\u00e3o de Cristo, uma pessoa sob a gra\u00e7a \u00e9 libertada da culpa e \u00e9 reconciliada tanto com Deus como com os outros humanos, e sua culpa \u00e9 derrotada atrav\u00e9s de seu crescente florescimento.&#8221;<\/h3>\n<hr \/>\n<p><a href=\"https:\/\/loja.ultimato.com.br\/livros\/expiacao-culpa-perdao-e-o-sacrificio-de-cristo\"><img loading=\"lazy\" decoding=\"async\" class=\"alignleft wp-image-539 size-full\" style=\"border: 1px solid #555;\" src=\"http:\/\/ultimato.com.br\/sites\/filosofia-fe-crista\/files\/2024\/11\/expiacao_culpa_perdao_e_o_sacrificio_de_cristo_853_1_3d6e9088c3666183ee9b8521bc870661.jpg\" alt=\"\" width=\"209\" height=\"301\" \/><\/a><\/p>\n<h4 style=\"font-family: minion pro;\">Doutrina essencial do cristianismo, a remiss\u00e3o de nossos pecados suscitou diferentes interpreta\u00e7\u00f5es ao longo dos s\u00e9culos. Em <a href=\"https:\/\/loja.ultimato.com.br\/livros\/expiacao-culpa-perdao-e-o-sacrificio-de-cristo\">Expia\u00e7\u00e3o<\/a>, Eleonore Stump considera a doutrina com cuidado filos\u00f3fico e teol\u00f3gico e, acrescenta, seja qual for a abordagem, ela deve incluir uma solu\u00e7\u00e3o para os problemas da condi\u00e7\u00e3o humana, especialmente da culpa e da vergonha.<\/h4>\n<p>&nbsp;<\/p>\n<h4 style=\"font-family: minion pro;\"><a href=\"https:\/\/loja.ultimato.com.br\/livros\/expiacao-culpa-perdao-e-o-sacrificio-de-cristo\">Expia\u00e7\u00e3o \u2013 Culpa, perd\u00e3o e o sacrif\u00edcio de Cristo<\/a> apresenta uma contribui\u00e7\u00e3o atual e preciosa para a compreens\u00e3o da doutrina da expia\u00e7\u00e3o.<\/h4>\n<p style=\"font-size: 18px; font-family: AEONIK;\"><a href=\"https:\/\/loja.ultimato.com.br\/livros\/expiacao-culpa-perdao-e-o-sacrificio-de-cristo\"><img loading=\"lazy\" decoding=\"async\" class=\"alignleft wp-image-372 size-full\" src=\"http:\/\/ultimato.com.br\/sites\/filosofia-fe-crista\/files\/2023\/06\/Capturar.jpg\" alt=\"\" width=\"177\" height=\"73\" \/><\/a><\/p>\n<p style=\"color: white;\">\u00a0 COMPRE <strong>AGORA<\/strong><\/p>\n<p>&nbsp;<\/p>\n<p>&nbsp;<\/p>\n<p>&nbsp;<\/p>\n<p style=\"font-size: 16px; font-family: AEONIK;\">FORMATO <strong>DIGITAL <\/strong>(EBOOK): <button> <strong>AMAZON<\/strong> <\/button> <button>APPLE<\/button> <button><strong>KOBO<\/strong><\/button><\/p>\n<p>&nbsp;<\/p>\n<hr \/>\n<h2 style=\"text-align: center; font-family: AEONIK light;\"><strong>VIDEO<\/strong>-RESENHA<\/h2>\n<hr \/>\n<h2 style=\"text-align: center; font-family: AEONIK light;\"><iframe loading=\"lazy\" title=\"EXPIA\u00c7\u00c3O \u2013 CULPA, PERD\u00c3O E O SACRIF\u00cdCIO DE CRISTO [com Davi Bastos] | V\u00cdDEO-RESENHA\" src=\"https:\/\/www.youtube.com\/embed\/lHPwmD-7HGw\" width=\"953\" height=\"536\" frameborder=\"0\" allowfullscreen=\"allowfullscreen\"><\/iframe><\/h2>\n<hr \/>\n<h2 style=\"text-align: center; font-family: AEONIK light;\"><strong>GUIA DE <\/strong>ESTUDOS<\/h2>\n<hr \/>\n<blockquote><p><img loading=\"lazy\" decoding=\"async\" class=\"alignleft wp-image-570 size-full\" src=\"http:\/\/ultimato.com.br\/sites\/filosofia-fe-crista\/files\/2025\/03\/Capturar-1.png\" alt=\"\" width=\"210\" height=\"300\" \/><\/p>\n<p>&nbsp;<\/p>\n<p>O <strong>Guia de Estudos &#8211; Expia\u00e7\u00e3o: Culpa, perd\u00e3o e o sacrif\u00edcio de Cristo<\/strong> apresenta um rico material de apoio, al\u00e9m de perguntas para discuss\u00e3o do livro <a href=\"https:\/\/loja.ultimato.com.br\/livros\/expiacao-culpa-perdao-e-o-sacrificio-de-cristo\"><strong>Expia\u00e7\u00e3o: Culpa, perd\u00e3o e o sacrif\u00edcio de Cristo<\/strong><\/a><em>,\u00a0<\/em>de\u00a0\u00a0Eleonore Stmp.<\/p>\n<p>&nbsp;<\/p>\n<p>Andr\u00e9 Gomes Quirino tamb\u00e9m oferece uma breve apresenta\u00e7\u00e3o e curiosidades do livro, bem como um gloss\u00e1rio explicativo, al\u00e9m de recomenda\u00e7\u00f5es de outras obras em portugu\u00eas sobre o assunto. Um excelente recurso tanto para a leitura individual, como tamb\u00e9m para o estudo em grupo de uma obra escrita por dois dos maiores fil\u00f3sofos contempor\u00e2neos.<\/p>\n<p>&nbsp;<\/p>\n<p><a href=\"https:\/\/drive.google.com\/file\/d\/1pTQfRlft1MjoAazv7vs-Oj1u7hROhJzj\/view?usp=sharing\"><img loading=\"lazy\" decoding=\"async\" class=\"alignleft wp-image-370 size-full\" src=\"http:\/\/ultimato.com.br\/sites\/filosofia-fe-crista\/files\/2023\/06\/Copia-de-Ultimato_Modelo-Twitter-2-2.png\" alt=\"\" width=\"85\" height=\"50\" \/><\/a><\/p>\n<h2><\/h2>\n<h2><\/h2>\n<p>&nbsp;<\/p>\n<p>&nbsp;<\/p>\n<p>&nbsp;<\/p><\/blockquote>\n<hr \/>\n<h2 style=\"text-align: center; font-family: AEONIK light;\"><strong>MINI<\/strong>CURSO<\/h2>\n<hr \/>\n<blockquote>\n<p style=\"text-align: left;\"><img loading=\"lazy\" decoding=\"async\" class=\"alignleft size-full wp-image-539\" src=\"http:\/\/ultimato.com.br\/sites\/filosofia-fe-crista\/files\/2024\/11\/expiacao_culpa_perdao_e_o_sacrificio_de_cristo_853_1_3d6e9088c3666183ee9b8521bc870661.jpg\" alt=\"\" width=\"209\" height=\"301\" \/><\/p>\n<p>&nbsp;<\/p>\n<p>&nbsp;<\/p>\n<p style=\"text-align: left;\"><a href=\"https:\/\/www.youtube.com\/watch?v=H3DTkQEghaU\">Aula 1 &#8211; Expia\u00e7\u00e3o: introduzindo o debate<\/a><\/p>\n<p>&nbsp;<\/p>\n<p><a href=\"https:\/\/www.youtube.com\/watch?v=TPup_huwCOY\">Aula 2 &#8211; Eleonore Stump: facetas da vida e da obra<\/a><\/p>\n<p>&nbsp;<\/p>\n<p><a href=\"https:\/\/www.youtube.com\/watch?v=lyQABATsWWU\">Aula 3 &#8211; O Tom\u00e1s de Stump ante alguns de seus rivais: Anselmo e Eckhart<\/a><\/p>\n<p>&nbsp;<\/p>\n<p><a href=\"https:\/\/www.youtube.com\/watch?v=PAf0LgSb4Mw\">Aula 4 &#8211; Coisas que s\u00f3 as hist\u00f3rias ensinam: os Evangelhos e [&#8230;] outas fontes<\/a><\/p>\n<p>&nbsp;<\/p>\n<p><a href=\"https:\/\/www.youtube.com\/watch?v=taQCfQycqRA\">Aula 5 &#8211; A teologia em encontro com as pessoas: expia\u00e7\u00e3o na vida rea<\/a><\/p>\n<p>&nbsp;<\/p>\n<p>&nbsp;<\/p><\/blockquote>\n<hr \/>\n<h2 style=\"text-align: center; font-family: AEONIK light;\"><strong>POD<\/strong>CAST<\/h2>\n<hr \/>\n<p align=\"center\"><iframe loading=\"lazy\" title=\"Ultimato Lives - FFC-05 - Expia\u00e7\u00e3o - Culpa e perd\u00e3o\" src=\"https:\/\/www.youtube.com\/embed\/gv9sDKiQ6gk\" width=\"953\" height=\"536\" frameborder=\"0\" allowfullscreen=\"allowfullscreen\"><\/iframe><\/p>\n<hr \/>\n<h2 style=\"text-align: center; font-family: AEONIK light;\"><strong>EN<\/strong>DOSSOS<\/h2>\n<hr \/>\n<blockquote><p><strong>Expia\u00e7\u00e3o<\/strong> \u00e9 uma conquista monumental na teologia filos\u00f3fica anal\u00edtica. Uma contribui\u00e7\u00e3o duradoura para o trabalho filos\u00f3fico e teol\u00f3gico sobre a expia\u00e7\u00e3o nos pr\u00f3ximos anos.<br \/>\n<strong>\u2014 Joshua Thurow e Jada Twedt Strabbing, Faith and Philosophy<\/strong><\/p><\/blockquote>\n<blockquote><p>Uma obra magistral sobre a ideia crist\u00e3 de expia\u00e7\u00e3o. Aborda uma s\u00e9rie de quest\u00f5es filos\u00f3ficas, como a metodologia da teologia filos\u00f3fica e a filosofia de Deus, e tamb\u00e9m reflex\u00f5es sobre amor, pecado, culpa, vergonha, perd\u00e3o, arrependimento, puni\u00e7\u00e3o, leitura da mente, psicologia moral, natureza humana e vontade.<br \/>\n<strong>\u2013 Paul Reasoner, Religious Studies Review<\/strong><\/p>\n<p><strong>Expia\u00e7\u00e3o<\/strong>\u00a0\u00e9 uma obra impressionante sobre uma doutrina crist\u00e3 central. Vale a pena ser lida por te\u00f3logos e fil\u00f3sofos.<br \/>\n<strong>\u2013 Wout Bisschop, Philosophia Reformata<\/strong><\/p>\n<p><strong>Expia\u00e7\u00e3o<\/strong>\u00a0\u00e9 uma obra muito significativa dentro da tradi\u00e7\u00e3o da teologia filos\u00f3fica anal\u00edtica, na qual a integridade e a humanidade brilham.<br \/>\n<strong>\u2013 Rolfe King, University of Aberdeen, Notre Dame Philosophical Review<\/strong><\/p>\n<p>Criativa e bem trabalhada\u00a0<strong>Expia\u00e7\u00e3o<\/strong>\u00a0\u00e9 uma obra rica em insights filos\u00f3ficos sobre v\u00e1rios conceitos teol\u00f3gicos, como justifica\u00e7\u00e3o, santifica\u00e7\u00e3o, estar em Cristo e a habita\u00e7\u00e3o do Esp\u00edrito Santo.<br \/>\n<strong>\u2013 R. P. Hoogenboom, Theologia Reformata<\/strong><\/p>\n<p>Recomendo fortemente <strong>Expia\u00e7\u00e3o<\/strong> a todo interessado \u2014 especialista ou entusiasta \u2014 em uma interpreta\u00e7\u00e3o da expia\u00e7\u00e3o consistente com um Deus amoroso<br \/>\n<strong>\u2014 J. Spencer Atkins, Theological Studies<\/strong><\/p><\/blockquote>\n<hr \/>\n<h2 style=\"text-align: center; font-family: AEONIK light;\"><strong>OUTROS <\/strong>LINKS<\/h2>\n<hr \/>\n<blockquote>\n<p style=\"text-align: center;\">EM BREVE<\/p>\n<\/blockquote>\n","protected":false},"excerpt":{"rendered":"<p>&#8220;Por meio da expia\u00e7\u00e3o de Cristo, uma pessoa sob a gra\u00e7a \u00e9 libertada da culpa e \u00e9 reconciliada tanto com Deus como com os outros humanos, e sua culpa \u00e9 derrotada atrav\u00e9s de seu crescente florescimento.&#8221; Doutrina essencial do cristianismo, a remiss\u00e3o de nossos pecados suscitou diferentes interpreta\u00e7\u00f5es ao longo dos s\u00e9culos. Em Expia\u00e7\u00e3o, Eleonore [&hellip;]<\/p>\n","protected":false},"author":21,"featured_media":0,"parent":2,"menu_order":0,"comment_status":"closed","ping_status":"closed","template":"page-full-width.php","meta":{"ngg_post_thumbnail":0,"footnotes":""},"class_list":["post-538","page","type-page","status-publish","hentry"],"_links":{"self":[{"href":"https:\/\/ultimato.com.br\/sites\/filosofia-fe-crista\/wp-json\/wp\/v2\/pages\/538","targetHints":{"allow":["GET"]}}],"collection":[{"href":"https:\/\/ultimato.com.br\/sites\/filosofia-fe-crista\/wp-json\/wp\/v2\/pages"}],"about":[{"href":"https:\/\/ultimato.com.br\/sites\/filosofia-fe-crista\/wp-json\/wp\/v2\/types\/page"}],"author":[{"embeddable":true,"href":"https:\/\/ultimato.com.br\/sites\/filosofia-fe-crista\/wp-json\/wp\/v2\/users\/21"}],"replies":[{"embeddable":true,"href":"https:\/\/ultimato.com.br\/sites\/filosofia-fe-crista\/wp-json\/wp\/v2\/comments?post=538"}],"version-history":[{"count":4,"href":"https:\/\/ultimato.com.br\/sites\/filosofia-fe-crista\/wp-json\/wp\/v2\/pages\/538\/revisions"}],"predecessor-version":[{"id":572,"href":"https:\/\/ultimato.com.br\/sites\/filosofia-fe-crista\/wp-json\/wp\/v2\/pages\/538\/revisions\/572"}],"up":[{"embeddable":true,"href":"https:\/\/ultimato.com.br\/sites\/filosofia-fe-crista\/wp-json\/wp\/v2\/pages\/2"}],"wp:attachment":[{"href":"https:\/\/ultimato.com.br\/sites\/filosofia-fe-crista\/wp-json\/wp\/v2\/media?parent=538"}],"curies":[{"name":"wp","href":"https:\/\/api.w.org\/{rel}","templated":true}]}}