{"id":526,"date":"2024-08-26T13:52:26","date_gmt":"2024-08-26T16:52:26","guid":{"rendered":"https:\/\/ultimato.com.br\/sites\/filosofia-fe-crista\/?page_id=526"},"modified":"2025-03-14T15:46:58","modified_gmt":"2025-03-14T18:46:58","slug":"pessoas","status":"publish","type":"page","link":"https:\/\/ultimato.com.br\/sites\/filosofia-fe-crista\/tituloslivros\/pessoas\/","title":{"rendered":"PESSOAS: HUMANAS E DIVINAS"},"content":{"rendered":"<hr \/>\n<h3 style=\"text-align: center;\">&#8220;A encarna\u00e7\u00e3o \u00e9 bela e misteriosa e inspira temor. [&#8230;] Como Deus Filho est\u00e1 relacionado a seu corpo?&#8221;<\/h3>\n<hr \/>\n<p><img loading=\"lazy\" decoding=\"async\" class=\"alignleft wp-image-527 size-full\" style=\"border: 1px solid #555;\" src=\"http:\/\/ultimato.com.br\/sites\/filosofia-fe-crista\/files\/2024\/08\/abc.jpg\" alt=\"\" width=\"200\" height=\"289\" \/><\/p>\n<h4><\/h4>\n<h4 style=\"font-family: minion pro;\"><strong>Pessoas: Humanas e Divinas \u2013 Ensaios sobre a natureza e o valor das pessoas<\/strong> apresenta quest\u00f5es que s\u00e3o, ao mesmo tempo, filos\u00f3ficas e teol\u00f3gicas; para isso, vale-se de argumentos e ferramentas tanto da filosofia como da teologia. Al\u00e9m disso, o livro aborda temas como Trindade, encarna\u00e7\u00e3o, identidade, personalidade, fantasmas e o valor moral das pessoas.<\/h4>\n<h4 style=\"font-family: minion pro;\">Escrito com rigor e clareza pelos principais expoentes da filosofia anal\u00edtica da religi\u00e3o, como Alvin Plantinga, Swinburne, van Inwagen e Hawthorne, Pessoas: Humanas e Divinas traz argumentos bem elaborados sobre a natureza metaf\u00edsica e o valor \u00e9tico das pessoas. Um debate rico e uma abordagem profunda que levam em conta a autoridade da teologia crist\u00e3.<\/h4>\n<p style=\"font-size: 18px; font-family: AEONIK;\"><a href=\"https:\/\/loja.ultimato.com.br\/livros\/pessoas-humanas-e-divinas\"><img loading=\"lazy\" decoding=\"async\" class=\"alignleft wp-image-372 size-full\" src=\"http:\/\/ultimato.com.br\/sites\/filosofia-fe-crista\/files\/2023\/06\/Capturar.jpg\" alt=\"\" width=\"177\" height=\"73\" \/><\/a><\/p>\n<p style=\"color: white;\">\u00a0 COMPRE <strong>AGORA<\/strong><\/p>\n<p>&nbsp;<\/p>\n<p>&nbsp;<\/p>\n<p>&nbsp;<\/p>\n<p style=\"font-size: 16px; font-family: AEONIK;\">FORMATO <strong>DIGITAL <\/strong>(EBOOK): <button> <strong>AMAZON<\/strong> <\/button> <button>APPLE<\/button><\/p>\n<hr \/>\n<h2 style=\"text-align: center; font-family: AEONIK light;\"><strong>VIDEO<\/strong>-RESENHA<\/h2>\n<hr \/>\n<blockquote>\n<p align=\"center\"><iframe loading=\"lazy\" title=\"PESSOAS: HUMANAS E DIVINAS [com Davi Bastos] | V\u00cdDEO-RESENHA\" src=\"https:\/\/www.youtube.com\/embed\/rk62GqT_vtg\" width=\"953\" height=\"536\" frameborder=\"0\" allowfullscreen=\"allowfullscreen\"><\/iframe><\/p>\n<\/blockquote>\n<hr \/>\n<h2 style=\"text-align: center; font-family: AEONIK light;\"><strong>GUIA DE <\/strong>ESTUDOS<\/h2>\n<hr \/>\n<blockquote><p><img loading=\"lazy\" decoding=\"async\" class=\"alignleft wp-image-569 size-full\" src=\"http:\/\/ultimato.com.br\/sites\/filosofia-fe-crista\/files\/2025\/03\/Capturar.png\" alt=\"\" width=\"210\" height=\"300\" \/><\/p>\n<p>&nbsp;<\/p>\n<p>O <strong>Guia de Estudos &#8211; Pessoas: Humanas e Divinas<\/strong>\u00a0apresenta um rico material de apoio, al\u00e9m de perguntas para discuss\u00e3o do livro\u00a0<strong><a href=\"https:\/\/loja.ultimato.com.br\/livros\/pessoas-humanas-e-divinas\">Pessoas: Humanas e Divinas<\/a><\/strong><em>,\u00a0<\/em>de\u00a0\u00a0Peter van Inwagen e Dean Zimmerman.<\/p>\n<p>&nbsp;<\/p>\n<p>Gesiel Borges da Silva tamb\u00e9m oferece uma breve apresenta\u00e7\u00e3o e curiosidades do livro, bem como um gloss\u00e1rio explicativo, al\u00e9m de recomenda\u00e7\u00f5es de outras obras em portugu\u00eas sobre o assunto. Um excelente recurso tanto para a leitura individual, como tamb\u00e9m para o estudo em grupo de uma obra escrita por dois dos maiores fil\u00f3sofos contempor\u00e2neos.<\/p>\n<p>&nbsp;<\/p>\n<p><a href=\"https:\/\/drive.google.com\/file\/d\/1eDr0luqZTsTWmv21_4llrkkqwjSXiRge\/view?usp=sharing\"><img loading=\"lazy\" decoding=\"async\" class=\"alignleft wp-image-370 size-full\" src=\"http:\/\/ultimato.com.br\/sites\/filosofia-fe-crista\/files\/2023\/06\/Copia-de-Ultimato_Modelo-Twitter-2-2.png\" alt=\"\" width=\"85\" height=\"50\" \/><\/a><\/p>\n<p>&nbsp;<\/p>\n<p>&nbsp;<\/p>\n<p>&nbsp;<\/p>\n<p>&nbsp;<\/p><\/blockquote>\n<hr \/>\n<h2 style=\"text-align: center; font-family: AEONIK light;\"><strong>MINI<\/strong>CURSO<\/h2>\n<hr \/>\n<blockquote>\n<p style=\"text-align: left;\"><img loading=\"lazy\" decoding=\"async\" class=\"alignleft size-full wp-image-530\" src=\"http:\/\/ultimato.com.br\/sites\/filosofia-fe-crista\/files\/2024\/08\/AAA.jpg\" alt=\"\" width=\"208\" height=\"300\" \/><\/p>\n<p>&nbsp;<\/p>\n<p style=\"text-align: left;\"><a href=\"https:\/\/www.youtube.com\/watch?v=54Vi4Vb_f-0&amp;list=PLtez-CeNd8iz3xqF2xvzsc7xDT5k7UAuQ\">Aula 1 &#8211; O problema mente-corpo<\/a><\/p>\n<p>&nbsp;<\/p>\n<p><a href=\"https:\/\/www.youtube.com\/watch?v=RUeB1iittt4&amp;list=PLtez-CeNd8iz3xqF2xvzsc7xDT5k7UAuQ&amp;index=2\">Aula 2 &#8211; Idealismo<\/a><\/p>\n<p>&nbsp;<\/p>\n<p><a href=\"https:\/\/www.youtube.com\/watch?v=6eEiuAfyssQ&amp;list=PLtez-CeNd8iz3xqF2xvzsc7xDT5k7UAuQ&amp;index=3\">Aula 3 &#8211; Dualismo<\/a><\/p>\n<p>&nbsp;<\/p>\n<p><a href=\"https:\/\/www.youtube.com\/watch?v=gCoZcEV5Jnk&amp;list=PLtez-CeNd8iz3xqF2xvzsc7xDT5k7UAuQ&amp;index=4\">Aula 4 &#8211; Fisicalismo<\/a><\/p>\n<p>&nbsp;<\/p>\n<p><a href=\"https:\/\/www.youtube.com\/watch?v=fEveEg18v3E&amp;list=PLtez-CeNd8iz3xqF2xvzsc7xDT5k7UAuQ&amp;index=5\">Aula 5 &#8211; Pessoalidade na doutrina crist\u00e3: Trindade<\/a><\/p>\n<p>&nbsp;<\/p>\n<p>&nbsp;<\/p><\/blockquote>\n<hr \/>\n<h2 style=\"text-align: center; font-family: AEONIK light;\"><strong>POD<\/strong>CAST<\/h2>\n<hr \/>\n<blockquote>\n<p align=\"center\"><iframe loading=\"lazy\" title=\"Ultimato Lives - O que n\u00f3s somos - S\u00e9rie FFC - 03\" src=\"https:\/\/www.youtube.com\/embed\/jimaFE7F0Lw\" width=\"953\" height=\"536\" frameborder=\"0\" allowfullscreen=\"allowfullscreen\"><\/iframe><\/p>\n<\/blockquote>\n<hr \/>\n<h2 style=\"text-align: center; font-family: AEONIK light;\"><strong>EN<\/strong>DOSSOS<\/h2>\n<hr \/>\n<blockquote><p>Muitos dos pontos altos na erudi\u00e7\u00e3o crist\u00e3 t\u00eam sido igualmente parte da filosofia e da teologia. Nenhum dos autores aqui pretenderia ser o pr\u00f3ximo Santo Agostinho, Santo Anselmo ou S\u00e3o Tom\u00e1s de Aquino; nem mesmo o pr\u00f3ximo Samuel Clarke, Joseph Butler ou Jonathan Edwards. Mas os artigos desta cole\u00e7\u00e3o se assemelham \u00e0s suas maiores conquistas em pelo menos dois aspectos: os autores levantam quest\u00f5es que s\u00e3o ao mesmo tempo filos\u00f3ficas e teol\u00f3gicas em natureza, e apelam tanto a considera\u00e7\u00f5es filos\u00f3ficas quanto a considera\u00e7\u00f5es teol\u00f3gicas em suas tentativas de responder a elas.<br \/>\n<strong>\u2013 Dean Zimmerman, professor de filosofia na Universidade Rutgers e diretor do Centro Rutgers de Filosofia da Religi\u00e3o<\/strong><\/p><\/blockquote>\n<blockquote><p>Os cap\u00edtulos que comp\u00f5em Pessoas: Humanas e Divinas s\u00e3o de alta qualidade.<br \/>\n<strong>\u2013 William R. Carter, Notre Dame Philosophical Reviews<\/strong><\/p><\/blockquote>\n<hr \/>\n<h2 style=\"text-align: center; font-family: AEONIK light;\"><strong>OUTROS <\/strong>LINKS<\/h2>\n<hr \/>\n<h4 style=\"text-align: center;\"><\/h4>\n","protected":false},"excerpt":{"rendered":"<p>&#8220;A encarna\u00e7\u00e3o \u00e9 bela e misteriosa e inspira temor. [&#8230;] Como Deus Filho est\u00e1 relacionado a seu corpo?&#8221; Pessoas: Humanas e Divinas \u2013 Ensaios sobre a natureza e o valor das pessoas apresenta quest\u00f5es que s\u00e3o, ao mesmo tempo, filos\u00f3ficas e teol\u00f3gicas; para isso, vale-se de argumentos e ferramentas tanto da filosofia como da teologia. [&hellip;]<\/p>\n","protected":false},"author":21,"featured_media":0,"parent":2,"menu_order":8,"comment_status":"closed","ping_status":"closed","template":"page-full-width.php","meta":{"ngg_post_thumbnail":0,"footnotes":""},"class_list":["post-526","page","type-page","status-publish","hentry"],"_links":{"self":[{"href":"https:\/\/ultimato.com.br\/sites\/filosofia-fe-crista\/wp-json\/wp\/v2\/pages\/526","targetHints":{"allow":["GET"]}}],"collection":[{"href":"https:\/\/ultimato.com.br\/sites\/filosofia-fe-crista\/wp-json\/wp\/v2\/pages"}],"about":[{"href":"https:\/\/ultimato.com.br\/sites\/filosofia-fe-crista\/wp-json\/wp\/v2\/types\/page"}],"author":[{"embeddable":true,"href":"https:\/\/ultimato.com.br\/sites\/filosofia-fe-crista\/wp-json\/wp\/v2\/users\/21"}],"replies":[{"embeddable":true,"href":"https:\/\/ultimato.com.br\/sites\/filosofia-fe-crista\/wp-json\/wp\/v2\/comments?post=526"}],"version-history":[{"count":5,"href":"https:\/\/ultimato.com.br\/sites\/filosofia-fe-crista\/wp-json\/wp\/v2\/pages\/526\/revisions"}],"predecessor-version":[{"id":573,"href":"https:\/\/ultimato.com.br\/sites\/filosofia-fe-crista\/wp-json\/wp\/v2\/pages\/526\/revisions\/573"}],"up":[{"embeddable":true,"href":"https:\/\/ultimato.com.br\/sites\/filosofia-fe-crista\/wp-json\/wp\/v2\/pages\/2"}],"wp:attachment":[{"href":"https:\/\/ultimato.com.br\/sites\/filosofia-fe-crista\/wp-json\/wp\/v2\/media?parent=526"}],"curies":[{"name":"wp","href":"https:\/\/api.w.org\/{rel}","templated":true}]}}