{"id":516,"date":"2024-07-11T15:51:06","date_gmt":"2024-07-11T18:51:06","guid":{"rendered":"https:\/\/ultimato.com.br\/sites\/filosofia-fe-crista\/?page_id=516"},"modified":"2025-02-13T10:56:12","modified_gmt":"2025-02-13T13:56:12","slug":"fe-ritualizada","status":"publish","type":"page","link":"https:\/\/ultimato.com.br\/sites\/filosofia-fe-crista\/tituloslivros\/fe-ritualizada\/","title":{"rendered":"F\u00c9 RITUALIZADA"},"content":{"rendered":"<hr \/>\n<h3 style=\"text-align: center;\">&#8220;O ensinamento de Jesus \u00e9 que, para cumprirmos o segundo mandamento do amor, n\u00e3o devemos apenas reagir com o cora\u00e7\u00e3o aberto \u00e0s necessidades e obriga\u00e7\u00f5es que encontramos, mas tamb\u00e9m, de uma maneira significativa, voltar nossa aten\u00e7\u00e3o e energia para as necessidades daqueles que pertencem a outros grupos, tornando-os foco de nossa preocupa\u00e7\u00e3o.&#8221;<\/h3>\n<hr \/>\n<p><a href=\"https:\/\/loja.ultimato.com.br\/livros\/fe-ritualizada-pre-venda\"><img loading=\"lazy\" decoding=\"async\" class=\"alignleft wp-image-514\" style=\"border: 1px solid #555;\" src=\"http:\/\/ultimato.com.br\/sites\/filosofia-fe-crista\/files\/2024\/07\/capa_fe_ritualizada-208x300.jpg\" alt=\"\" width=\"200\" height=\"288\" srcset=\"https:\/\/ultimato.com.br\/sites\/filosofia-fe-crista\/files\/2024\/07\/capa_fe_ritualizada-208x300.jpg 208w, https:\/\/ultimato.com.br\/sites\/filosofia-fe-crista\/files\/2024\/07\/capa_fe_ritualizada-710x1024.jpg 710w, https:\/\/ultimato.com.br\/sites\/filosofia-fe-crista\/files\/2024\/07\/capa_fe_ritualizada-768x1108.jpg 768w, https:\/\/ultimato.com.br\/sites\/filosofia-fe-crista\/files\/2024\/07\/capa_fe_ritualizada-1065x1536.jpg 1065w, https:\/\/ultimato.com.br\/sites\/filosofia-fe-crista\/files\/2024\/07\/capa_fe_ritualizada-1420x2048.jpg 1420w, https:\/\/ultimato.com.br\/sites\/filosofia-fe-crista\/files\/2024\/07\/capa_fe_ritualizada-732x1056.jpg 732w, https:\/\/ultimato.com.br\/sites\/filosofia-fe-crista\/files\/2024\/07\/capa_fe_ritualizada-1140x1644.jpg 1140w, https:\/\/ultimato.com.br\/sites\/filosofia-fe-crista\/files\/2024\/07\/capa_fe_ritualizada-scaled.jpg 1775w\" sizes=\"auto, (max-width: 200px) 100vw, 200px\" \/><\/a><\/p>\n<h4 style=\"font-family: minion pro;\"><strong>F\u00e9 Ritualizada \u2013 Ensaios em filosofia da liturgia<\/strong> explora filosoficamente a riqueza da vida lit\u00fargica, das m\u00faltiplas formas como ela \u00e9 expressa na tradi\u00e7\u00e3o (especialmente na tradi\u00e7\u00e3o ortodoxa).<\/h4>\n<h4 style=\"font-family: minion pro;\">Para o autor, a liturgia n\u00e3o \u00e9 um ap\u00eandice da vida crist\u00e3. Ele explora o significado e as implica\u00e7\u00f5es dos ritos, incluindo posturas e recita\u00e7\u00f5es coletivas. Discorre tamb\u00e9m sobre a \u00e9tica das atividades religiosas e sobre o problema da oculta\u00e7\u00e3o divina.<\/h4>\n<h4 style=\"font-family: minion pro;\"><strong>F\u00e9 Ritualizada<\/strong> explora o significado do canto lit\u00fargico, da iconografia e tamb\u00e9m aponta a liturgia na vida crist\u00e3 como a express\u00e3o pr\u00e1tica da convic\u00e7\u00e3o da tradi\u00e7\u00e3o, uma resposta ao convite divino e o reconhecimento de uma voca\u00e7\u00e3o.<\/h4>\n<p style=\"font-size: 18px; font-family: AEONIK;\"><a href=\"https:\/\/loja.ultimato.com.br\/livros\/fe-ritualizada-pre-venda\"><img loading=\"lazy\" decoding=\"async\" class=\"alignleft wp-image-372 size-full\" src=\"http:\/\/ultimato.com.br\/sites\/filosofia-fe-crista\/files\/2023\/06\/Capturar.jpg\" alt=\"\" width=\"177\" height=\"73\" \/><\/a><\/p>\n<p style=\"color: white;\">\u00a0 COMPRE <strong>AGORA<\/strong><\/p>\n<p>&nbsp;<\/p>\n<p>&nbsp;<\/p>\n<p>&nbsp;<\/p>\n<p style=\"font-size: 16px; font-family: AEONIK;\">FORMATO <strong>DIGITAL <\/strong>(EBOOK): <a href=\"https:\/\/www.amazon.com.br\/F%C3%A9-Ritualizada-Filosofia-Liturgia-Filoofia-ebook\/dp\/B0D5SDS7JN\/ref=sr_1_1?crid=ZZATJDTS1RBM&amp;dib=eyJ2IjoiMSJ9.5eWDGVDoI9g-JVcA_pM6iBkypJGzuVcXpc4FQ8oVeUQ.uhZTqNJ3x_Dtp7H-funqUt2ekAFjS8lExaDP9ggUGlY&amp;dib_tag=se&amp;keywords=f%C3%A9+ritualizada&amp;qid=1717593716&amp;s=digital-text&amp;sprefix=%2Cdigital-text%2C226&amp;sr=1-1\"><button> <strong>AMAZON<\/strong> <\/button><\/a> <a href=\"https:\/\/books.apple.com\/br\/book\/f%C3%A9-ritualizada\/id6503635366\"><button>APPLE<\/button><\/a><\/p>\n<hr \/>\n<h2 style=\"text-align: center; font-family: AEONIK light;\"><strong>VIDEO<\/strong>-RESENHA<\/h2>\n<hr \/>\n<p align=\"center\"><iframe loading=\"lazy\" title=\"F\u00c9 RITUALIZADA [com Arthur Santos] | V\u00cdDEO-RESENHA\" src=\"https:\/\/www.youtube.com\/embed\/0TrmqaD_E4o\" width=\"953\" height=\"536\" frameborder=\"0\" allowfullscreen=\"allowfullscreen\"><\/iframe><\/p>\n<hr \/>\n<h2 style=\"text-align: center; font-family: AEONIK light;\"><strong>GUIA DE <\/strong>ESTUDOS<\/h2>\n<hr \/>\n<blockquote><p>&nbsp;<\/p>\n<p><a href=\"https:\/\/drive.google.com\/file\/d\/1lRLLCr7Ss23jBaeoEWiub-9hXOVSPdYY\/view?usp=sharing\"><img loading=\"lazy\" decoding=\"async\" class=\"alignleft wp-image-534 size-full\" src=\"http:\/\/ultimato.com.br\/sites\/filosofia-fe-crista\/files\/2024\/11\/Capturar.png\" alt=\"\" width=\"211\" height=\"300\" \/><\/a><\/p>\n<p>&nbsp;<\/p>\n<p>&nbsp;<\/p>\n<p>O <strong><a href=\"https:\/\/drive.google.com\/file\/d\/1fU2b5P1Sm_wpxY2e0OLdD-KIw5w80VtP\/view?usp=sharing\">Guia de Estudos \u2013 F\u00e9 Ritualizada<\/a><\/strong> apresenta um rico material de apoio, al\u00e9m de perguntas para discuss\u00e3o do livro <strong><a href=\"https:\/\/loja.ultimato.com.br\/livros\/fe-ritualizada-pre-venda\">F\u00e9 Ritualizada \u2013 Ensaios em filosofia da liturgia<\/a><\/strong>, s\u00e9timo volume da s\u00e9rie Filosofia e F\u00e9 Crist\u00e3, de Terence Cuneo.<\/p>\n<p>&nbsp;<\/p>\n<p>Aleff Oliveira e Arthur Santos oferecem uma breve apresenta\u00e7\u00e3o do livro, bem como um gloss\u00e1rio explicativo sobre alguns termos t\u00e9cnicos. Um excelente recurso tanto para a leitura individual, como tamb\u00e9m para o estudo em grupo.<\/p>\n<p>&nbsp;<\/p>\n<p><a href=\"https:\/\/drive.google.com\/file\/d\/1fU2b5P1Sm_wpxY2e0OLdD-KIw5w80VtP\/view?usp=sharing\"><img loading=\"lazy\" decoding=\"async\" class=\"alignleft wp-image-370 size-full\" src=\"http:\/\/ultimato.com.br\/sites\/filosofia-fe-crista\/files\/2023\/06\/Copia-de-Ultimato_Modelo-Twitter-2-2.png\" alt=\"\" width=\"85\" height=\"50\" \/><\/a><\/p>\n<p>&nbsp;<\/p>\n<p>&nbsp;<\/p>\n<p>&nbsp;<\/p>\n<p>&nbsp;<\/p><\/blockquote>\n<hr \/>\n<h2 style=\"text-align: center; font-family: AEONIK light;\"><strong>MINI<\/strong>CURSO<\/h2>\n<hr \/>\n<blockquote><p><img loading=\"lazy\" decoding=\"async\" class=\"alignleft wp-image-514\" src=\"http:\/\/ultimato.com.br\/sites\/filosofia-fe-crista\/files\/2024\/07\/capa_fe_ritualizada-208x300.jpg\" alt=\"\" width=\"200\" height=\"288\" srcset=\"https:\/\/ultimato.com.br\/sites\/filosofia-fe-crista\/files\/2024\/07\/capa_fe_ritualizada-208x300.jpg 208w, https:\/\/ultimato.com.br\/sites\/filosofia-fe-crista\/files\/2024\/07\/capa_fe_ritualizada-710x1024.jpg 710w, https:\/\/ultimato.com.br\/sites\/filosofia-fe-crista\/files\/2024\/07\/capa_fe_ritualizada-768x1108.jpg 768w, https:\/\/ultimato.com.br\/sites\/filosofia-fe-crista\/files\/2024\/07\/capa_fe_ritualizada-1065x1536.jpg 1065w, https:\/\/ultimato.com.br\/sites\/filosofia-fe-crista\/files\/2024\/07\/capa_fe_ritualizada-1420x2048.jpg 1420w, https:\/\/ultimato.com.br\/sites\/filosofia-fe-crista\/files\/2024\/07\/capa_fe_ritualizada-732x1056.jpg 732w, https:\/\/ultimato.com.br\/sites\/filosofia-fe-crista\/files\/2024\/07\/capa_fe_ritualizada-1140x1644.jpg 1140w, https:\/\/ultimato.com.br\/sites\/filosofia-fe-crista\/files\/2024\/07\/capa_fe_ritualizada-scaled.jpg 1775w\" sizes=\"auto, (max-width: 200px) 100vw, 200px\" \/><\/p>\n<p>&nbsp;<\/p>\n<p><a href=\"https:\/\/www.youtube.com\/watch?v=hpObsON0Na4\">Aula 1 &#8211; Introdu\u00e7\u00e3o \u00e0 Filosofia da Liturgia<\/a><\/p>\n<p>&nbsp;<\/p>\n<p><a href=\"https:\/\/www.youtube.com\/watch?v=iC_BVgU2yWk\">Aula 2 &#8211; Liturgia e Eucaristia<\/a><\/p>\n<p>&nbsp;<\/p>\n<p><a href=\"https:\/\/www.youtube.com\/watch?v=3fq5hkxUH1Y\">Aula 3 &#8211; Oculta\u00e7\u00e3o Divina e Liturgia<\/a><\/p>\n<p>&nbsp;<\/p>\n<p><a href=\"https:\/\/www.youtube.com\/watch?v=Ty4-WN6AWXk\">Aula 4 &#8211; Dupla Ag\u00eancia, Escritura e Liturgia<\/a><\/p>\n<p>&nbsp;<\/p>\n<p><a href=\"https:\/\/www.youtube.com\/watch?v=JMlgfiQDCAg\">Aula 5 &#8211; F\u00e9 Crist\u00e3, Cren\u00e7a e D\u00favida<\/a><\/p>\n<p>&nbsp;<\/p><\/blockquote>\n<hr \/>\n<h2 style=\"text-align: center; font-family: AEONIK light;\"><strong>POD<\/strong>CAST<\/h2>\n<hr \/>\n<h2 style=\"text-align: center; font-family: AEONIK light;\"><iframe loading=\"lazy\" title=\"Ultimato Lives \u2014 A liturgia est\u00e1 no centro da vida crist\u00e3?\" src=\"https:\/\/www.youtube.com\/embed\/ghWoq5zcNMI\" width=\"953\" height=\"536\" frameborder=\"0\" allowfullscreen=\"allowfullscreen\"><\/iframe><\/h2>\n<hr \/>\n<h2 style=\"text-align: center; font-family: AEONIK light;\"><strong>EN<\/strong>DOSSOS<\/h2>\n<hr \/>\n<blockquote><p><strong>F\u00e9 Ritualizada<\/strong> abre a porta para uma nova maneira de praticar a filosofia da religi\u00e3o. A teologia filos\u00f3fica, a filosofia da literatura, a epistemologia e a filosofia da linguagem est\u00e3o lado a lado neste livro, em um di\u00e1logo profundo e robusto. Os frutos deste trabalho s\u00e3o numerosos demais para serem mencionados. [&#8230;] Que este livro envolvente e esclarecedor seja amplamente lido e discutido.<br \/>\n<strong>\u2013 Samuel Lebens, University of Haifa, em Notre Dame Philosophical Reviews<\/strong>Cuneo traz uma nova perspectiva para muitas quest\u00f5es lit\u00fargicas exatamente porque as aborda como quest\u00f5es formuladas mais filosoficamente do que teologicamente. Sua honestidade em rela\u00e7\u00e3o ao seu pr\u00f3prio compromisso de f\u00e9 e sua luta cont\u00ednua com a d\u00favida tamb\u00e9m acrescentam um forte tom de autenticidade e urg\u00eancia \u00e0 sua abordagem, da qual os te\u00f3logos fariam bem em tomar nota cuidadosa.<\/p>\n<p><strong>\u2013 David A. Stosur, Cardinal Stritch University, em Reading Religion<\/strong><\/p><\/blockquote>\n<hr \/>\n<h2 style=\"text-align: center; font-family: AEONIK light;\"><strong>OUTROS <\/strong>LINKS<\/h2>\n<hr \/>\n<h4 style=\"text-align: center;\">\u2022 <a href=\"https:\/\/www.youtube.com\/watch?v=ghWoq5zcNMI\">Live de lan\u00e7amento do livro com Arthur Santos, Marcelo Cabral e Davi Bastos.<\/a><\/h4>\n<h4 style=\"text-align: center;\">\u2022 <a href=\"https:\/\/www.ultimato.com.br\/conteudo\/versao-ampliada-de-por-que-nao-filosofar-sobre-a-liturgia\">Por que n\u00e3o filosofar sobre a liturgia?, resenha de Arthur Santos<\/a><\/h4>\n","protected":false},"excerpt":{"rendered":"<p>&#8220;O ensinamento de Jesus \u00e9 que, para cumprirmos o segundo mandamento do amor, n\u00e3o devemos apenas reagir com o cora\u00e7\u00e3o aberto \u00e0s necessidades e obriga\u00e7\u00f5es que encontramos, mas tamb\u00e9m, de uma maneira significativa, voltar nossa aten\u00e7\u00e3o e energia para as necessidades daqueles que pertencem a outros grupos, tornando-os foco de nossa preocupa\u00e7\u00e3o.&#8221; F\u00e9 Ritualizada \u2013 [&hellip;]<\/p>\n","protected":false},"author":21,"featured_media":0,"parent":2,"menu_order":7,"comment_status":"closed","ping_status":"closed","template":"page-full-width.php","meta":{"ngg_post_thumbnail":0,"footnotes":""},"class_list":["post-516","page","type-page","status-publish","hentry"],"_links":{"self":[{"href":"https:\/\/ultimato.com.br\/sites\/filosofia-fe-crista\/wp-json\/wp\/v2\/pages\/516","targetHints":{"allow":["GET"]}}],"collection":[{"href":"https:\/\/ultimato.com.br\/sites\/filosofia-fe-crista\/wp-json\/wp\/v2\/pages"}],"about":[{"href":"https:\/\/ultimato.com.br\/sites\/filosofia-fe-crista\/wp-json\/wp\/v2\/types\/page"}],"author":[{"embeddable":true,"href":"https:\/\/ultimato.com.br\/sites\/filosofia-fe-crista\/wp-json\/wp\/v2\/users\/21"}],"replies":[{"embeddable":true,"href":"https:\/\/ultimato.com.br\/sites\/filosofia-fe-crista\/wp-json\/wp\/v2\/comments?post=516"}],"version-history":[{"count":8,"href":"https:\/\/ultimato.com.br\/sites\/filosofia-fe-crista\/wp-json\/wp\/v2\/pages\/516\/revisions"}],"predecessor-version":[{"id":554,"href":"https:\/\/ultimato.com.br\/sites\/filosofia-fe-crista\/wp-json\/wp\/v2\/pages\/516\/revisions\/554"}],"up":[{"embeddable":true,"href":"https:\/\/ultimato.com.br\/sites\/filosofia-fe-crista\/wp-json\/wp\/v2\/pages\/2"}],"wp:attachment":[{"href":"https:\/\/ultimato.com.br\/sites\/filosofia-fe-crista\/wp-json\/wp\/v2\/media?parent=516"}],"curies":[{"name":"wp","href":"https:\/\/api.w.org\/{rel}","templated":true}]}}