{"id":471,"date":"2024-02-06T16:46:44","date_gmt":"2024-02-06T19:46:44","guid":{"rendered":"https:\/\/ultimato.com.br\/sites\/filosofia-fe-crista\/?page_id=471"},"modified":"2024-11-22T13:38:51","modified_gmt":"2024-11-22T16:38:51","slug":"oracao-de-peticao","status":"publish","type":"page","link":"https:\/\/ultimato.com.br\/sites\/filosofia-fe-crista\/tituloslivros\/oracao-de-peticao\/","title":{"rendered":"ORA\u00c7\u00c3O DE PETI\u00c7\u00c3O"},"content":{"rendered":"<hr \/>\n<h3 style=\"text-align: center;\">&#8220;Os ensinamentos de Jesus ocupam um papel central na compreens\u00e3o crist\u00e3 da ora\u00e7\u00e3o de peti\u00e7\u00e3o, mas tamb\u00e9m geram desafios interessantes por si s\u00f3.&#8221;<\/h3>\n<hr \/>\n<p><a href=\"https:\/\/loja.ultimato.com.br\/livros\/oracao-de-peticao\"><img loading=\"lazy\" decoding=\"async\" class=\"alignleft wp-image-472 size-full\" style=\"border: 1px solid #555;\" src=\"http:\/\/ultimato.com.br\/sites\/filosofia-fe-crista\/files\/2024\/01\/oracao_de_peticao_631_1_2b9027baf773c76d895a9cdd24ff8ba2.jpg\" alt=\"\" width=\"200\" height=\"287\" \/><\/a><\/p>\n<h4><\/h4>\n<h4 style=\"font-family: minion pro;\">A ora\u00e7\u00e3o pode mudar a a\u00e7\u00e3o de Deus?<\/h4>\n<h4 style=\"font-family: minion pro;\">Tendo em vista o que sabemos sobre Deus, livre-arb\u00edtrio, sobre bem e mal, a ora\u00e7\u00e3o faz sentido?<\/h4>\n<h4 style=\"font-family: minion pro;\">Aqueles que creem na exist\u00eancia de Deus sempre reconheceram limites l\u00f3gicos e morais para a a\u00e7\u00e3o divina no mundo. No entanto, \u00e9 inevit\u00e1vel perguntar: tais limites deixam algum espa\u00e7o para que a ora\u00e7\u00e3o de s\u00faplica fa\u00e7a diferen\u00e7a?<\/h4>\n<h4 style=\"font-family: minion pro;\">Ora\u00e7\u00e3o de Peti\u00e7\u00e3o \u2013 Uma investiga\u00e7\u00e3o filos\u00f3fica explora as quest\u00f5es filos\u00f3ficas envolvidas na ideia de ora\u00e7\u00e3o de peti\u00e7\u00e3o, concebida como uma atividade destinada a influenciar a a\u00e7\u00e3o do Deus.<\/h4>\n<p style=\"font-size: 18px; font-family: AEONIK;\"><a href=\"https:\/\/loja.ultimato.com.br\/livros\/oracao-de-peticao\"><img loading=\"lazy\" decoding=\"async\" class=\"alignleft wp-image-372 size-full\" src=\"http:\/\/ultimato.com.br\/sites\/filosofia-fe-crista\/files\/2023\/06\/Capturar.jpg\" alt=\"\" width=\"177\" height=\"73\" \/><\/a><\/p>\n<p style=\"color: white;\">\u00a0 COMPRE <strong>AGORA<\/strong><\/p>\n<p>&nbsp;<\/p>\n<p>&nbsp;<\/p>\n<p>&nbsp;<\/p>\n<p style=\"font-size: 16px; font-family: AEONIK;\">FORMATO <strong>DIGITAL <\/strong>(EBOOK): <a href=\"https:\/\/www.amazon.com.br\/Ora%C3%A7%C3%A3o-Peti%C3%A7%C3%A3o-investiga%C3%A7%C3%A3o-filos%C3%B3fica-Filosofia-ebook\/dp\/B0CTJ5H744\/ref=sr_1_1?__mk_pt_BR=%C3%85M%C3%85%C5%BD%C3%95%C3%91&amp;crid=YCLGTX6NJRLX&amp;keywords=ora%C3%A7%C3%A3o+de+peti%C3%A7%C3%A3o&amp;qid=1707247913&amp;sprefix=ora%C3%A7%C3%A3o+de+peti%C3%A7%C3%A3o%2Caps%2C212&amp;sr=8-1\"><button> <strong>AMAZON<\/strong> <\/button><\/a> <a href=\"https:\/\/books.apple.com\/br\/book\/ora%C3%A7%C3%A3o-de-peti%C3%A7%C3%A3o\/id6476887920\"><button>APPLE<\/button><\/a> <a href=\"https:\/\/www.kobo.com\/br\/pt\/ebook\/oracao-de-peticao\"><button><strong>KOBO<\/strong><\/button><\/a><\/p>\n<hr \/>\n<h2 style=\"text-align: center; font-family: AEONIK light;\"><strong>VIDEO<\/strong>-RESENHA<\/h2>\n<hr \/>\n<p align=\"center\"><iframe loading=\"lazy\" title=\"ORA\u00c7\u00c3O DE PETI\u00c7\u00c3O [com Davi Lago] | V\u00cdDEO-RESENHA\" src=\"https:\/\/www.youtube.com\/embed\/O4WhK7atsIo\" width=\"953\" height=\"536\" frameborder=\"0\" allowfullscreen=\"allowfullscreen\"><\/iframe><\/p>\n<hr \/>\n<h2 style=\"text-align: center; font-family: AEONIK light;\"><strong>GUIA DE <\/strong>ESTUDOS<\/h2>\n<hr \/>\n<blockquote><p><a href=\"https:\/\/drive.google.com\/file\/d\/1lRLLCr7Ss23jBaeoEWiub-9hXOVSPdYY\/view?usp=sharing\"><img loading=\"lazy\" decoding=\"async\" class=\"alignleft wp-image-497 size-full\" src=\"http:\/\/ultimato.com.br\/sites\/filosofia-fe-crista\/files\/2024\/03\/Guia-de-Estudo_Petitionary-Prayer-1_page-0001.jpg\" alt=\"\" width=\"211\" height=\"300\" \/><\/a><\/p>\n<p>&nbsp;<\/p>\n<p>&nbsp;<\/p>\n<p>O <strong><a href=\"https:\/\/drive.google.com\/file\/d\/1lRLLCr7Ss23jBaeoEWiub-9hXOVSPdYY\/view?usp=sharing\">Guia de Estudos \u2013 Ora\u00e7\u00e3o de Peti\u00e7\u00e3o<\/a><\/strong> apresenta um rico material de apoio, al\u00e9m de perguntas para discuss\u00e3o do livro <strong><a href=\"https:\/\/loja.ultimato.com.br\/livros\/oracao-de-peticao\">Ora\u00e7\u00e3o de Peti\u00e7\u00e3o \u2013 Uma investiga\u00e7\u00e3o filos\u00f3fica<\/a><\/strong>, sexto volume da s\u00e9rie Filosofia e F\u00e9 Crist\u00e3, de Scott A. Davison.<\/p>\n<p>&nbsp;<\/p>\n<p>Arthur Santos oferece uma breve apresenta\u00e7\u00e3o do livro, bem como um gloss\u00e1rio explicativo sobre alguns termos t\u00e9cnicos. Um excelente recurso tanto para a leitura individual, como tamb\u00e9m para o estudo em grupo.<\/p>\n<p>&nbsp;<\/p>\n<p><a href=\"https:\/\/drive.google.com\/file\/d\/1lRLLCr7Ss23jBaeoEWiub-9hXOVSPdYY\/view?usp=sharing\"><img loading=\"lazy\" decoding=\"async\" class=\"alignleft wp-image-370 size-full\" src=\"http:\/\/ultimato.com.br\/sites\/filosofia-fe-crista\/files\/2023\/06\/Copia-de-Ultimato_Modelo-Twitter-2-2.png\" alt=\"\" width=\"85\" height=\"50\" \/><\/a><\/p>\n<p>&nbsp;<\/p>\n<p>&nbsp;<\/p>\n<p>&nbsp;<\/p>\n<p>&nbsp;<\/p><\/blockquote>\n<hr \/>\n<h2 style=\"text-align: center; font-family: AEONIK light;\"><strong>MINI<\/strong>CURSO<\/h2>\n<hr \/>\n<blockquote><p>&nbsp;<\/p>\n<p><img loading=\"lazy\" decoding=\"async\" class=\"wp-image-479 size-full alignleft\" src=\"http:\/\/ultimato.com.br\/sites\/filosofia-fe-crista\/files\/2024\/02\/ora.jpg\" alt=\"\" width=\"200\" height=\"287\" \/><\/p>\n<p>&nbsp;<\/p>\n<p><a href=\"https:\/\/www.youtube.com\/watch?v=w-Rhal8BNDE&amp;list=PLtez-CeNd8ixsGP5gy89mN76RWN4tvoqZ\">Aula 1 &#8211; Ora\u00e7\u00e3o de peti\u00e7\u00e3o e a provid\u00eancia divina<\/a><\/p>\n<p>&nbsp;<\/p>\n<p><a href=\"https:\/\/www.youtube.com\/watch?v=ARvJgz3l7L8&amp;list=PLtez-CeNd8ixsGP5gy89mN76RWN4tvoqZ&amp;index=2\">Aula 2 &#8211; Liberdade divina<\/a><\/p>\n<p>&nbsp;<\/p>\n<p><a href=\"https:\/\/www.youtube.com\/watch?v=_SQXPDG_TxU&amp;list=PLtez-CeNd8ixsGP5gy89mN76RWN4tvoqZ&amp;index=4\">Aula 3 &#8211; Problema do mal e defesas te\u00edstas, parte 1<\/a><\/p>\n<p>&nbsp;<\/p>\n<p><a href=\"https:\/\/www.youtube.com\/watch?v=IbaIr9a4osQ&amp;list=PLtez-CeNd8ixsGP5gy89mN76RWN4tvoqZ&amp;index=3\">Aula 4 &#8211; Problema do mal e as defesas te\u00edstas, parte 2<\/a><\/p>\n<p>&nbsp;<\/p>\n<p><a href=\"https:\/\/www.youtube.com\/watch?v=vWNF1tLqgrM&amp;list=PLtez-CeNd8ixsGP5gy89mN76RWN4tvoqZ&amp;index=5\">Aula 5 &#8211; T\u00f3picos epistemol\u00f3gicos<\/a><\/p>\n<p>&nbsp;<\/p>\n<p>&nbsp;<\/p><\/blockquote>\n<hr \/>\n<h2 style=\"text-align: center; font-family: AEONIK light;\"><strong>POD<\/strong>CAST<\/h2>\n<hr \/>\n<p align=\"center\"><iframe loading=\"lazy\" title=\"Ultimato Lives - Ora\u00e7\u00e3o de Peti\u00e7\u00e3o\" src=\"https:\/\/www.youtube.com\/embed\/98VyhE3ZOdw\" width=\"953\" height=\"536\" frameborder=\"0\" allowfullscreen=\"allowfullscreen\"><span data-mce-type=\"bookmark\" style=\"display: inline-block; width: 0px; overflow: hidden; line-height: 0;\" class=\"mce_SELRES_start\">\ufeff<\/span><\/iframe><\/p>\n<hr \/>\n<h2 style=\"text-align: center; font-family: AEONIK light;\"><strong>EN<\/strong>DOSSOS<\/h2>\n<hr \/>\n<blockquote><p><strong>Ora\u00e7\u00e3o de Peti\u00e7\u00e3o \u2013 Uma investiga\u00e7\u00e3o filos\u00f3fica<\/strong> \u00e9 um excelente panorama do debate atual sobre as ora\u00e7\u00f5es de peti\u00e7\u00e3o. Ideal para cursos e alunos de gradua\u00e7\u00e3o e de p\u00f3s-gradua\u00e7\u00e3o [em filosofia].<br \/>\n<strong>\u2013 Matthew Flummer, Porterville College<\/strong><\/p><\/blockquote>\n<blockquote><p>Scott Davison apresenta os desafios levantados pela ora\u00e7\u00e3o de peti\u00e7\u00e3o, bem como os argumentos a favor e contra, com especial destaque para as respostas com alguma plausibilidade no pano de fundo te\u00edsta.<br \/>\n<strong>\u2013 Stephen J. Wykstra, Calvin College<\/strong><\/p><\/blockquote>\n<blockquote><p>A maior contribui\u00e7\u00e3o de <strong>Ora\u00e7\u00e3o de Peti\u00e7\u00e3o \u2013 Uma investiga\u00e7\u00e3o filos\u00f3fica<\/strong> \u00e9 mapear os principais argumentos contra e a favor da ora\u00e7\u00e3o de peti\u00e7\u00e3o presentes na literatura filos\u00f3fica contempor\u00e2nea, al\u00e9m de desenvolver novos argumentos que aprimoram a discuss\u00e3o. Uma leitura obrigat\u00f3ria para aqueles que querem refletir filosoficamente sobre este tema.<br \/>\n<strong>\u2013 Arthur Santos<\/strong><\/p><\/blockquote>\n<hr \/>\n<h2 style=\"text-align: center; font-family: AEONIK light;\"><strong>OUTROS <\/strong>LINKS<\/h2>\n<hr \/>\n<h4 style=\"text-align: center;\"><a href=\"https:\/\/www.ultimato.com.br\/conteudo\/e-razoavel-pensar-que-deus-atende-a-oracoes-especificas\">\u2022 \u00c9 razo\u00e1vel pensar que Deus atende a ora\u00e7\u00f5es espec\u00edficas?, Arthur Henrique Soares dos Santos.<\/a><\/h4>\n","protected":false},"excerpt":{"rendered":"<p>&#8220;Os ensinamentos de Jesus ocupam um papel central na compreens\u00e3o crist\u00e3 da ora\u00e7\u00e3o de peti\u00e7\u00e3o, mas tamb\u00e9m geram desafios interessantes por si s\u00f3.&#8221; A ora\u00e7\u00e3o pode mudar a a\u00e7\u00e3o de Deus? Tendo em vista o que sabemos sobre Deus, livre-arb\u00edtrio, sobre bem e mal, a ora\u00e7\u00e3o faz sentido? Aqueles que creem na exist\u00eancia de Deus [&hellip;]<\/p>\n","protected":false},"author":21,"featured_media":0,"parent":2,"menu_order":6,"comment_status":"closed","ping_status":"closed","template":"page-full-width.php","meta":{"ngg_post_thumbnail":0,"footnotes":""},"class_list":["post-471","page","type-page","status-publish","hentry"],"_links":{"self":[{"href":"https:\/\/ultimato.com.br\/sites\/filosofia-fe-crista\/wp-json\/wp\/v2\/pages\/471","targetHints":{"allow":["GET"]}}],"collection":[{"href":"https:\/\/ultimato.com.br\/sites\/filosofia-fe-crista\/wp-json\/wp\/v2\/pages"}],"about":[{"href":"https:\/\/ultimato.com.br\/sites\/filosofia-fe-crista\/wp-json\/wp\/v2\/types\/page"}],"author":[{"embeddable":true,"href":"https:\/\/ultimato.com.br\/sites\/filosofia-fe-crista\/wp-json\/wp\/v2\/users\/21"}],"replies":[{"embeddable":true,"href":"https:\/\/ultimato.com.br\/sites\/filosofia-fe-crista\/wp-json\/wp\/v2\/comments?post=471"}],"version-history":[{"count":14,"href":"https:\/\/ultimato.com.br\/sites\/filosofia-fe-crista\/wp-json\/wp\/v2\/pages\/471\/revisions"}],"predecessor-version":[{"id":532,"href":"https:\/\/ultimato.com.br\/sites\/filosofia-fe-crista\/wp-json\/wp\/v2\/pages\/471\/revisions\/532"}],"up":[{"embeddable":true,"href":"https:\/\/ultimato.com.br\/sites\/filosofia-fe-crista\/wp-json\/wp\/v2\/pages\/2"}],"wp:attachment":[{"href":"https:\/\/ultimato.com.br\/sites\/filosofia-fe-crista\/wp-json\/wp\/v2\/media?parent=471"}],"curies":[{"name":"wp","href":"https:\/\/api.w.org\/{rel}","templated":true}]}}