{"id":400,"date":"2023-08-24T11:07:33","date_gmt":"2023-08-24T14:07:33","guid":{"rendered":"https:\/\/ultimato.com.br\/sites\/filosofia-fe-crista\/?page_id=400"},"modified":"2024-03-28T15:15:16","modified_gmt":"2024-03-28T18:15:16","slug":"filosofia-da-religiao","status":"publish","type":"page","link":"https:\/\/ultimato.com.br\/sites\/filosofia-fe-crista\/tituloslivros\/filosofia-da-religiao\/","title":{"rendered":"FILOSOFIA DA RELIGI\u00c3O"},"content":{"rendered":"<hr \/>\n<h3 style=\"text-align: center;\">&#8220;[Segundo Tom\u00e1s de Aquino], a f\u00e9, como a opini\u00e3o, n\u00e3o tem evid\u00eancias conclusivas, mas, como o conhecimento, \u00e9 firme e inabal\u00e1vel em sua admiss\u00e3o intelectual da proposi\u00e7\u00e3o em quest\u00e3o.&#8221;<\/h3>\n<hr \/>\n<p><a href=\"https:\/\/loja.ultimato.com.br\/livros\/filosofia-da-religiao\"><img loading=\"lazy\" decoding=\"async\" class=\"alignleft wp-image-402 size-full\" style=\"border: 1px solid #555;\" src=\"http:\/\/ultimato.com.br\/sites\/filosofia-fe-crista\/files\/2023\/08\/capa_filosofia_religiao_web1-1.jpg\" alt=\"\" width=\"200\" height=\"288\" \/><\/a><\/p>\n<h4 style=\"font-family: minion pro;\">F\u00e1cil de ler,\u00a0<strong>Filosofia da Religi\u00e3o \u2013 Uma introdu\u00e7\u00e3o<\/strong>\u00a0\u00e9 o livro que abre as portas da s\u00e9rie Filosofia e F\u00e9 Crist\u00e3.<\/h4>\n<p>&nbsp;<\/p>\n<h4 style=\"font-family: minion pro;\">Para o autor, a filosofia da religi\u00e3o examina, criticamente, as cren\u00e7as e conceitos religiosos, como o conceito de Deus, o conceito de f\u00e9, a no\u00e7\u00e3o de milagre, a ideia de onipot\u00eancia, de vida ap\u00f3s a morte, a exist\u00eancia do mal, entre outras quest\u00f5es<br \/>\nnormalmente abordadas pelos fil\u00f3sofos da religi\u00e3o.<\/h4>\n<p style=\"font-size: 18px; font-family: AEONIK;\"><a href=\"https:\/\/loja.ultimato.com.br\/livros\/filosofia-da-religiao\"><img loading=\"lazy\" decoding=\"async\" class=\"alignleft wp-image-372 size-full\" src=\"http:\/\/ultimato.com.br\/sites\/filosofia-fe-crista\/files\/2023\/06\/Capturar.jpg\" alt=\"\" width=\"177\" height=\"73\" \/><\/a><\/p>\n<p style=\"color: white;\">\u00a0 COMPRE <strong>AGORA<\/strong><\/p>\n<p>&nbsp;<\/p>\n<p>&nbsp;<\/p>\n<p>&nbsp;<\/p>\n<p style=\"font-size: 16px; font-family: AEONIK;\">FORMATO <strong>DIGITAL <\/strong>(EBOOK): <a href=\"https:\/\/www.amazon.com.br\/Filosofia-Religi%C3%A3o-introdu%C3%A7%C3%A3o-Crist%C3%A3-Livro-ebook\/dp\/B0CDXVP7H6\/ref=sr_1_2?qid=1692884896&amp;refinements=p_27%3AWILLIAM+L.ROWE&amp;s=books&amp;sr=1-2&amp;text=WILLIAM+L.ROWE\"><button> <strong>AMAZON<\/strong> <\/button><\/a> <a href=\"https:\/\/books.apple.com\/br\/book\/filosofia-da-religi%C3%A3o\/id6458744259\"><button>APPLE<\/button><\/a> <a href=\"https:\/\/www.kobo.com\/br\/pt\/ebook\/filosofia-da-religiao\"><button><strong>KOBO<\/strong><\/button><\/a><\/p>\n<p>&nbsp;<\/p>\n<hr \/>\n<h2 style=\"text-align: center; font-family: AEONIK light;\"><strong>VIDEO<\/strong>-RESENHA<\/h2>\n<hr \/>\n<p align=\"center\"><iframe loading=\"lazy\" title=\"V\u00eddeo-resenha: Ci\u00eancia e Religi\u00e3o: S\u00e3o compat\u00edveis?\" src=\"https:\/\/www.youtube.com\/embed\/EBgnzUHXrto\" width=\"853\" height=\"480\" frameborder=\"0\" allowfullscreen=\"allowfullscreen\" data-mce-fragment=\"1\"><span data-mce-type=\"bookmark\" style=\"display: inline-block; width: 0px; overflow: hidden; line-height: 0;\" class=\"mce_SELRES_start\">\ufeff<\/span><span data-mce-type=\"bookmark\" style=\"display: inline-block; width: 0px; overflow: hidden; line-height: 0;\" class=\"mce_SELRES_start\">\ufeff<\/span><span data-mce-type=\"bookmark\" style=\"display: inline-block; width: 0px; overflow: hidden; line-height: 0;\" class=\"mce_SELRES_start\">\ufeff<\/span><\/iframe><\/p>\n<hr \/>\n<h2 style=\"text-align: center; font-family: AEONIK light;\"><strong>GUIA DE <\/strong>ESTUDOS<\/h2>\n<hr \/>\n<blockquote><p><a href=\"https:\/\/drive.google.com\/file\/d\/1xOXShe3Tsif7AW1D8mpIa8ar4MuXpeay\/view?usp=sharing\"><img loading=\"lazy\" decoding=\"async\" class=\"alignleft wp-image-466 size-full\" src=\"http:\/\/ultimato.com.br\/sites\/filosofia-fe-crista\/files\/2024\/01\/1704996283190-530ae085-267a-4bd8-b84b-a7bcc6afe668_1.jpg\" alt=\"\" width=\"211\" height=\"300\" \/><\/a><\/p>\n<p>&nbsp;<\/p>\n<p>&nbsp;<\/p>\n<p>O <strong><a href=\"https:\/\/drive.google.com\/file\/d\/1xOXShe3Tsif7AW1D8mpIa8ar4MuXpeay\/view?usp=sharing\">Guia de Estudos \u2013 Filosofia da Religi\u00e3o<\/a><\/strong> apresenta um rico material de apoio, al\u00e9m de perguntas para discuss\u00e3o do livro <a href=\"https:\/\/loja.ultimato.com.br\/livros\/filosofia-da-religiao\">Filosofia da Religi\u00e3o \u2013 Uma introdu\u00e7\u00e3o<\/a>, quarto volume da s\u00e9rie Filosofia e F\u00e9 Crist\u00e3.<\/p>\n<p>&nbsp;<\/p>\n<p>William Rowe oferece uma breve apresenta\u00e7\u00e3o do livro, bem como um gloss\u00e1rio explicativo sobre alguns termos t\u00e9cnicos. Um excelente recurso tanto para a leitura individual, como tamb\u00e9m para o estudo em grupo.<\/p>\n<p>&nbsp;<\/p>\n<p><a href=\"https:\/\/drive.google.com\/file\/d\/1xOXShe3Tsif7AW1D8mpIa8ar4MuXpeay\/view?usp=sharing\"><img loading=\"lazy\" decoding=\"async\" class=\"alignleft wp-image-370 size-full\" src=\"http:\/\/ultimato.com.br\/sites\/filosofia-fe-crista\/files\/2023\/06\/Copia-de-Ultimato_Modelo-Twitter-2-2.png\" alt=\"\" width=\"85\" height=\"50\" \/><\/a><\/p>\n<p>&nbsp;<\/p>\n<p>&nbsp;<\/p>\n<p>&nbsp;<\/p>\n<p>&nbsp;<\/p><\/blockquote>\n<hr \/>\n<h2 style=\"text-align: center; font-family: AEONIK light;\"><strong>POD<\/strong>CAST<\/h2>\n<hr \/>\n<p align=\"center\"><iframe loading=\"lazy\" style=\"border-radius: 12px;\" src=\"https:\/\/open.spotify.com\/embed\/episode\/5d6Reus1z0B2dZycarHfeO?utm_source=generator&amp;theme=0\" width=\"100%\" height=\"352\" frameborder=\"0\" allowfullscreen=\"allowfullscreen\"><\/iframe><\/p>\n<hr \/>\n<h2 style=\"text-align: center;\"><strong>ENDOSSOS<\/strong><\/h2>\n<hr \/>\n<blockquote><p><strong>Filosofia da Religi\u00e3o \u2013 Uma introdu\u00e7\u00e3o<\/strong>\u00a0n\u00e3o parte de uma perspectiva crist\u00e3, mas avalia o pr\u00f3prio cristianismo e as demais religi\u00f5es. Trata-se de uma leitura indispens\u00e1vel para todo fil\u00f3sofo que queira relacionar filosofia e f\u00e9 (crist\u00e3 ou n\u00e3o). O principal objetivo do livro n\u00e3o \u00e9 expor as opini\u00f5es do autor, mas apresentar como o debate tem se desenvolvido na disciplina, e essa inten\u00e7\u00e3o \u00e9 atingida com esmero em uma introdu\u00e7\u00e3o acess\u00edvel, simples e direta.<\/p>\n<p>\u2014 <strong>Davi Bastos, editor da s\u00e9rie Filosofia e F\u00e9 Crist\u00e3<\/strong><\/p><\/blockquote>\n<hr \/>\n<h2 style=\"text-align: center; font-family: AEONIK light;\"><strong>OUTROS <\/strong>LINKS<\/h2>\n<hr \/>\n<h4 style=\"text-align: center;\">\u2022 <a href=\"https:\/\/www.ultimato.com.br\/conteudo\/comecando-do-comeco-filosofia-da-religiao\">Come\u00e7ando do come\u00e7o: Filosofia da Religi\u00e3o, resenha de Arthur Henrique S. dos Santos.<\/a><\/h4>\n","protected":false},"excerpt":{"rendered":"<p>&#8220;[Segundo Tom\u00e1s de Aquino], a f\u00e9, como a opini\u00e3o, n\u00e3o tem evid\u00eancias conclusivas, mas, como o conhecimento, \u00e9 firme e inabal\u00e1vel em sua admiss\u00e3o intelectual da proposi\u00e7\u00e3o em quest\u00e3o.&#8221; F\u00e1cil de ler,\u00a0Filosofia da Religi\u00e3o \u2013 Uma introdu\u00e7\u00e3o\u00a0\u00e9 o livro que abre as portas da s\u00e9rie Filosofia e F\u00e9 Crist\u00e3. &nbsp; Para o autor, a filosofia [&hellip;]<\/p>\n","protected":false},"author":54,"featured_media":0,"parent":2,"menu_order":3,"comment_status":"closed","ping_status":"closed","template":"page-full-width.php","meta":{"ngg_post_thumbnail":0,"footnotes":""},"class_list":["post-400","page","type-page","status-publish","hentry"],"_links":{"self":[{"href":"https:\/\/ultimato.com.br\/sites\/filosofia-fe-crista\/wp-json\/wp\/v2\/pages\/400","targetHints":{"allow":["GET"]}}],"collection":[{"href":"https:\/\/ultimato.com.br\/sites\/filosofia-fe-crista\/wp-json\/wp\/v2\/pages"}],"about":[{"href":"https:\/\/ultimato.com.br\/sites\/filosofia-fe-crista\/wp-json\/wp\/v2\/types\/page"}],"author":[{"embeddable":true,"href":"https:\/\/ultimato.com.br\/sites\/filosofia-fe-crista\/wp-json\/wp\/v2\/users\/54"}],"replies":[{"embeddable":true,"href":"https:\/\/ultimato.com.br\/sites\/filosofia-fe-crista\/wp-json\/wp\/v2\/comments?post=400"}],"version-history":[{"count":14,"href":"https:\/\/ultimato.com.br\/sites\/filosofia-fe-crista\/wp-json\/wp\/v2\/pages\/400\/revisions"}],"predecessor-version":[{"id":501,"href":"https:\/\/ultimato.com.br\/sites\/filosofia-fe-crista\/wp-json\/wp\/v2\/pages\/400\/revisions\/501"}],"up":[{"embeddable":true,"href":"https:\/\/ultimato.com.br\/sites\/filosofia-fe-crista\/wp-json\/wp\/v2\/pages\/2"}],"wp:attachment":[{"href":"https:\/\/ultimato.com.br\/sites\/filosofia-fe-crista\/wp-json\/wp\/v2\/media?parent=400"}],"curies":[{"name":"wp","href":"https:\/\/api.w.org\/{rel}","templated":true}]}}