{"id":251,"date":"2023-05-20T21:22:20","date_gmt":"2023-05-21T00:22:20","guid":{"rendered":"https:\/\/ultimato.com.br\/sites\/filosofia-fe-crista\/?page_id=251"},"modified":"2023-05-23T11:17:41","modified_gmt":"2023-05-23T14:17:41","slug":"quem-somos","status":"publish","type":"page","link":"https:\/\/ultimato.com.br\/sites\/filosofia-fe-crista\/quem-somos\/","title":{"rendered":"QUEM SOMOS"},"content":{"rendered":"<p>&nbsp;<\/p>\n<p style=\"font-size: 18px;\">A s\u00e9rie de livros <em>Filosofia e F\u00e9 Crist\u00e3<\/em> \u00e9 uma realiza\u00e7\u00e3o da <a href=\"https:\/\/ultimato.com.br\/\"><strong>Editora Ultimato<\/strong><\/a> em parceria com a <a href=\"https:\/\/www.cristaosnaciencia.org.br\/\"><strong>Associa\u00e7\u00e3o Brasileira de Crist\u00e3os na Ci\u00eancia (ABC\u00b2)<\/strong><\/a>. A s\u00e9rie \u00e9 parte do projeto <em>Recursos em Filosofia e Teologia em Portugu\u00eas do Brasil<\/em> da ABC\u00b2 em parceria com a Ultimato e financiado pela <a href=\"https:\/\/www.templeton.org\/?gclid=CjwKCAjw36GjBhAkEiwAKwIWyY9ZWbJQVd2x1aJXe1qwtotOq38C1ap7pcGTDY__34Dp2jhVI-UCfxoCxfsQAvD_BwE\"><strong>John Templeton Foundation<\/strong><\/a>. Quaisquer opini\u00f5es expressas neste website, nos livros da s\u00e9rie e nos materiais complementares (minicursos, video-resenhas, guias de estudos, podcasts etc.) s\u00e3o de seus autores somente e n\u00e3o necessariamente refletem as vis\u00f5es da John Templeton Foundation, da Ultimato ou da ABC\u00b2.<\/p>\n<p>&nbsp;<\/p>\n<p style=\"text-align: center;\"><a href=\"https:\/\/ultimato.com.br\/\"><img loading=\"lazy\" decoding=\"async\" class=\"wp-image-71 alignnone\" src=\"http:\/\/ultimato.com.br\/sites\/filosofia-fe-crista\/files\/2023\/01\/cropped-logo_ultimato.png\" alt=\"\" width=\"119\" height=\"41\"><\/a>&nbsp; &nbsp;&nbsp; &nbsp; &nbsp; &nbsp; &nbsp; &nbsp; &nbsp; &nbsp; &nbsp; &nbsp; &nbsp;<a href=\"https:\/\/www.cristaosnaciencia.org.br\/\"><img loading=\"lazy\" decoding=\"async\" class=\"wp-image-312 alignnone\" src=\"http:\/\/ultimato.com.br\/sites\/filosofia-fe-crista\/files\/2023\/05\/logo_nova_ABC2-300x138.png\" alt=\"\" width=\"96\" height=\"44\" srcset=\"https:\/\/ultimato.com.br\/sites\/filosofia-fe-crista\/files\/2023\/05\/logo_nova_ABC2-300x138.png 300w, https:\/\/ultimato.com.br\/sites\/filosofia-fe-crista\/files\/2023\/05\/logo_nova_ABC2-1024x470.png 1024w, https:\/\/ultimato.com.br\/sites\/filosofia-fe-crista\/files\/2023\/05\/logo_nova_ABC2-768x352.png 768w, https:\/\/ultimato.com.br\/sites\/filosofia-fe-crista\/files\/2023\/05\/logo_nova_ABC2-1536x705.png 1536w, https:\/\/ultimato.com.br\/sites\/filosofia-fe-crista\/files\/2023\/05\/logo_nova_ABC2-732x336.png 732w, https:\/\/ultimato.com.br\/sites\/filosofia-fe-crista\/files\/2023\/05\/logo_nova_ABC2-1140x523.png 1140w, https:\/\/ultimato.com.br\/sites\/filosofia-fe-crista\/files\/2023\/05\/logo_nova_ABC2.png 1561w\" sizes=\"auto, (max-width: 96px) 100vw, 96px\" \/><\/a><\/p>\n<p>&nbsp;<\/p>\n<p>&nbsp;<\/p>\n<hr>\n<h2 style=\"text-align: center;\"><strong>RECURSOS EM<\/strong> FILOSOFIA E <strong>TEOLOGIA EM<\/strong> PORTUGU\u00caS DO BRASIL<\/h2>\n<hr>\n<blockquote><p><strong>Resumo Executivo:<\/strong><br \/>\nH\u00e1 um crescente interesse em Filosofia e Religi\u00e3o no Brasil. A tradi\u00e7\u00e3o filos\u00f3fica predominante no pa\u00eds \u00e9 a Filosofia Continental, mas h\u00e1 uma comunidade em expans\u00e3o de Filosofia Anal\u00edtica. Este projeto se prop\u00f5e a traduzir e publicar dez livros relevantes nos campos da Filosofia da Religi\u00e3o e da Teologia Filos\u00f3fica, de perspectiva anal\u00edtica. S\u00e3o livros excelentes nestes campos e beneficiar\u00e3o estudantes, especialistas e o p\u00fablico em geral. Para auxiliar os(as) estudantes e o p\u00fablico em geral interessado nessas Grandes Quest\u00f5es, produziremos v\u00eddeos, podcasts e guias de estudos sobre os livros publicados. Tamb\u00e9m teremos um evento de lan\u00e7amento da s\u00e9rie de livros. Este projeto almeja equipar pesquisadores(as) em filosofia e teologia com uma parte das mais recentes produ\u00e7\u00f5es acad\u00eamicas em Filosofia da Religi\u00e3o e Teologia Filos\u00f3fica, e tamb\u00e9m tornar tais produ\u00e7\u00f5es mais conhecidas do p\u00fablico em geral.<\/p><\/blockquote>\n<blockquote><p><strong>Executive Summary:<\/strong><br \/>\nThere has been a rising interest in Philosophy and Religion in Brazil. The dominant philosophical tradition in the country is Continental Philosophy, but there is an increasing community in Analytic Philosophy. This project proposes to translate and publish 10 relevant books on the fields of Philosophy of Religion and Philosophical Theology, from the analytic standpoint. These are outstanding books in these fields and will be beneficial for students, specialists, and the general public. To help the students and the general public interested in these Big Questions, we will produce videos, podcasts, and study guides on the published books. We will also hold a launch event for the book series. This project aims to provide Brazilian scholars in philosophy and theology with access to some of the latest scholarly resources in Philosophy of Religion and Philosophical Theology, and to make these resources more known to the general public as well.<\/p><\/blockquote>\n<hr>\n<h2 style=\"text-align: center;\"><strong>EN<\/strong>DOSSOS<\/h2>\n<hr>\n<blockquote><p>A s\u00e9rie <strong>Filosofia e F\u00e9 Crist\u00e3<\/strong> vem ajudar a divulgar em l\u00edngua portuguesa um excelente conte\u00fado que muito pode colaborar na reflex\u00e3o acerca das grandes quest\u00f5es da humanidade. Os t\u00edtulos selecionados s\u00e3o de extrema relev\u00e2ncia e atualidade nas \u00e1reas de Filosofia da Religi\u00e3o e Teologia. Os autores de tais obras s\u00e3o pesquisadores de renome internacional e muito t\u00eam colaborado para aprofundar os temas por eles abordados. Tais quest\u00f5es fundamentais s\u00e3o consideradas de um ponto de vista racional, numa abordagem teol\u00f3gica e hist\u00f3ricamente informada. A iniciativa da s\u00e9rie <strong>Filosofia e F\u00e9 Crist\u00e3<\/strong> \u00e9 muito bem vinda para fundamentar o debate e certamente dar\u00e1 muitos bons frutos.<br \/>\n<strong>&#8211; F\u00e1bio Maia Bertato, pesquisador e diretor do Centro de L\u00f3gica, Epistemologia e Hist\u00f3ria da Ci\u00eancia (CLE), da Unicamp.<\/strong><\/p><\/blockquote>\n<blockquote><p>A s\u00e9rie <strong>Filosofia e F\u00e9 Crist\u00e3<\/strong> preenche uma lacuna cr\u00edtica na bibliografia acad\u00eamica de filosofia da religi\u00e3o e teologia filos\u00f3fica dispon\u00edvel em \u00e2mbito lus\u00f3fono. O acesso a autores essenciais como Eleonore Stump, Michael Rea e Thomas Flint \u00e9 indispens\u00e1vel para o aprofundamento de semin\u00e1rios, minist\u00e9rios de ensino, forma\u00e7\u00e3o teol\u00f3gica e filos\u00f3fica, e do debate p\u00fablico em geral. A publica\u00e7\u00e3o desta s\u00e9rie, realizada com not\u00e1vel rigor cient\u00edfico e refinada qualidade editorial, \u00e9 um marco tanto para a igreja quanto para a academia brasileira.<br \/>\n<strong>&#8211; Davi Lago, professor de Filosofia do Direito, Ensa\u00edsta e Coordenador de Pesquisa no Laborat\u00f3rio de Pol\u00edtica, Comportamento e M\u00eddia (PUC-SP)<\/strong><\/p><\/blockquote>\n<blockquote><p>Parab\u00e9ns pela merit\u00f3ria iniciativa! Certamente, a cole\u00e7\u00e3o <strong>Filosofia e F\u00e9 Crist\u00e3<\/strong> ocupa um papel de destaque na nossa bibliografia e os temas que ela ventila devem fazer parte das nossas discuss\u00f5es, n\u00e3o s\u00f3 dentro das igrejas, mas na academia e na esfera p\u00fablica em geral.<br \/>\n<strong>&#8211; Prof. Dr. Victor Sales Pinheiro, UFPA, palestrante e organizador do Dial\u00e9tico (dialetico.com.br).<\/strong><\/p><\/blockquote>\n<blockquote><p>A publica\u00e7\u00e3o da S\u00e9rie <strong>Filosofia e F\u00e9 Crist\u00e3<\/strong> \u00e9 um passo muito importante para o di\u00e1logo entre filosofia acad\u00eamica e f\u00e9 crist\u00e3 em l\u00edngua portuguesa. Pela primeira vez no Brasil, teremos dispon\u00edveis em nossa l\u00edngua uma cole\u00e7\u00e3o excepcional, que veicula obras de excel\u00eancia acad\u00eamica de alguns dos mais importantes fil\u00f3sofos e te\u00f3logos crist\u00e3os contempor\u00e2neos, por meio de tradu\u00e7\u00f5es que prezam tanto pelo rigor quanto pelo vocabul\u00e1rio acess\u00edvel, coroadas por um trabalho editorial de ex\u00edmia qualidade. H\u00e1 muitos anos j\u00e1 temos sonhado com uma s\u00e9rie de livros como essa. \u00c9 por isso que recomendo os livros da s\u00e9rie com grande alegria, certo de que essas obras servir\u00e3o para o bem comum da igreja e da academia no Brasil.<br \/>\n<strong>&#8211; Gesiel B. da Silva, doutorando em Filosofia pela University of Missouri e pela UNICAMP (duplo diploma), Mestre em Filosofia (filosofia da religi\u00e3o e l\u00f3gica) e licenciado em F\u00edsica, ambos pela Unicamp, Assistente de Ensino na University of Missouri.<\/strong><\/p><\/blockquote>\n<blockquote><p>A f\u00e9 crist\u00e3 desde sua g\u00eanese nos convida a buscar e amar a sabedoria, isto \u00e9, nos convoca \u00e0 filosofia. A s\u00e9rie <strong>Filosofia e F\u00e9 Crist\u00e3<\/strong> nos presenteia com obras fundamentais, de grandes autores, que nos desafiam e guiam nessa essencial tarefa e pode assim, quem sabe, nos ajudar a construir nossas casas n\u00e3o sob a areia que cede ao peso da vida, mas sob a firme rocha que tudo sustenta.<br \/>\n<strong>&#8211; Marcelo Cabral \u00e9 graduado em Economia e Filosofia (Unicamp), e Mestre em Estudos Teol\u00f3gicos pelo Calvin Theological Seminary.<\/strong><\/p><\/blockquote>\n<blockquote><p>N\u00e3o queremos exaltar a raz\u00e3o, dissecar Deus ou question\u00e1-lo. N\u00e3o queremos construir uma torre de babel intelectual. O que de fato queremos \u00e9 pensar sobre Deus, com maravilhamento, com temor e tremor. Queremos povoar a nossa mente com poss\u00edveis explica\u00e7\u00f5es, com teorias e modelos que nos ajudem, em nossas limita\u00e7\u00f5es, a ter um vislumbre maior sobre Deus, a crescer no conhecimento e na adora\u00e7\u00e3o a ele. Esse \u00e9 o prop\u00f3sito da s\u00e9rie <strong>Filosofia e F\u00e9 Crist\u00e3<\/strong>.<br \/>\n<strong>&#8211; Davi Bastos, editor da s\u00e9rie Filosofia e F\u00e9 Crist\u00e3, doutorando em Filosofia na Unicamp.<\/strong><\/p><\/blockquote>\n<hr>\n<h2 style=\"text-align: center;\"><strong>CON<\/strong>TATO<\/h2>\n<hr>\n<p>&nbsp;<\/p>\n<p>[contact-form][contact-field label=&#8221;Nome&#8221; type=&#8221;name&#8221; required=&#8221;1&#8243;][contact-field label=&#8221;E-mail&#8221; type=&#8221;email&#8221; required=&#8221;1&#8243;][contact-field label=&#8221;Mensagem&#8221; type=&#8221;textarea&#8221;][\/contact-form]<\/p>\n<p>&nbsp;<\/p>\n","protected":false},"excerpt":{"rendered":"<p>&nbsp; A s\u00e9rie de livros Filosofia e F\u00e9 Crist\u00e3 \u00e9 uma realiza\u00e7\u00e3o da Editora Ultimato em parceria com a Associa\u00e7\u00e3o Brasileira de Crist\u00e3os na Ci\u00eancia (ABC\u00b2). A s\u00e9rie \u00e9 parte do projeto Recursos em Filosofia e Teologia em Portugu\u00eas do Brasil da ABC\u00b2 em parceria com a Ultimato e financiado pela John Templeton Foundation. Quaisquer [&hellip;]<\/p>\n","protected":false},"author":54,"featured_media":0,"parent":0,"menu_order":0,"comment_status":"closed","ping_status":"closed","template":"page-full-width.php","meta":{"ngg_post_thumbnail":0,"footnotes":""},"class_list":["post-251","page","type-page","status-publish","hentry"],"_links":{"self":[{"href":"https:\/\/ultimato.com.br\/sites\/filosofia-fe-crista\/wp-json\/wp\/v2\/pages\/251","targetHints":{"allow":["GET"]}}],"collection":[{"href":"https:\/\/ultimato.com.br\/sites\/filosofia-fe-crista\/wp-json\/wp\/v2\/pages"}],"about":[{"href":"https:\/\/ultimato.com.br\/sites\/filosofia-fe-crista\/wp-json\/wp\/v2\/types\/page"}],"author":[{"embeddable":true,"href":"https:\/\/ultimato.com.br\/sites\/filosofia-fe-crista\/wp-json\/wp\/v2\/users\/54"}],"replies":[{"embeddable":true,"href":"https:\/\/ultimato.com.br\/sites\/filosofia-fe-crista\/wp-json\/wp\/v2\/comments?post=251"}],"version-history":[{"count":20,"href":"https:\/\/ultimato.com.br\/sites\/filosofia-fe-crista\/wp-json\/wp\/v2\/pages\/251\/revisions"}],"predecessor-version":[{"id":313,"href":"https:\/\/ultimato.com.br\/sites\/filosofia-fe-crista\/wp-json\/wp\/v2\/pages\/251\/revisions\/313"}],"wp:attachment":[{"href":"https:\/\/ultimato.com.br\/sites\/filosofia-fe-crista\/wp-json\/wp\/v2\/media?parent=251"}],"curies":[{"name":"wp","href":"https:\/\/api.w.org\/{rel}","templated":true}]}}