{"id":224,"date":"2023-05-23T11:35:11","date_gmt":"2023-05-23T14:35:11","guid":{"rendered":"https:\/\/ultimato.com.br\/sites\/filosofia-fe-crista\/?page_id=224"},"modified":"2024-01-11T15:15:25","modified_gmt":"2024-01-11T18:15:25","slug":"ciencia-e-religiao","status":"publish","type":"page","link":"https:\/\/ultimato.com.br\/sites\/filosofia-fe-crista\/tituloslivros\/ciencia-e-religiao\/","title":{"rendered":"CI\u00caNCIA E RELIGI\u00c3O"},"content":{"rendered":"<hr \/>\n<h3 style=\"text-align: center;\">&#8220;A tese de que a evolu\u00e7\u00e3o demonstra que os seres humanos e as outras criaturas vivas n\u00e3o foram projetados n\u00e3o \u00e9 parte nem consequ\u00eancia da teoria cient\u00edfica em si, mas um adendo metaf\u00edsico ou teol\u00f3gico.&#8221;<\/h3>\n<hr \/>\n<p><a href=\"https:\/\/loja.ultimato.com.br\/livros\/ciencia-e-religiao-sao-compativeis\"><img loading=\"lazy\" decoding=\"async\" class=\"alignleft wp-image-128\" style=\"border: 1px solid #555;\" src=\"http:\/\/ultimato.com.br\/sites\/filosofia-fe-crista\/files\/2023\/05\/Filo-1-209x300.jpeg\" alt=\"\" width=\"200\" height=\"287\" srcset=\"https:\/\/ultimato.com.br\/sites\/filosofia-fe-crista\/files\/2023\/05\/Filo-1-209x300.jpeg 209w, https:\/\/ultimato.com.br\/sites\/filosofia-fe-crista\/files\/2023\/05\/Filo-1.jpeg 360w\" sizes=\"auto, (max-width: 200px) 100vw, 200px\" \/><\/a><\/p>\n<h4 style=\"font-family: minion pro;\">O mais not\u00e1vel fil\u00f3sofo crist\u00e3o contempor\u00e2neo e o mais not\u00e1vel fil\u00f3sofo ateu contempor\u00e2neo, Alvin Plantinga e Daniel C. Dennett, num debate que nos ajuda a pensar e responder criticamente: <strong>Ci\u00eancia e Religi\u00e3o \u2013 S\u00e3o Compat\u00edveis?<\/strong><\/h4>\n<p>&nbsp;<\/p>\n<h4 style=\"font-family: minion pro;\">Uma leitura fascinante, tanto como porta de entrada para a filosofia da religi\u00e3o e para a terminologia filos\u00f3fica, como para o suposto conflito entre cria\u00e7\u00e3o e evolu\u00e7\u00e3o. O cristianismo \u00e9 compat\u00edvel com a teoria evolucion\u00e1ria? A evolu\u00e7\u00e3o \u00e9 ate\u00edsta?<\/h4>\n<p style=\"font-size: 18px; font-family: AEONIK;\"><a href=\"https:\/\/loja.ultimato.com.br\/livros\/ciencia-e-religiao-sao-compativeis\"><img loading=\"lazy\" decoding=\"async\" class=\"alignleft wp-image-372 size-full\" src=\"http:\/\/ultimato.com.br\/sites\/filosofia-fe-crista\/files\/2023\/06\/Capturar.jpg\" alt=\"\" width=\"177\" height=\"73\" \/><\/a><\/p>\n<p style=\"color: white;\">\u00a0 COMPRE <strong>AGORA<\/strong><\/p>\n<p>&nbsp;<\/p>\n<p>&nbsp;<\/p>\n<p>&nbsp;<\/p>\n<p style=\"font-size: 16px; font-family: AEONIK;\">FORMATO <strong>DIGITAL <\/strong>(EBOOK): <a href=\"https:\/\/www.amazon.com.br\/Ci%C3%AAncia-Religi%C3%A3o-Compat%C3%ADveis-Filosofia-Crist%C3%A3-ebook\/dp\/B0B1N72WTT\/ref=sr_1_1?__mk_pt_BR=%C3%85M%C3%85%C5%BD%C3%95%C3%91&amp;crid=1QOGSC1B84MTK&amp;keywords=ciencia+e+religi%C3%A3o+s%C3%A3o+compat%C3%ADveis&amp;qid=1653313460&amp;sprefix=ciencia+e+religiao+sao+compativei%2Caps%2C226&amp;sr=8-1\"><button> <strong>AMAZON<\/strong> <\/button><\/a> <a href=\"https:\/\/books.apple.com\/br\/book\/ci%C3%AAncia-e-religi%C3%A3o-s%C3%A3o-compat%C3%ADveis\/id6442826006\"><button>APPLE<\/button><\/a> <a href=\"https:\/\/www.kobo.com\/br\/pt\/ebook\/ciencia-e-religiao-sao-compativeis\"><button><strong>KOBO<\/strong><\/button><\/a><\/p>\n<p>&nbsp;<\/p>\n<hr \/>\n<h2 style=\"text-align: center; font-family: AEONIK light;\"><strong>VIDEO<\/strong>-RESENHA<\/h2>\n<hr \/>\n<p align=\"center\"><iframe loading=\"lazy\" title=\"V\u00eddeo-resenha: Ci\u00eancia e Religi\u00e3o: S\u00e3o compat\u00edveis?\" src=\"https:\/\/www.youtube.com\/embed\/kULzZWb0lNs\" width=\"853\" height=\"480\" frameborder=\"0\" allowfullscreen=\"allowfullscreen\"><span data-mce-type=\"bookmark\" style=\"display: inline-block; width: 0px; overflow: hidden; line-height: 0;\" class=\"mce_SELRES_start\">\ufeff<\/span><\/iframe><\/p>\n<hr \/>\n<h2 style=\"text-align: center; font-family: AEONIK light;\"><strong>GUIA DE <\/strong>ESTUDOS<\/h2>\n<hr \/>\n<blockquote><p><img loading=\"lazy\" decoding=\"async\" class=\"alignleft size-medium wp-image-171\" src=\"http:\/\/ultimato.com.br\/sites\/filosofia-fe-crista\/files\/2023\/05\/guiacer-211x300.jpg\" alt=\"\" width=\"211\" height=\"300\" srcset=\"https:\/\/ultimato.com.br\/sites\/filosofia-fe-crista\/files\/2023\/05\/guiacer-211x300.jpg 211w, https:\/\/ultimato.com.br\/sites\/filosofia-fe-crista\/files\/2023\/05\/guiacer.jpg 340w\" sizes=\"auto, (max-width: 211px) 100vw, 211px\" \/><\/p>\n<p>&nbsp;<\/p>\n<p>O <strong>Guia de Estudos &#8211;\u00a0Ci\u00eancia e Religi\u00e3o: S\u00e3o Compat\u00edveis?<\/strong>\u00a0apresenta um rico material de apoio, al\u00e9m de perguntas para discuss\u00e3o do livro\u00a0<strong><a href=\"https:\/\/loja.ultimato.com.br\/livros\/ciencia-e-religiao-sao-compativeis\">Ci\u00eancia e Religi\u00e3o: S\u00e3o compat\u00edveis?<\/a><\/strong><em>,\u00a0<\/em>de\u00a0\u00a0Alvin Plantinga e Daniel Dennett.<\/p>\n<p>&nbsp;<\/p>\n<p>Marcelo Cabral tamb\u00e9m oferece uma breve apresenta\u00e7\u00e3o e curiosidades do livro, bem como um gloss\u00e1rio explicativo, al\u00e9m de recomenda\u00e7\u00f5es de outras obras em portugu\u00eas sobre o assunto. Um excelente recurso tanto para a leitura individual, como tamb\u00e9m para o estudo em grupo de uma obra escrita por dois dos maiores fil\u00f3sofos contempor\u00e2neos.<\/p>\n<p>&nbsp;<\/p>\n<p><a href=\"https:\/\/drive.google.com\/file\/d\/1ANIU7D8117-4Q5ocBTOq47G5c0xmPorm\/view?usp=drive_link\"><img loading=\"lazy\" decoding=\"async\" class=\"alignleft wp-image-370 size-full\" src=\"http:\/\/ultimato.com.br\/sites\/filosofia-fe-crista\/files\/2023\/06\/Copia-de-Ultimato_Modelo-Twitter-2-2.png\" alt=\"\" width=\"85\" height=\"50\" \/><\/a><\/p>\n<p>&nbsp;<\/p>\n<p>&nbsp;<\/p>\n<p>&nbsp;<\/p>\n<p>&nbsp;<\/p><\/blockquote>\n<hr \/>\n<h2 style=\"text-align: center; font-family: AEONIK light;\"><strong>MINI<\/strong>CURSO<\/h2>\n<hr \/>\n<blockquote><p>&nbsp;<\/p>\n<p><img loading=\"lazy\" decoding=\"async\" class=\"alignleft wp-image-128\" src=\"http:\/\/ultimato.com.br\/sites\/filosofia-fe-crista\/files\/2023\/05\/Filo-1-209x300.jpeg\" alt=\"\" width=\"200\" height=\"287\" srcset=\"https:\/\/ultimato.com.br\/sites\/filosofia-fe-crista\/files\/2023\/05\/Filo-1-209x300.jpeg 209w, https:\/\/ultimato.com.br\/sites\/filosofia-fe-crista\/files\/2023\/05\/Filo-1.jpeg 360w\" sizes=\"auto, (max-width: 200px) 100vw, 200px\" \/><\/p>\n<p>&nbsp;<\/p>\n<p><a href=\"https:\/\/www.youtube.com\/watch?v=ppzAi583rA4&amp;list=PLtez-CeNd8iy2kmeqCRNQNRtdWCTLg1cU\">Aula 1 &#8211; Primeiros conceitos<\/a><\/p>\n<p>&nbsp;<\/p>\n<p><a href=\"https:\/\/www.youtube.com\/watch?v=ipQrLoEf-38&amp;list=PLtez-CeNd8iy2kmeqCRNQNRtdWCTLg1cU&amp;index=2\">Aula 2 &#8211; Epistemologia Religiosa de Plantinga<\/a><\/p>\n<p>&nbsp;<\/p>\n<p><a href=\"https:\/\/www.youtube.com\/watch?v=4xWuD7GL98Q&amp;list=PLtez-CeNd8iy2kmeqCRNQNRtdWCTLg1cU&amp;index=3\">Aula 3 &#8211; O Argumento Evolucion\u00e1rio contra o Naturalismo<\/a><\/p>\n<p>&nbsp;<\/p>\n<p><a href=\"https:\/\/www.youtube.com\/watch?v=HRi5u4yOHVk&amp;list=PLtez-CeNd8iy2kmeqCRNQNRtdWCTLg1cU&amp;index=4\">Aula 4 &#8211; Naturalismo Ontol\u00f3gico e Naturalismo Metodol\u00f3gico<\/a><\/p>\n<p>&nbsp;<\/p>\n<p><a href=\"https:\/\/www.youtube.com\/watch?v=v96Rz-ncLq0&amp;list=PLtez-CeNd8iy2kmeqCRNQNRtdWCTLg1cU&amp;index=5\">Aula 5 &#8211; Evolu\u00e7\u00e3o, Ci\u00eancia e Religi\u00e3o<\/a><\/p>\n<p>&nbsp;<\/p>\n<p>&nbsp;<\/p><\/blockquote>\n<hr \/>\n<h2 style=\"text-align: center; font-family: AEONIK light;\"><strong>POD<\/strong>CAST<\/h2>\n<hr \/>\n<p align=\"center\"><iframe loading=\"lazy\" title=\"Ci\u00eancia e Religi\u00e3o s\u00e3o compat\u00edveis? Podcast Ultimato\" src=\"https:\/\/www.youtube.com\/embed\/p6CCSdx14Do\" width=\"853\" height=\"480\" frameborder=\"0\" allowfullscreen=\"allowfullscreen\"><\/iframe><\/p>\n<hr \/>\n<h2 style=\"text-align: center; font-family: AEONIK light;\"><strong>EN<\/strong>DOSSOS<\/h2>\n<hr \/>\n<blockquote><p>Dada a proemin\u00eancia de seus dois protagonistas, <strong>Ci\u00eancia e Religi\u00e3o \u2013 S\u00e3o Compat\u00edveis?<\/strong> se tornar\u00e1 uma esp\u00e9cie de cl\u00e1ssico instant\u00e2neo, ocupando lugar \u00fanico e especial na literatura sobre o assunto. Ser\u00e1 lido por muito tempo e permanecer\u00e1 \u00fatil como um texto suplementar.<br \/>\n<strong>\u2013 Gary Rosenkrantz, Universidade da Carolina do Norte em Greensboro.<\/strong><\/p><\/blockquote>\n<blockquote><p><strong>Ci\u00eancia e Religi\u00e3o \u2013 S\u00e3o Compat\u00edveis?<\/strong> \u00e9 envolvente e trata de quest\u00f5es-chave de probabilidade e design no di\u00e1logo ci\u00eancia\u2013religi\u00e3o. Um livro apropriado para cursos de filosofia da religi\u00e3o, religi\u00e3o e cultura, e ci\u00eancia e religi\u00e3o.<br \/>\n<strong>\u2013 Michael L. Peterson, Asbury College.<\/strong><\/p><\/blockquote>\n<hr \/>\n<h2 style=\"text-align: center; font-family: AEONIK light;\"><strong>OUTROS <\/strong>LINKS<\/h2>\n<hr \/>\n<h4 style=\"text-align: center;\">\u2022 <a href=\"https:\/\/www.instagram.com\/tv\/CfFqdBYshYa\/?utm_source=ig_embed&amp;utm_campaign=loading\">Live de lan\u00e7amento do livro com Davi Lago, Marcelo Cabral, Gesiel da Silva e Davi Bastos.<\/a><\/h4>\n<h4 style=\"text-align: center;\">\u2022 <a href=\"https:\/\/www.youtube.com\/watch?v=2rdNPT39T24&amp;t=326s&amp;ab_channel=Prof.DanielGontijo\">Live do editor da s\u00e9rie Filosofia e F\u00e9 Crist\u00e3, Davi Bastos, com o professor Daniel Gontijo.<\/a><\/h4>\n<h4 style=\"text-align: center;\">\u2022 <a href=\"http:\/\/periodicos.pucminas.br\/index.php\/SapereAude\/article\/view\/29049\">Resenha acad\u00eamica de Arthur Henrique S. dos Santos (Sapere Aude, v.13, n.26).<\/a><\/h4>\n<p>&nbsp;<\/p>\n","protected":false},"excerpt":{"rendered":"<p>&#8220;A tese de que a evolu\u00e7\u00e3o demonstra que os seres humanos e as outras criaturas vivas n\u00e3o foram projetados n\u00e3o \u00e9 parte nem consequ\u00eancia da teoria cient\u00edfica em si, mas um adendo metaf\u00edsico ou teol\u00f3gico.&#8221; O mais not\u00e1vel fil\u00f3sofo crist\u00e3o contempor\u00e2neo e o mais not\u00e1vel fil\u00f3sofo ateu contempor\u00e2neo, Alvin Plantinga e Daniel C. Dennett, num [&hellip;]<\/p>\n","protected":false},"author":54,"featured_media":0,"parent":2,"menu_order":0,"comment_status":"closed","ping_status":"closed","template":"page-full-width.php","meta":{"ngg_post_thumbnail":0,"footnotes":""},"class_list":["post-224","page","type-page","status-publish","hentry"],"_links":{"self":[{"href":"https:\/\/ultimato.com.br\/sites\/filosofia-fe-crista\/wp-json\/wp\/v2\/pages\/224","targetHints":{"allow":["GET"]}}],"collection":[{"href":"https:\/\/ultimato.com.br\/sites\/filosofia-fe-crista\/wp-json\/wp\/v2\/pages"}],"about":[{"href":"https:\/\/ultimato.com.br\/sites\/filosofia-fe-crista\/wp-json\/wp\/v2\/types\/page"}],"author":[{"embeddable":true,"href":"https:\/\/ultimato.com.br\/sites\/filosofia-fe-crista\/wp-json\/wp\/v2\/users\/54"}],"replies":[{"embeddable":true,"href":"https:\/\/ultimato.com.br\/sites\/filosofia-fe-crista\/wp-json\/wp\/v2\/comments?post=224"}],"version-history":[{"count":40,"href":"https:\/\/ultimato.com.br\/sites\/filosofia-fe-crista\/wp-json\/wp\/v2\/pages\/224\/revisions"}],"predecessor-version":[{"id":468,"href":"https:\/\/ultimato.com.br\/sites\/filosofia-fe-crista\/wp-json\/wp\/v2\/pages\/224\/revisions\/468"}],"up":[{"embeddable":true,"href":"https:\/\/ultimato.com.br\/sites\/filosofia-fe-crista\/wp-json\/wp\/v2\/pages\/2"}],"wp:attachment":[{"href":"https:\/\/ultimato.com.br\/sites\/filosofia-fe-crista\/wp-json\/wp\/v2\/media?parent=224"}],"curies":[{"name":"wp","href":"https:\/\/api.w.org\/{rel}","templated":true}]}}