{"id":220,"date":"2023-07-20T14:44:50","date_gmt":"2023-07-20T17:44:50","guid":{"rendered":"https:\/\/ultimato.com.br\/sites\/filosofia-fe-crista\/?page_id=220"},"modified":"2024-02-06T16:23:34","modified_gmt":"2024-02-06T19:23:34","slug":"teologia-analitica","status":"publish","type":"page","link":"https:\/\/ultimato.com.br\/sites\/filosofia-fe-crista\/tituloslivros\/teologia-analitica\/","title":{"rendered":"TEOLOGIA ANAL\u00cdTICA"},"content":{"rendered":"<hr \/>\n<h3 style=\"text-align: center;\">&#8220;O objetivo da Teologia Anal\u00edtica n\u00e3o \u00e9 eliminar todo o mist\u00e9rio da teologia. Mas n\u00e3o devemos confundir &#8216;mist\u00e9rio&#8217; com incoer\u00eancia l\u00f3gica e, da mesma forma, n\u00e3o devemos glorificar o que \u00e9 claramente incoerente, ocultando-o atr\u00e1s de um v\u00e9u chamado &#8216;mist\u00e9rio&#8217;.&#8221;<\/h3>\n<hr \/>\n<p><a href=\"https:\/\/loja.ultimato.com.br\/livros\/teologia-analitica\"><img loading=\"lazy\" decoding=\"async\" class=\"alignleft wp-image-128\" style=\"border: 1px solid #555;\" src=\"http:\/\/ultimato.com.br\/sites\/filosofia-fe-crista\/files\/2023\/05\/capa_teolog_analitica2-209x300.jpg\" alt=\"\" width=\"200\" height=\"287\" \/><\/a><\/p>\n<h4><\/h4>\n<h4 style=\"font-family: minion pro;\"><strong>Teologia Anal\u00edtica \u2013 A teologia em di\u00e1logo com a filosofia<\/strong> \u00e9 o segundo volume da s\u00e9rie <strong>Filosofia e F\u00e9 Crist\u00e3<\/strong> e apresenta as ferramentas conceituais da filosofia anal\u00edtica para a reflex\u00e3o teol\u00f3gica.<\/h4>\n<p>&nbsp;<\/p>\n<h4 style=\"font-family: minion pro;\">Quais s\u00e3o os interesses dos fil\u00f3sofos crist\u00e3os pelas quest\u00f5es teol\u00f3gicas? Como explicar as rela\u00e7\u00f5es da teologia anal\u00edtica com as Escrituras e com a cultura? Como a filosofia lida com a an\u00e1lise e a defesa da doutrina crist\u00e3? S\u00e3o estas algumas das perguntas sobre as quais Thomas McCall se debru\u00e7a, ao explorar tamb\u00e9m os pontos comuns entre a filosofia da religi\u00e3o e a teologia sistem\u00e1tica.<\/h4>\n<p style=\"color: white;\">\u00a0 COMPRE <strong>AGOR<a href=\"https:\/\/loja.ultimato.com.br\/livros\/teologia-analitica\"><img loading=\"lazy\" decoding=\"async\" class=\"alignleft wp-image-372 size-full\" src=\"http:\/\/ultimato.com.br\/sites\/filosofia-fe-crista\/files\/2023\/06\/Capturar.jpg\" alt=\"\" width=\"177\" height=\"73\" \/><\/a>A<\/strong><\/p>\n<p>&nbsp;<\/p>\n<p>&nbsp;<\/p>\n<p>&nbsp;<\/p>\n<p style=\"font-size: 16px; font-family: AEONIK;\">FORMATO <strong>DIGITAL <\/strong>(EBOOK): <a href=\"https:\/\/www.amazon.com.br\/Teologia-Anal%C3%ADtica-Di%C3%A1logo-Filosofia-Crist%C3%A3-ebook\/dp\/B0BJ7G8XNC\/ref=sr_1_1?__mk_pt_BR=%C3%85M%C3%85%C5%BD%C3%95%C3%91&amp;crid=14CGWWAK98V3B&amp;keywords=Teologia+Anal%C3%ADtica&amp;qid=1671474812&amp;s=digital-text&amp;sprefix=teologia+anal%C3%ADtica%2Cdigital-text%2C177&amp;sr=1-1\"><button> <strong>AMAZON<\/strong> <\/button><\/a> <a href=\"https:\/\/books.apple.com\/cl\/book\/teologia-anal%C3%ADtica\/id6443847999\"><button>APPLE<\/button><\/a> <a href=\"https:\/\/www.kobo.com\/br\/pt\/ebook\/teologia-analitica\"><button><strong>KOBO<\/strong><\/button><\/a><\/p>\n<p>&nbsp;<\/p>\n<hr \/>\n<h2 style=\"text-align: center; font-family: AEONIK light;\"><strong>VIDEO<\/strong>-RESENHA<\/h2>\n<hr \/>\n<p style=\"text-align: center;\"><iframe loading=\"lazy\" title=\"V\u00eddeo-resenha: Teologia Anal\u00edtica \u2013 A teologia em di\u00e1logo com a filosofia\" src=\"https:\/\/www.youtube.com\/embed\/qYtX4qvYKPE\" width=\"853\" height=\"480\" frameborder=\"0\" allowfullscreen=\"allowfullscreen\"><\/iframe><\/p>\n<hr \/>\n<h2 style=\"text-align: center; font-family: AEONIK light;\"><strong>GUIA DE <\/strong>ESTUDOS<\/h2>\n<hr \/>\n<blockquote><p><img loading=\"lazy\" decoding=\"async\" class=\"alignleft size-medium wp-image-172\" src=\"http:\/\/ultimato.com.br\/sites\/filosofia-fe-crista\/files\/2023\/05\/capa_guia_teologia_analitica-211x300.jpg\" alt=\"\" width=\"211\" height=\"300\" srcset=\"https:\/\/ultimato.com.br\/sites\/filosofia-fe-crista\/files\/2023\/05\/capa_guia_teologia_analitica-211x300.jpg 211w, https:\/\/ultimato.com.br\/sites\/filosofia-fe-crista\/files\/2023\/05\/capa_guia_teologia_analitica.jpg 340w\" sizes=\"auto, (max-width: 211px) 100vw, 211px\" \/><\/p>\n<p>&nbsp;<\/p>\n<p>O <strong>Guia de Estudos &#8211;\u00a0Teologia Anal\u00edtica<\/strong> apresenta um rico material de apoio, al\u00e9m de perguntas para discuss\u00e3o do livro \u00a0<strong><a href=\"https:\/\/loja.ultimato.com.br\/livros\/teologia-analitica\">Teologia Anal\u00edtica &#8211; A Teologia em Di\u00e1logo com a Filosofia<\/a><\/strong>, segundo volume da s\u00e9rie Filosofia e F\u00e9 Crist\u00e3.<\/p>\n<p>&nbsp;<\/p>\n<p>Davi Bastos oferece uma breve apresenta\u00e7\u00e3o do livro, bem como um gloss\u00e1rio explicativo sobre alguns termos t\u00e9cnicos. Um excelente recurso tanto para a leitura individual, como tamb\u00e9m para o estudo em grupo dessa obra que vem inaugurar a teologia anal\u00edtica no Brasil.<\/p>\n<p>&nbsp;<\/p>\n<p><a href=\"https:\/\/drive.google.com\/file\/d\/1u232rtrZXs_brqDvZLWqFOyO5r_NqF5k\/view?usp=drive_link\"><img loading=\"lazy\" decoding=\"async\" class=\"alignleft wp-image-370 size-full\" src=\"http:\/\/ultimato.com.br\/sites\/filosofia-fe-crista\/files\/2023\/06\/Copia-de-Ultimato_Modelo-Twitter-2-2.png\" alt=\"\" width=\"85\" height=\"50\" \/><\/a><\/p>\n<p>&nbsp;<\/p>\n<p>&nbsp;<\/p>\n<p>&nbsp;<\/p>\n<p>&nbsp;<\/p><\/blockquote>\n<hr \/>\n<h2 style=\"text-align: center; font-family: AEONIK light;\"><strong>POD<\/strong>CAST<\/h2>\n<hr \/>\n<p align=\"center\"><iframe loading=\"lazy\" title=\"O que \u00e9 Teologia Anal\u00edtica? | Podcast com a Ultimato\" src=\"https:\/\/www.youtube.com\/embed\/pqd04QECURo\" width=\"953\" height=\"536\" frameborder=\"0\" allowfullscreen=\"allowfullscreen\"><\/iframe><\/p>\n<hr \/>\n<h2 style=\"text-align: center; font-family: AEONIK light;\"><strong>EN<\/strong>DOSSOS<\/h2>\n<hr \/>\n<blockquote><p><strong>Teologia Anal\u00edtica<\/strong> mapeia uma etapa inteiramente nova da explora\u00e7\u00e3o da filosofia para a articula\u00e7\u00e3o e o enriquecimento de formas robustas de teologia crist\u00e3. McCall possui as habilidades necess\u00e1rias para executar esta tarefa: uma base teol\u00f3gica firme na tradi\u00e7\u00e3o crist\u00e3, apropria\u00e7\u00e3o afinada das fontes filos\u00f3ficas, capacidade de exposi\u00e7\u00e3o concisa e clara e uma voz perspicaz pr\u00f3pria.<strong><br \/>\n\u2013 William J. Abraham, Perkins School of Theology e Southern Methodist University<\/strong><\/p><\/blockquote>\n<blockquote><p>Thomas McCall n\u00e3o apenas nos oferece um livro brilhante como tamb\u00e9m faz uma contribui\u00e7\u00e3o \u00e0 literatura teol\u00f3gica ao mostrar que a teologia anal\u00edtica n\u00e3o consiste apenas em teologia filos\u00f3fica disfar\u00e7ada de teologia sistem\u00e1tica \u2013 ela \u00e9 verdadeiramente uma teologia teol\u00f3gica.<strong><br \/>\n\u2013 Oliver Crisp, Fuller Theological Seminary<\/strong><\/p><\/blockquote>\n<blockquote><p>Um livro extraordin\u00e1rio e muito necess\u00e1rio. <strong>Teologia Anal\u00edtica<\/strong> introduz os n\u00e3o especialistas \u00e0 teologia anal\u00edtica. E o faz de forma magn\u00edfica \u2013 mas faz muito mais. N\u00e3o se trata de uma mera introdu\u00e7\u00e3o. Thomas McCall dialoga de forma construtiva com uma ampla variedade de te\u00f3logos e fil\u00f3sofos, discorrendo sobre temas teol\u00f3gicos centrais.<br \/>\n<strong>\u2013 Matthew Levering, Mundelein Seminary<\/strong><\/p><\/blockquote>\n<hr \/>\n<h2 style=\"text-align: center; font-family: AEONIK light;\"><strong>OUTROS <\/strong>LINKS<\/h2>\n<hr \/>\n<h4 style=\"font-family: minion pro; font-size: 18px;\" align=\"center\">\u2022 <a href=\"https:\/\/www.youtube.com\/live\/qGDiQL-gNdc?feature=share\">Live de lan\u00e7amento com Natalia Mendes (tradutora do livro), Marcelo Cabral (revisor t\u00e9cnico) e Davi Bastos (editor da s\u00e9rie).<\/a><\/h4>\n<h4 style=\"font-family: minion pro; font-size: 18px;\" align=\"center\">\u2022 <a href=\"https:\/\/www.ultimato.com.br\/conteudo\/a-teologia-dialoga-com-a-filosofia\">Apresenta\u00e7\u00e3o do livro por Davi Bastos (editor da s\u00e9rie).<\/a><\/h4>\n<h4 style=\"font-family: minion pro; font-size: 18px;\" align=\"center\">\u2022\u00a0<a href=\"http:\/\/periodicos.pucminas.br\/index.php\/SapereAude\/article\/view\/29049\">Resenha acad\u00eamica de Arthur Henrique S. dos Santos (Sapere Aude, v.14, n.27).<\/a><\/h4>\n","protected":false},"excerpt":{"rendered":"<p>&#8220;O objetivo da Teologia Anal\u00edtica n\u00e3o \u00e9 eliminar todo o mist\u00e9rio da teologia. Mas n\u00e3o devemos confundir &#8216;mist\u00e9rio&#8217; com incoer\u00eancia l\u00f3gica e, da mesma forma, n\u00e3o devemos glorificar o que \u00e9 claramente incoerente, ocultando-o atr\u00e1s de um v\u00e9u chamado &#8216;mist\u00e9rio&#8217;.&#8221; Teologia Anal\u00edtica \u2013 A teologia em di\u00e1logo com a filosofia \u00e9 o segundo volume da [&hellip;]<\/p>\n","protected":false},"author":54,"featured_media":0,"parent":2,"menu_order":1,"comment_status":"closed","ping_status":"closed","template":"page-full-width.php","meta":{"ngg_post_thumbnail":0,"footnotes":""},"class_list":["post-220","page","type-page","status-publish","hentry"],"_links":{"self":[{"href":"https:\/\/ultimato.com.br\/sites\/filosofia-fe-crista\/wp-json\/wp\/v2\/pages\/220","targetHints":{"allow":["GET"]}}],"collection":[{"href":"https:\/\/ultimato.com.br\/sites\/filosofia-fe-crista\/wp-json\/wp\/v2\/pages"}],"about":[{"href":"https:\/\/ultimato.com.br\/sites\/filosofia-fe-crista\/wp-json\/wp\/v2\/types\/page"}],"author":[{"embeddable":true,"href":"https:\/\/ultimato.com.br\/sites\/filosofia-fe-crista\/wp-json\/wp\/v2\/users\/54"}],"replies":[{"embeddable":true,"href":"https:\/\/ultimato.com.br\/sites\/filosofia-fe-crista\/wp-json\/wp\/v2\/comments?post=220"}],"version-history":[{"count":29,"href":"https:\/\/ultimato.com.br\/sites\/filosofia-fe-crista\/wp-json\/wp\/v2\/pages\/220\/revisions"}],"predecessor-version":[{"id":478,"href":"https:\/\/ultimato.com.br\/sites\/filosofia-fe-crista\/wp-json\/wp\/v2\/pages\/220\/revisions\/478"}],"up":[{"embeddable":true,"href":"https:\/\/ultimato.com.br\/sites\/filosofia-fe-crista\/wp-json\/wp\/v2\/pages\/2"}],"wp:attachment":[{"href":"https:\/\/ultimato.com.br\/sites\/filosofia-fe-crista\/wp-json\/wp\/v2\/media?parent=220"}],"curies":[{"name":"wp","href":"https:\/\/api.w.org\/{rel}","templated":true}]}}