{"id":208,"date":"2023-06-05T14:16:41","date_gmt":"2023-06-05T17:16:41","guid":{"rendered":"https:\/\/ultimato.com.br\/sites\/filosofia-fe-crista\/?page_id=208"},"modified":"2024-01-11T15:16:09","modified_gmt":"2024-01-11T18:16:09","slug":"discurso-divino","status":"publish","type":"page","link":"https:\/\/ultimato.com.br\/sites\/filosofia-fe-crista\/tituloslivros\/discurso-divino\/","title":{"rendered":"DISCURSO DIVINO"},"content":{"rendered":"<hr \/>\n<h3 style=\"text-align: center;\">&#8220;A B\u00edblia \u00e9 uma carta rica, e repleta de sutilezas, de um amigo nosso dirigido a nosso grupo. Repetidamente, quando voltamos a ela, seja como indiv\u00edduos ou como grupo, perguntando-nos o que esse amigo estava dizendo, somos recompensados com novas percep\u00e7\u00f5es.&#8221;<\/h3>\n<hr \/>\n<p><a href=\"https:\/\/loja.ultimato.com.br\/livros\/discurso-divino-reflexoes-filosoficas-sobre-a-tese-de-que-deus-fala\"><img loading=\"lazy\" decoding=\"async\" class=\"alignleft wp-image-128\" style=\"border: 1px solid #555;\" src=\"http:\/\/ultimato.com.br\/sites\/filosofia-fe-crista\/files\/2023\/05\/capa_discurso_divino_web2-209x300.jpg\" alt=\"\" width=\"200\" height=\"287\" \/><\/a><\/p>\n<h4 style=\"font-family: minion pro;\">Dentro e fora das igrejas, n\u00e3o \u00e9 raro ouvir algo do tipo: \u201cE Deus disse\u201d ou \u201cEssa \u00e9 a palavra do Senhor\u201d. Ent\u00e3o, o que significa afirmar que Deus fala? Ou como interpretar um texto se quisermos descobrir o que Deus diz nele? <strong>Discurso Divino \u2013 Reflex\u00f5es filos\u00f3ficas sobre a tese de que Deus fala<\/strong> apresenta o melhor da filosofia da religi\u00e3o e da teologia filos\u00f3fica sobre a natureza da comunica\u00e7\u00e3o divina.<\/h4>\n<p>&nbsp;<\/p>\n<h4 style=\"font-family: minion pro;\">O conhecido fil\u00f3sofo e um dos principais pensadores crist\u00e3os da atualidade Nicholas Wolterstorff aplica teorias da linguagem que explicam o que \u00e9 a fala entre seres humanos para explicar o que seria a fala para Deus. <strong>Discurso Divino<\/strong> \u00e9 not\u00e1vel pela profundidade e originalidade com que aborda os atos de fala de Deus. Para Wolterstorff, podemos, sim, acreditar que Deus fala conosco e que \u00e9 poss\u00edvel entender o que ele quer dizer quando fala conosco.<\/h4>\n<p><a href=\"https:\/\/loja.ultimato.com.br\/livros\/discurso-divino-reflexoes-filosoficas-sobre-a-tese-de-que-deus-fala\"><img loading=\"lazy\" decoding=\"async\" class=\"alignleft wp-image-372 size-full\" src=\"http:\/\/ultimato.com.br\/sites\/filosofia-fe-crista\/files\/2023\/06\/Capturar.jpg\" alt=\"\" width=\"177\" height=\"73\" \/><\/a><\/p>\n<p style=\"color: white;\">\u00a0 COMPRE <strong>AGORA<\/strong><\/p>\n<p>&nbsp;<\/p>\n<p>&nbsp;<\/p>\n<p style=\"font-size: 16px; font-family: AEONIK;\">FORMATO <strong>DIGITAL <\/strong>(EBOOK): <a href=\"https:\/\/www.amazon.com.br\/Discurso-Divino-Reflex%C3%B5es-filos%C3%B3ficas-Filosofia-ebook\/dp\/B0C2W43QSS\/ref=sr_1_1?__mk_pt_BR=%C3%85M%C3%85%C5%BD%C3%95%C3%91&amp;crid=3JQDLGV7FJGI0&amp;keywords=wolterstorff&amp;qid=1684848975&amp;s=digital-text&amp;sprefix=wolterstorf%2Cdigital-text%2C221&amp;sr=1-1\"><button> <strong>AMAZON<\/strong> <\/button><\/a> <a href=\"https:\/\/www.kobo.com\/ww\/en\/ebook\/discurso-divino\"><button>KOBO<\/button><\/a><\/p>\n<p>&nbsp;<\/p>\n<hr \/>\n<h2 style=\"text-align: center; font-family: AEONIK light;\"><strong>VIDEO<\/strong>-RESENHA<\/h2>\n<hr \/>\n<p align=\"center\"><iframe loading=\"lazy\" title=\"DEUS FALA CONOSCO ATRAV\u00c9S DAS ESCRITURAS [com Pedro Dulci] | V\u00cdDEO-RESENHA\" src=\"https:\/\/www.youtube.com\/embed\/6ATenAfo8OE\" width=\"853\" height=\"480\" frameborder=\"0\" allowfullscreen=\"allowfullscreen\"><span data-mce-type=\"bookmark\" style=\"display: inline-block; width: 0px; overflow: hidden; line-height: 0;\" class=\"mce_SELRES_start\">\ufeff<\/span><\/iframe><\/p>\n<hr \/>\n<h2 style=\"text-align: center; font-family: AEONIK light;\"><strong>GUIA DE <\/strong>ESTUDOS<\/h2>\n<hr \/>\n<blockquote><p><img loading=\"lazy\" decoding=\"async\" class=\"alignleft wp-image-356 size-full\" src=\"http:\/\/ultimato.com.br\/sites\/filosofia-fe-crista\/files\/2023\/06\/capa_guia_dd-1.jpg\" alt=\"\" width=\"211\" height=\"300\" \/><\/p>\n<p>&nbsp;<\/p>\n<p>O <strong>Guia de Estudos &#8211; Discurso Divino<\/strong> apresenta um rico material de apoio, al\u00e9m de perguntas para discuss\u00e3o do livro <strong><a href=\"https:\/\/loja.ultimato.com.br\/livros\/discurso-divino-reflexoes-filosoficas-sobre-a-tese-de-que-deus-fala\">Discurso Divino &#8211; Reflex\u00f5es filos\u00f3ficas sobre a tese de que Deus fala<\/a><\/strong>, terceiro volume da s\u00e9rie Filosofia e F\u00e9 Crist\u00e3, de Nicholas Wolterstorff.<\/p>\n<p>&nbsp;<\/p>\n<p>Andr\u00e9 Gomes Quirino oferece uma breve apresenta\u00e7\u00e3o do livro, bem como um gloss\u00e1rio explicativo sobre alguns termos t\u00e9cnicos. Um excelente recurso tanto para a leitura individual, como tamb\u00e9m para o estudo em grupo dessa obra que apresenta o melhor da filosofia da religi\u00e3o e da teologia filos\u00f3fica sobre a natureza da comunica\u00e7\u00e3o divina.<\/p>\n<p>&nbsp;<\/p>\n<h5 style=\"font-family: AEONIK light;\"><a href=\"https:\/\/drive.google.com\/file\/d\/1TM20XxW-mrtlzZEHCU5ZeK6bGY6a1w0x\/view?usp=drive_link\"><img loading=\"lazy\" decoding=\"async\" class=\"alignleft wp-image-370 size-full\" src=\"http:\/\/ultimato.com.br\/sites\/filosofia-fe-crista\/files\/2023\/06\/Copia-de-Ultimato_Modelo-Twitter-2-2.png\" alt=\"\" width=\"85\" height=\"50\" \/><\/a><\/h5>\n<p>&nbsp;<\/p>\n<p>&nbsp;<\/p>\n<p>&nbsp;<\/p><\/blockquote>\n<hr \/>\n<h2 style=\"text-align: center; font-family: AEONIK light;\"><strong>MINI<\/strong>CURSO<\/h2>\n<hr \/>\n<blockquote><p><img loading=\"lazy\" decoding=\"async\" class=\"alignleft wp-image-94\" src=\"http:\/\/ultimato.com.br\/sites\/filosofia-fe-crista\/files\/2023\/05\/capa_discurso_divino_web2-209x300.jpg\" alt=\"\" width=\"200\" height=\"288\" srcset=\"https:\/\/ultimato.com.br\/sites\/filosofia-fe-crista\/files\/2023\/05\/capa_discurso_divino_web2-209x300.jpg 209w, https:\/\/ultimato.com.br\/sites\/filosofia-fe-crista\/files\/2023\/05\/capa_discurso_divino_web2.jpg 400w\" sizes=\"auto, (max-width: 200px) 100vw, 200px\" \/><\/p>\n<p>&nbsp;<\/p>\n<p><a href=\"https:\/\/www.youtube.com\/watch?v=iSGUF1E3HG0&amp;list=PLtez-CeNd8iwJgEW6bRy2xz_g8PrC0qvZ\">Aula 1 &#8211; Conceitos B\u00e1sicos de Filosofia da Linguagem<\/a><\/p>\n<p>&nbsp;<\/p>\n<p><a href=\"https:\/\/www.youtube.com\/watch?v=3MmD12Bre30&amp;list=PLtez-CeNd8iwJgEW6bRy2xz_g8PrC0qvZ&amp;index=2\">Aula 2 &#8211; Teoria dos atos de fala de John Austin<\/a><\/p>\n<p>&nbsp;<\/p>\n<p><a href=\"https:\/\/www.youtube.com\/watch?v=TPXhVnx1UWo&amp;list=PLtez-CeNd8iwJgEW6bRy2xz_g8PrC0qvZ&amp;index=3\">Aula 3 &#8211; A hermen\u00eautica de Paul Ric\u0153ur<\/a><\/p>\n<p>&nbsp;<\/p>\n<p><a href=\"https:\/\/www.youtube.com\/watch?v=XiuVdT_etTA&amp;list=PLtez-CeNd8iwJgEW6bRy2xz_g8PrC0qvZ&amp;index=4\">Aula 4 &#8211; A desconstru\u00e7\u00e3o de Jacques Derrida<\/a><\/p>\n<p>&nbsp;<\/p>\n<p><a href=\"https:\/\/www.youtube.com\/watch?v=h3SZSA9-9W8&amp;list=PLtez-CeNd8iwJgEW6bRy2xz_g8PrC0qvZ&amp;index=5\">Aula 5 &#8211; A teoria de Wolterstorff e a teologia contempor\u00e2nea<\/a><\/p>\n<p>&nbsp;<\/p>\n<p>&nbsp;<\/p><\/blockquote>\n<hr \/>\n<h2 style=\"text-align: center; font-family: AEONIK light;\"><strong>POD<\/strong>CAST<\/h2>\n<hr \/>\n<p align=\"center\"><iframe loading=\"lazy\" title=\"Como Deus fala? - Discurso Divino de Nicholas Wolterstorff | Podcast Ultimato\" src=\"https:\/\/www.youtube.com\/embed\/KFNGYtBb6-k\" width=\"853\" height=\"480\" frameborder=\"0\" allowfullscreen=\"allowfullscreen\"><span data-mce-type=\"bookmark\" style=\"display: inline-block; width: 0px; overflow: hidden; line-height: 0;\" class=\"mce_SELRES_start\">\ufeff<\/span><\/iframe><\/p>\n<hr \/>\n<h2 style=\"text-align: center; font-family: AEONIK light;\"><strong>EN<\/strong>DOSSOS<\/h2>\n<hr \/>\n<blockquote><p><strong>Discurso Divino<\/strong> alimenta a antiga convic\u00e7\u00e3o judaica de que Deus n\u00e3o nos deixou sozinhos, mas &#8220;fala conosco em nosso caminho&#8221; e que, portanto, nosso chamado especial \u00e9 ouvir esse discurso e entender os alertas e promessas, os mandamentos e b\u00ean\u00e7\u00e3os, as exorta\u00e7\u00f5es e afirma\u00e7\u00f5es que Deus dirige aos seres humanos.<br \/>\n<strong>\u2013 First Things<\/strong><\/p><\/blockquote>\n<blockquote><p><strong>Discurso Divino<\/strong> mostra a racionalidade da cren\u00e7a crist\u00e3 nas Escrituras, lan\u00e7ando as bases para uma renova\u00e7\u00e3o integral da hermen\u00eautica b\u00edblica e abrindo uma nova janela para a pr\u00f3pria leitura devocional da B\u00edblia \u2013 em suma, mostrando que Deus n\u00e3o tem boca, mas fala. Esta obra confirma novamente Nicholas Wolterstorff como um dos maiores fil\u00f3sofos crist\u00e3os de nosso tempo.<br \/>\n<strong>\u2013 Guilherme Vilela R. Carvalho<\/strong><\/p><\/blockquote>\n<hr \/>\n<h2 style=\"text-align: center; font-family: AEONIK light;\"><strong>OUTROS <\/strong>LINKS<\/h2>\n<hr \/>\n<h4 style=\"font-family: minion pro; font-size: 18px;\" align=\"center\">\u2022\u00a0<a href=\"https:\/\/www.ultimato.com.br\/conteudo\/deus-nao-tem-boca-mas-fala#discurso+divino\">Deus n\u00e3o tem boca mas fala (trecho da Apresenta\u00e7\u00e3o \u00e0 Edi\u00e7\u00e3o Brasileira de Guilherme de Carvalho).<\/a><\/h4>\n<h4 style=\"font-family: minion pro; font-size: 18px;\" align=\"center\">\u2022 <a href=\"https:\/\/www.ultimato.com.br\/conteudo\/o-discurso-divino-e-a-voz-da-igreja\">O discurso divino e a voz da igreja (trecho do cap\u00edtulo 11).<\/a><\/h4>\n","protected":false},"excerpt":{"rendered":"<p>&#8220;A B\u00edblia \u00e9 uma carta rica, e repleta de sutilezas, de um amigo nosso dirigido a nosso grupo. Repetidamente, quando voltamos a ela, seja como indiv\u00edduos ou como grupo, perguntando-nos o que esse amigo estava dizendo, somos recompensados com novas percep\u00e7\u00f5es.&#8221; Dentro e fora das igrejas, n\u00e3o \u00e9 raro ouvir algo do tipo: \u201cE Deus [&hellip;]<\/p>\n","protected":false},"author":54,"featured_media":0,"parent":2,"menu_order":2,"comment_status":"closed","ping_status":"closed","template":"page-full-width.php","meta":{"ngg_post_thumbnail":0,"footnotes":""},"class_list":["post-208","page","type-page","status-publish","hentry"],"_links":{"self":[{"href":"https:\/\/ultimato.com.br\/sites\/filosofia-fe-crista\/wp-json\/wp\/v2\/pages\/208","targetHints":{"allow":["GET"]}}],"collection":[{"href":"https:\/\/ultimato.com.br\/sites\/filosofia-fe-crista\/wp-json\/wp\/v2\/pages"}],"about":[{"href":"https:\/\/ultimato.com.br\/sites\/filosofia-fe-crista\/wp-json\/wp\/v2\/types\/page"}],"author":[{"embeddable":true,"href":"https:\/\/ultimato.com.br\/sites\/filosofia-fe-crista\/wp-json\/wp\/v2\/users\/54"}],"replies":[{"embeddable":true,"href":"https:\/\/ultimato.com.br\/sites\/filosofia-fe-crista\/wp-json\/wp\/v2\/comments?post=208"}],"version-history":[{"count":29,"href":"https:\/\/ultimato.com.br\/sites\/filosofia-fe-crista\/wp-json\/wp\/v2\/pages\/208\/revisions"}],"predecessor-version":[{"id":470,"href":"https:\/\/ultimato.com.br\/sites\/filosofia-fe-crista\/wp-json\/wp\/v2\/pages\/208\/revisions\/470"}],"up":[{"embeddable":true,"href":"https:\/\/ultimato.com.br\/sites\/filosofia-fe-crista\/wp-json\/wp\/v2\/pages\/2"}],"wp:attachment":[{"href":"https:\/\/ultimato.com.br\/sites\/filosofia-fe-crista\/wp-json\/wp\/v2\/media?parent=208"}],"curies":[{"name":"wp","href":"https:\/\/api.w.org\/{rel}","templated":true}]}}