{"id":203,"date":"2023-05-20T13:39:52","date_gmt":"2023-05-20T16:39:52","guid":{"rendered":"https:\/\/ultimato.com.br\/sites\/filosofia-fe-crista\/?page_id=203"},"modified":"2025-02-13T11:34:29","modified_gmt":"2025-02-13T14:34:29","slug":"podcasts","status":"publish","type":"page","link":"https:\/\/ultimato.com.br\/sites\/filosofia-fe-crista\/podcasts\/","title":{"rendered":"NOSSOS PODCASTS"},"content":{"rendered":"<p><iframe loading=\"lazy\" title=\"Ci\u00eancia e Religi\u00e3o s\u00e3o compat\u00edveis? Podcast Ultimato\" src=\"https:\/\/www.youtube.com\/embed\/p6CCSdx14Do\" width=\"853\" height=\"480\" frameborder=\"0\" allowfullscreen=\"allowfullscreen\"><span data-mce-type=\"bookmark\" style=\"display: inline-block; width: 0px; overflow: hidden; line-height: 0;\" class=\"mce_SELRES_start\">\ufeff<\/span><\/iframe><\/p>\n<p style=\"text-align: left; font-size: 18px; font-family: AEONIK;\"><a href=\"https:\/\/open.spotify.com\/episode\/6xIr1i4HCVyAKKOeBtNr6q?si=oAGYlsv7Siqqs3Hu6mRdjw\"><img loading=\"lazy\" decoding=\"async\" class=\"alignleft wp-image-385 size-full\" src=\"http:\/\/ultimato.com.br\/sites\/filosofia-fe-crista\/files\/2023\/07\/Capturar.jpg\" alt=\"\" width=\"121\" height=\"87\" \/><\/a><\/p>\n<p>&nbsp;<\/p>\n<p style=\"color: white;\">\u00a0 <strong>SPOT<\/strong>IFY<\/p>\n<p>&nbsp;<\/p>\n<hr \/>\n<p><iframe loading=\"lazy\" title=\"O que \u00e9 Teologia Anal\u00edtica? | Podcast com a Ultimato\" src=\"https:\/\/www.youtube.com\/embed\/pqd04QECURo\" width=\"853\" height=\"480\" frameborder=\"0\" allowfullscreen=\"allowfullscreen\"><span data-mce-type=\"bookmark\" style=\"display: inline-block; width: 0px; overflow: hidden; line-height: 0;\" class=\"mce_SELRES_start\">\ufeff<\/span><\/iframe><\/p>\n<hr \/>\n<p><iframe loading=\"lazy\" title=\"Como Deus fala? - Discurso Divino de Nicholas Wolterstorff | Podcast Ultimato\" src=\"https:\/\/www.youtube.com\/embed\/KFNGYtBb6-k\" width=\"853\" height=\"480\" frameborder=\"0\" allowfullscreen=\"allowfullscreen\"><span data-mce-type=\"bookmark\" style=\"display: inline-block; width: 0px; overflow: hidden; line-height: 0;\" class=\"mce_SELRES_start\">\ufeff<\/span><span data-mce-type=\"bookmark\" style=\"display: inline-block; width: 0px; overflow: hidden; line-height: 0;\" class=\"mce_SELRES_start\">\ufeff<\/span><\/iframe><\/p>\n<p>&nbsp;<\/p>\n<p><a href=\"https:\/\/open.spotify.com\/episode\/31nRMmUYit5F1AfurpxuPx?si=zPrUoKf_SRaULz0OI-GySA&amp;nd=1\"><img loading=\"lazy\" decoding=\"async\" class=\"alignleft wp-image-385 size-full\" src=\"http:\/\/ultimato.com.br\/sites\/filosofia-fe-crista\/files\/2023\/07\/Capturar.jpg\" alt=\"\" width=\"121\" height=\"87\" \/><\/a><\/p>\n<p>&nbsp;<\/p>\n<p>&nbsp;<\/p>\n<p>&nbsp;<\/p>\n<hr \/>\n<p><iframe loading=\"lazy\" style=\"border-radius: 12px;\" src=\"https:\/\/open.spotify.com\/embed\/episode\/5d6Reus1z0B2dZycarHfeO?utm_source=generator&amp;theme=0\" width=\"853\" height=\"352\" frameborder=\"0\" allowfullscreen=\"allowfullscreen\"><span data-mce-type=\"bookmark\" style=\"display: inline-block; width: 0px; overflow: hidden; line-height: 0;\" class=\"mce_SELRES_start\">\ufeff<\/span><span data-mce-type=\"bookmark\" style=\"display: inline-block; width: 0px; overflow: hidden; line-height: 0;\" class=\"mce_SELRES_start\">\ufeff<\/span><\/iframe><\/p>\n<hr \/>\n<p><iframe loading=\"lazy\" title=\"Natureza Sanguin\u00e1ria - BTCast ABC2 065\" src=\"https:\/\/www.youtube.com\/embed\/wzhRmPce7B0\" width=\"953\" height=\"536\" frameborder=\"0\" allowfullscreen=\"allowfullscreen\"><\/iframe><\/p>\n<p><a href=\"https:\/\/open.spotify.com\/episode\/6r8gOeBpyCIFvnPFRNk54p\"><img loading=\"lazy\" decoding=\"async\" class=\"alignleft wp-image-385 size-full\" src=\"http:\/\/ultimato.com.br\/sites\/filosofia-fe-crista\/files\/2023\/07\/Capturar.jpg\" alt=\"\" width=\"121\" height=\"87\" \/><\/a><\/p>\n<p>&nbsp;<\/p>\n<p>&nbsp;<\/p>\n<p>&nbsp;<\/p>\n<hr \/>\n<p><iframe loading=\"lazy\" title=\"Ultimato Lives \u2014 A liturgia est\u00e1 no centro da vida crist\u00e3?\" src=\"https:\/\/www.youtube.com\/embed\/ghWoq5zcNMI\" width=\"953\" height=\"536\" frameborder=\"0\" allowfullscreen=\"allowfullscreen\"><\/iframe><\/p>\n<hr \/>\n<p><iframe loading=\"lazy\" title=\"Ultimato Lives - Ora\u00e7\u00e3o de Peti\u00e7\u00e3o\" src=\"https:\/\/www.youtube.com\/embed\/98VyhE3ZOdw\" width=\"953\" height=\"536\" frameborder=\"0\" allowfullscreen=\"allowfullscreen\"><\/iframe><\/p>\n<hr \/>\n<p><iframe loading=\"lazy\" title=\"Ultimato Lives - FFC-05 - Expia\u00e7\u00e3o - Culpa e perd\u00e3o\" src=\"https:\/\/www.youtube.com\/embed\/gv9sDKiQ6gk\" width=\"953\" height=\"536\" frameborder=\"0\" allowfullscreen=\"allowfullscreen\"><\/iframe><\/p>\n<hr \/>\n<p><iframe loading=\"lazy\" title=\"Ultimato Lives - O que n\u00f3s somos - S\u00e9rie FFC - 03\" src=\"https:\/\/www.youtube.com\/embed\/jimaFE7F0Lw\" width=\"953\" height=\"536\" frameborder=\"0\" allowfullscreen=\"allowfullscreen\"><\/iframe><\/p>\n<hr \/>\n<p><iframe loading=\"lazy\" title=\"Ultimato Lives - Manual Oxford - S\u00e9rie FFC - 04\" src=\"https:\/\/www.youtube.com\/embed\/uuPmhXU6d5c\" width=\"953\" height=\"536\" frameborder=\"0\" allowfullscreen=\"allowfullscreen\"><\/iframe><\/p>\n","protected":false},"excerpt":{"rendered":"<p>\ufeff &nbsp; \u00a0 SPOTIFY &nbsp; \ufeff \ufeff\ufeff &nbsp; &nbsp; &nbsp; &nbsp; \ufeff\ufeff &nbsp; &nbsp; &nbsp;<\/p>\n","protected":false},"author":54,"featured_media":0,"parent":0,"menu_order":0,"comment_status":"closed","ping_status":"closed","template":"page-full-width.php","meta":{"ngg_post_thumbnail":0,"footnotes":""},"class_list":["post-203","page","type-page","status-publish","hentry"],"_links":{"self":[{"href":"https:\/\/ultimato.com.br\/sites\/filosofia-fe-crista\/wp-json\/wp\/v2\/pages\/203","targetHints":{"allow":["GET"]}}],"collection":[{"href":"https:\/\/ultimato.com.br\/sites\/filosofia-fe-crista\/wp-json\/wp\/v2\/pages"}],"about":[{"href":"https:\/\/ultimato.com.br\/sites\/filosofia-fe-crista\/wp-json\/wp\/v2\/types\/page"}],"author":[{"embeddable":true,"href":"https:\/\/ultimato.com.br\/sites\/filosofia-fe-crista\/wp-json\/wp\/v2\/users\/54"}],"replies":[{"embeddable":true,"href":"https:\/\/ultimato.com.br\/sites\/filosofia-fe-crista\/wp-json\/wp\/v2\/comments?post=203"}],"version-history":[{"count":15,"href":"https:\/\/ultimato.com.br\/sites\/filosofia-fe-crista\/wp-json\/wp\/v2\/pages\/203\/revisions"}],"predecessor-version":[{"id":565,"href":"https:\/\/ultimato.com.br\/sites\/filosofia-fe-crista\/wp-json\/wp\/v2\/pages\/203\/revisions\/565"}],"wp:attachment":[{"href":"https:\/\/ultimato.com.br\/sites\/filosofia-fe-crista\/wp-json\/wp\/v2\/media?parent=203"}],"curies":[{"name":"wp","href":"https:\/\/api.w.org\/{rel}","templated":true}]}}