{"id":143,"date":"2023-05-23T10:00:31","date_gmt":"2023-05-23T13:00:31","guid":{"rendered":"https:\/\/ultimato.com.br\/sites\/filosofia-fe-crista\/?page_id=143"},"modified":"2025-02-13T11:29:58","modified_gmt":"2025-02-13T14:29:58","slug":"minicursos","status":"publish","type":"page","link":"https:\/\/ultimato.com.br\/sites\/filosofia-fe-crista\/minicursos\/","title":{"rendered":"MINICURSOS"},"content":{"rendered":"<h3 style=\"font-family: minion pro;\">Para auxiliar o leitor iniciante, ofereceremos minicursos gratuitos sobre sete dos livros da s\u00e9rie <em>Filosofia e F\u00e9 Crist\u00e3<\/em>. Tamb\u00e9m temos um m\u00f3dulo de apresenta\u00e7\u00e3o da s\u00e9rie que explica como melhor usufruir dos minicursos.<\/h3>\n<p>&nbsp;<\/p>\n<blockquote>\n<h2 align=\"center\">INTRODU\u00c7\u00c3O \u00c0 S\u00c9RIE <strong>FILOSOFIA E F\u00c9 CRIST\u00c3<\/strong><\/h2>\n<p>&nbsp;<\/p>\n<p style=\"text-align: center;\"><iframe loading=\"lazy\" title=\"Como aproveitar os Minicursos e outros recursos de apoio da S\u00e9rie Filosofia e F\u00e9 Crist\u00e3.\" src=\"https:\/\/www.youtube.com\/embed\/d4fLgvol77U\" width=\"700\" height=\"420\" frameborder=\"0\" allowfullscreen=\"allowfullscreen\"><\/iframe><\/p>\n<p>&nbsp;<\/p>\n<p><a href=\"https:\/\/www.youtube.com\/embed\/d4fLgvol77U\">Aula 1 &#8211; Como aproveitar os Minicursos e outros recursos de apoio da S\u00e9rie <strong>Filosofia e F\u00e9 Crist\u00e3<\/strong>. (6min)<\/a><\/p>\n<p>&nbsp;<\/p>\n<p><a href=\"https:\/\/youtu.be\/2T46Kxi7w18?t=585\">Aula 2 &#8211; Filosofia da Religi\u00e3o e Teologia Filos\u00f3fica: uma introdu\u00e7\u00e3o aos campos da s\u00e9rie <strong>Filosofia e F\u00e9 Crist\u00e3<\/strong>. (1h42min)<\/a><\/p>\n<p>&nbsp;<\/p>\n<p><a href=\"https:\/\/youtu.be\/D4HpeD92pPI?t=345\">Aula 3 &#8211; Uma apresenta\u00e7\u00e3o dos livros da s\u00e9rie <strong>Filosofia e F\u00e9 Crist\u00e3<\/strong>. (1h22min)<\/a><\/p><\/blockquote>\n<p>&nbsp;<\/p>\n<blockquote>\n<h2 align=\"center\">CI\u00caNCIA E RELIGI\u00c3O &#8211; <strong>S\u00c3O COMPAT\u00cdVEIS?<\/strong><\/h2>\n<p><img loading=\"lazy\" decoding=\"async\" class=\"alignleft wp-image-128\" src=\"http:\/\/ultimato.com.br\/sites\/filosofia-fe-crista\/files\/2023\/05\/Filo-1-209x300.jpeg\" alt=\"\" width=\"200\" height=\"287\" srcset=\"https:\/\/ultimato.com.br\/sites\/filosofia-fe-crista\/files\/2023\/05\/Filo-1-209x300.jpeg 209w, https:\/\/ultimato.com.br\/sites\/filosofia-fe-crista\/files\/2023\/05\/Filo-1.jpeg 360w\" sizes=\"auto, (max-width: 200px) 100vw, 200px\" \/><\/p>\n<p>&nbsp;<\/p>\n<p><a href=\"https:\/\/www.youtube.com\/watch?v=ppzAi583rA4&amp;list=PLtez-CeNd8iy2kmeqCRNQNRtdWCTLg1cU\">Aula 1 &#8211; Primeiros conceitos (35min)<\/a><\/p>\n<p>&nbsp;<\/p>\n<p><a href=\"https:\/\/www.youtube.com\/watch?v=ipQrLoEf-38&amp;list=PLtez-CeNd8iy2kmeqCRNQNRtdWCTLg1cU&amp;index=2\">Aula 2 &#8211; Epistemologia Religiosa de Plantinga (35min)<\/a><\/p>\n<p>&nbsp;<\/p>\n<p><a href=\"https:\/\/www.youtube.com\/watch?v=4xWuD7GL98Q&amp;list=PLtez-CeNd8iy2kmeqCRNQNRtdWCTLg1cU&amp;index=3\">Aula 3 &#8211; O Argumento Evolucion\u00e1rio contra o Naturalismo (38min)<\/a><\/p>\n<p>&nbsp;<\/p>\n<p><a href=\"https:\/\/www.youtube.com\/watch?v=HRi5u4yOHVk&amp;list=PLtez-CeNd8iy2kmeqCRNQNRtdWCTLg1cU&amp;index=4\">Aula 4 &#8211; Naturalismo Ontol\u00f3gico e Naturalismo Metodol\u00f3gico (31min)<\/a><\/p>\n<p>&nbsp;<\/p>\n<p><a href=\"https:\/\/www.youtube.com\/watch?v=v96Rz-ncLq0&amp;list=PLtez-CeNd8iy2kmeqCRNQNRtdWCTLg1cU&amp;index=5\">Aula 5 &#8211; Evolu\u00e7\u00e3o, Ci\u00eancia e Religi\u00e3o (35min)<\/a><\/p>\n<p>&nbsp;<\/p>\n<p>&nbsp;<\/p><\/blockquote>\n<p>&nbsp;<\/p>\n<blockquote>\n<h2 align=\"center\">DISCURSO DIVINO &#8211; REFLEX\u00d5ES FILOS\u00d3FICAS <strong>SOBRE A TESE DE QUE DEUS FALA<\/strong><\/h2>\n<p><img loading=\"lazy\" decoding=\"async\" class=\"alignleft wp-image-94\" src=\"http:\/\/ultimato.com.br\/sites\/filosofia-fe-crista\/files\/2023\/05\/capa_discurso_divino_web2-209x300.jpg\" alt=\"\" width=\"200\" height=\"288\" srcset=\"https:\/\/ultimato.com.br\/sites\/filosofia-fe-crista\/files\/2023\/05\/capa_discurso_divino_web2-209x300.jpg 209w, https:\/\/ultimato.com.br\/sites\/filosofia-fe-crista\/files\/2023\/05\/capa_discurso_divino_web2.jpg 400w\" sizes=\"auto, (max-width: 200px) 100vw, 200px\" \/><\/p>\n<p>&nbsp;<\/p>\n<p><a href=\"https:\/\/www.youtube.com\/watch?v=iSGUF1E3HG0&amp;list=PLtez-CeNd8iwJgEW6bRy2xz_g8PrC0qvZ\">Aula 1 &#8211; Conceitos B\u00e1sicos de Filosofia da Linguagem (30min)<\/a><\/p>\n<p>&nbsp;<\/p>\n<p><a href=\"https:\/\/www.youtube.com\/watch?v=3MmD12Bre30&amp;list=PLtez-CeNd8iwJgEW6bRy2xz_g8PrC0qvZ&amp;index=2\">Aula 2 &#8211; Teoria dos atos de fala de John Austin (32min)<\/a><\/p>\n<p>&nbsp;<\/p>\n<p><a href=\"https:\/\/www.youtube.com\/watch?v=TPXhVnx1UWo&amp;list=PLtez-CeNd8iwJgEW6bRy2xz_g8PrC0qvZ&amp;index=3\">Aula 3 &#8211; A hermen\u00eautica de Paul Ric\u0153ur (1h15min)<\/a><\/p>\n<p>&nbsp;<\/p>\n<p><a href=\"https:\/\/www.youtube.com\/watch?v=XiuVdT_etTA&amp;list=PLtez-CeNd8iwJgEW6bRy2xz_g8PrC0qvZ&amp;index=4\">Aula 4 &#8211; A desconstru\u00e7\u00e3o de Jacques Derrida (1h25min)<\/a><\/p>\n<p>&nbsp;<\/p>\n<p><a href=\"https:\/\/www.youtube.com\/watch?v=h3SZSA9-9W8&amp;list=PLtez-CeNd8iwJgEW6bRy2xz_g8PrC0qvZ&amp;index=5\">Aula 5 &#8211; A teoria de Wolterstorff e a teologia contempor\u00e2nea (1h24min)<\/a><\/p>\n<p>&nbsp;<\/p>\n<p>&nbsp;<\/p><\/blockquote>\n<p>&nbsp;<\/p>\n<blockquote>\n<h2 style=\"text-align: center;\">NATUREZA SANGUIN\u00c1RIA &#8211; DEUS E O <strong>PROBLEMA DO SOFRIMENTO ANIMAL<\/strong><\/h2>\n<p><img loading=\"lazy\" decoding=\"async\" class=\"alignleft size-full wp-image-475\" src=\"http:\/\/ultimato.com.br\/sites\/filosofia-fe-crista\/files\/2024\/02\/natureza_sanguinaria_583_1_1c87669717d93d3217f1382762a55c54.jpg\" alt=\"\" width=\"200\" height=\"287\" \/><\/p>\n<p>&nbsp;<\/p>\n<p><a href=\"https:\/\/www.youtube.com\/watch?v=9T-dCL0fXZY&amp;list=PLtez-CeNd8izDhh2Vhfwv3DmW1QXy-2Mr\">Aula 1 &#8211; Deus e o sofrimento animal (41min)<\/a><\/p>\n<p>&nbsp;<\/p>\n<p><a href=\"https:\/\/www.youtube.com\/watch?v=F90MdETYIrw&amp;list=PLtez-CeNd8izDhh2Vhfwv3DmW1QXy-2Mr&amp;index=3\">Aula 2 &#8211; O argumento evidencial do mal, o te\u00edsmo c\u00e9tico e o padr\u00e3o epist\u00eamico (31min)<\/a><\/p>\n<p>&nbsp;<\/p>\n<p><a href=\"https:\/\/www.youtube.com\/watch?v=J_Jid_Dtyks&amp;list=PLtez-CeNd8izDhh2Vhfwv3DmW1QXy-2Mr&amp;index=3\">Aula 3 &#8211; Uma avalia\u00e7\u00e3o do neocartesianismo (36min)<\/a><\/p>\n<p>&nbsp;<\/p>\n<p><a href=\"https:\/\/www.youtube.com\/watch?v=GXdv4ABk66Y&amp;list=PLtez-CeNd8izDhh2Vhfwv3DmW1QXy-2Mr&amp;index=4\">Aula 4 &#8211; Teodiceia baseada na queda de Ad\u00e3o (40min)<\/a><\/p>\n<p>&nbsp;<\/p>\n<p><a href=\"https:\/\/www.youtube.com\/watch?v=vXS5fyiid_4&amp;list=PLtez-CeNd8izDhh2Vhfwv3DmW1QXy-2Mr&amp;index=5\">Aula 5 &#8211; A cria\u00e7\u00e3o, a teoria da evolu\u00e7\u00e3o e as raz\u00f5es de Deus (44min)<\/a><\/p>\n<p>&nbsp;<\/p>\n<p>&nbsp;<\/p><\/blockquote>\n<p>&nbsp;<\/p>\n<blockquote>\n<h2 style=\"text-align: center;\">ORA\u00c7\u00c3O DE PETI\u00c7\u00c3O &#8211; UMA\u00a0<strong>INVESTIGA\u00c7\u00c3O FILOS\u00d3FICA<\/strong><\/h2>\n<p><img loading=\"lazy\" decoding=\"async\" class=\"alignleft size-full wp-image-479\" src=\"http:\/\/ultimato.com.br\/sites\/filosofia-fe-crista\/files\/2024\/02\/ora.jpg\" alt=\"\" width=\"200\" height=\"287\" \/><\/p>\n<p>&nbsp;<\/p>\n<p><a href=\"https:\/\/www.youtube.com\/watch?v=w-Rhal8BNDE\">Aula 1 &#8211; Ora\u00e7\u00e3o de peti\u00e7\u00e3o e a provid\u00eancia divina (36min)<\/a><\/p>\n<p>&nbsp;<\/p>\n<p><a href=\"https:\/\/www.youtube.com\/watch?v=ARvJgz3l7L8\">Aula 2 &#8211; Liberdade divina (32min)<\/a><\/p>\n<p>&nbsp;<\/p>\n<p><a href=\"https:\/\/www.youtube.com\/watch?v=_SQXPDG_TxU\">Aula 3 &#8211; Problema do mal e defesas te\u00edstas, parte 1 (42min)<\/a><\/p>\n<p>&nbsp;<\/p>\n<p><a href=\"https:\/\/www.youtube.com\/watch?v=IbaIr9a4osQ\">Aula 4 &#8211; Problema do mal e as defesas te\u00edstas, parte 2 (42min)<\/a><\/p>\n<p>&nbsp;<\/p>\n<p><a href=\"https:\/\/www.youtube.com\/watch?v=vWNF1tLqgrM\">Aula 5 &#8211; T\u00f3picos epistemol\u00f3gicos (35min)<\/a><\/p>\n<p>&nbsp;<\/p>\n<p>&nbsp;<\/p><\/blockquote>\n<p>&nbsp;<\/p>\n<blockquote>\n<h2 style=\"text-align: center;\">F\u00c9 RITUALIZADA &#8211; ENSAIOS EM\u00a0<strong>FILOSOFIA DA LITURGIA<\/strong><\/h2>\n<p><img loading=\"lazy\" decoding=\"async\" class=\"alignleft wp-image-514\" src=\"http:\/\/ultimato.com.br\/sites\/filosofia-fe-crista\/files\/2024\/07\/capa_fe_ritualizada-208x300.jpg\" alt=\"\" width=\"200\" height=\"288\" srcset=\"https:\/\/ultimato.com.br\/sites\/filosofia-fe-crista\/files\/2024\/07\/capa_fe_ritualizada-208x300.jpg 208w, https:\/\/ultimato.com.br\/sites\/filosofia-fe-crista\/files\/2024\/07\/capa_fe_ritualizada-710x1024.jpg 710w, https:\/\/ultimato.com.br\/sites\/filosofia-fe-crista\/files\/2024\/07\/capa_fe_ritualizada-768x1108.jpg 768w, https:\/\/ultimato.com.br\/sites\/filosofia-fe-crista\/files\/2024\/07\/capa_fe_ritualizada-1065x1536.jpg 1065w, https:\/\/ultimato.com.br\/sites\/filosofia-fe-crista\/files\/2024\/07\/capa_fe_ritualizada-1420x2048.jpg 1420w, https:\/\/ultimato.com.br\/sites\/filosofia-fe-crista\/files\/2024\/07\/capa_fe_ritualizada-732x1056.jpg 732w, https:\/\/ultimato.com.br\/sites\/filosofia-fe-crista\/files\/2024\/07\/capa_fe_ritualizada-1140x1644.jpg 1140w, https:\/\/ultimato.com.br\/sites\/filosofia-fe-crista\/files\/2024\/07\/capa_fe_ritualizada-scaled.jpg 1775w\" sizes=\"auto, (max-width: 200px) 100vw, 200px\" \/><\/p>\n<p>&nbsp;<\/p>\n<p><a href=\"https:\/\/www.youtube.com\/watch?v=hpObsON0Na4\">Aula 1 &#8211; Introdu\u00e7\u00e3o \u00e0 Filosofia da Liturgia (35min)<\/a><\/p>\n<p>&nbsp;<\/p>\n<p><a href=\"https:\/\/www.youtube.com\/watch?v=iC_BVgU2yWk\">Aula 2 &#8211; Liturgia e Eucaristia (37min)<\/a><\/p>\n<p>&nbsp;<\/p>\n<p><a href=\"https:\/\/www.youtube.com\/watch?v=3fq5hkxUH1Y\">Aula 3 &#8211; Oculta\u00e7\u00e3o Divina e Liturgia (38min)<\/a><\/p>\n<p>&nbsp;<\/p>\n<p><a href=\"https:\/\/www.youtube.com\/watch?v=Ty4-WN6AWXk\">Aula 4 &#8211; Dupla Ag\u00eancia, Escritura e Liturgia (32min)<\/a><\/p>\n<p>&nbsp;<\/p>\n<p><a href=\"https:\/\/www.youtube.com\/watch?v=JMlgfiQDCAg\">Aula 5 &#8211; F\u00e9 Crist\u00e3, Cren\u00e7a e D\u00favida (41min)<\/a><\/p>\n<p>&nbsp;<\/p>\n<h2><\/h2>\n<\/blockquote>\n<p>&nbsp;<\/p>\n<blockquote>\n<h2 style=\"text-align: center;\">PESSOAS: HUMANAS E <strong>DIVINAS<\/strong><\/h2>\n<p style=\"text-align: left;\"><img loading=\"lazy\" decoding=\"async\" class=\"alignleft size-full wp-image-530\" src=\"http:\/\/ultimato.com.br\/sites\/filosofia-fe-crista\/files\/2024\/08\/AAA.jpg\" alt=\"\" width=\"208\" height=\"300\" \/><\/p>\n<p>&nbsp;<\/p>\n<p style=\"text-align: left;\"><a href=\"https:\/\/www.youtube.com\/watch?v=54Vi4Vb_f-0&amp;list=PLtez-CeNd8iz3xqF2xvzsc7xDT5k7UAuQ\">Aula 1 &#8211; O problema mente-corpo (30min)<\/a><\/p>\n<p>&nbsp;<\/p>\n<p><a href=\"https:\/\/www.youtube.com\/watch?v=RUeB1iittt4&amp;list=PLtez-CeNd8iz3xqF2xvzsc7xDT5k7UAuQ&amp;index=2\">Aula 2 &#8211; Idealismo (25min)<\/a><\/p>\n<p>&nbsp;<\/p>\n<p><a href=\"https:\/\/www.youtube.com\/watch?v=6eEiuAfyssQ&amp;list=PLtez-CeNd8iz3xqF2xvzsc7xDT5k7UAuQ&amp;index=3\">Aula 3 &#8211; Dualismo (32min)<\/a><\/p>\n<p>&nbsp;<\/p>\n<p><a href=\"https:\/\/www.youtube.com\/watch?v=gCoZcEV5Jnk&amp;list=PLtez-CeNd8iz3xqF2xvzsc7xDT5k7UAuQ&amp;index=4\">Aula 4 &#8211; Fisicalismo (35min)<\/a><\/p>\n<p>&nbsp;<\/p>\n<p><a href=\"https:\/\/www.youtube.com\/watch?v=fEveEg18v3E&amp;list=PLtez-CeNd8iz3xqF2xvzsc7xDT5k7UAuQ&amp;index=5\">Aula 5 &#8211; Pessoalidade na doutrina crist\u00e3: Trindade (41min)<\/a><\/p>\n<p>&nbsp;<\/p>\n<p>&nbsp;<\/p><\/blockquote>\n<p>&nbsp;<\/p>\n<blockquote>\n<h2 style=\"text-align: center;\">EXPIA\u00c7\u00c3O &#8211; CULPA, PERD\u00c3O E O <strong>SACRIF\u00cdCIO DE CRISTO<\/strong><\/h2>\n<p style=\"text-align: left;\"><img loading=\"lazy\" decoding=\"async\" class=\"alignleft size-full wp-image-539\" src=\"http:\/\/ultimato.com.br\/sites\/filosofia-fe-crista\/files\/2024\/11\/expiacao_culpa_perdao_e_o_sacrificio_de_cristo_853_1_3d6e9088c3666183ee9b8521bc870661.jpg\" alt=\"\" width=\"209\" height=\"301\" \/><\/p>\n<p>&nbsp;<\/p>\n<p>&nbsp;<\/p>\n<p style=\"text-align: left;\"><a href=\"https:\/\/www.youtube.com\/watch?v=H3DTkQEghaU\">Aula 1 &#8211; Expia\u00e7\u00e3o: introduzindo o debate (1h25min)<\/a><\/p>\n<p>&nbsp;<\/p>\n<p><a href=\"https:\/\/www.youtube.com\/watch?v=TPup_huwCOY\">Aula 2 &#8211; Eleonore Stump: facetas da vida e da obra (1h22min)<\/a><\/p>\n<p>&nbsp;<\/p>\n<p><a href=\"https:\/\/www.youtube.com\/watch?v=lyQABATsWWU\">Aula 3 &#8211; O Tom\u00e1s de Stump ante alguns de seus rivais: Anselmo e Eckhart (1h01min)<\/a><\/p>\n<p>&nbsp;<\/p>\n<p><a href=\"https:\/\/www.youtube.com\/watch?v=PAf0LgSb4Mw\">Aula 4 &#8211; Coisas que s\u00f3 as hist\u00f3rias ensinam: os Evangelhos e [&#8230;] outas fontes (58min)<\/a><\/p>\n<p>&nbsp;<\/p>\n<p><a href=\"https:\/\/www.youtube.com\/watch?v=taQCfQycqRA\">Aula 5 &#8211; A teologia em encontro com as pessoas: expia\u00e7\u00e3o na vida real (1h18min)<\/a><\/p>\n<p>&nbsp;<\/p>\n<p>&nbsp;<\/p><\/blockquote>\n","protected":false},"excerpt":{"rendered":"<p>Para auxiliar o leitor iniciante, ofereceremos minicursos gratuitos sobre sete dos livros da s\u00e9rie Filosofia e F\u00e9 Crist\u00e3. Tamb\u00e9m temos um m\u00f3dulo de apresenta\u00e7\u00e3o da s\u00e9rie que explica como melhor usufruir dos minicursos. &nbsp; INTRODU\u00c7\u00c3O \u00c0 S\u00c9RIE FILOSOFIA E F\u00c9 CRIST\u00c3 &nbsp; &nbsp; Aula 1 &#8211; Como aproveitar os Minicursos e outros recursos de apoio [&hellip;]<\/p>\n","protected":false},"author":54,"featured_media":0,"parent":0,"menu_order":0,"comment_status":"closed","ping_status":"closed","template":"page-full-width.php","meta":{"ngg_post_thumbnail":0,"footnotes":""},"class_list":["post-143","page","type-page","status-publish","hentry"],"_links":{"self":[{"href":"https:\/\/ultimato.com.br\/sites\/filosofia-fe-crista\/wp-json\/wp\/v2\/pages\/143","targetHints":{"allow":["GET"]}}],"collection":[{"href":"https:\/\/ultimato.com.br\/sites\/filosofia-fe-crista\/wp-json\/wp\/v2\/pages"}],"about":[{"href":"https:\/\/ultimato.com.br\/sites\/filosofia-fe-crista\/wp-json\/wp\/v2\/types\/page"}],"author":[{"embeddable":true,"href":"https:\/\/ultimato.com.br\/sites\/filosofia-fe-crista\/wp-json\/wp\/v2\/users\/54"}],"replies":[{"embeddable":true,"href":"https:\/\/ultimato.com.br\/sites\/filosofia-fe-crista\/wp-json\/wp\/v2\/comments?post=143"}],"version-history":[{"count":36,"href":"https:\/\/ultimato.com.br\/sites\/filosofia-fe-crista\/wp-json\/wp\/v2\/pages\/143\/revisions"}],"predecessor-version":[{"id":563,"href":"https:\/\/ultimato.com.br\/sites\/filosofia-fe-crista\/wp-json\/wp\/v2\/pages\/143\/revisions\/563"}],"wp:attachment":[{"href":"https:\/\/ultimato.com.br\/sites\/filosofia-fe-crista\/wp-json\/wp\/v2\/media?parent=143"}],"curies":[{"name":"wp","href":"https:\/\/api.w.org\/{rel}","templated":true}]}}