{"id":6,"date":"2018-03-20T09:38:22","date_gmt":"2018-03-20T12:38:22","guid":{"rendered":"http:\/\/ultimato.com.br\/sites\/filosofia-da-tecnologia\/?page_id=6"},"modified":"2018-03-20T10:11:38","modified_gmt":"2018-03-20T13:11:38","slug":"o-livro","status":"publish","type":"page","link":"https:\/\/ultimato.com.br\/sites\/filosofia-da-tecnologia\/","title":{"rendered":"O Livro"},"content":{"rendered":"<p>A tecnologia tem feito (e confundido) a cabe\u00e7a de muitos. O mundo muda rapidamente e acompanhar as mudan\u00e7as n\u00e3o \u00e9 apenas comprar a \u00faltima vers\u00e3o do celular ou do aplicativo da moda.<\/p>\n<p>Apresentado por um dos principais sistematizadores da \u00e1rea \u2013 Carl Mitcham \u2013,\u00a0<strong>Filosofia da Tecnologia<\/strong>\u00a0foi escrito por especialistas com experi\u00eancia pr\u00e1tica em desenvolvimento tecnol\u00f3gico e \u00e9 uma das melhores introdu\u00e7\u00f5es ao campo da filosofia da tecnologia dispon\u00edveis no mercado.<\/p>\n<p>Rico em exemplos, estudos de caso e recomenda\u00e7\u00f5es de leituras, a obra facilita o entendimento da \u00e1rea para aqueles que atuam diretamente com projeto, produ\u00e7\u00e3o, gest\u00e3o ou integra\u00e7\u00e3o de tecnologias, mas tamb\u00e9m para qualquer leitor interessado em tecnologia e n\u00e3o familiarizado com filosofia.<\/p>\n<p><strong>Filosofia da Tecnologia<\/strong>\u00a0mostra desde os principais temas da tradi\u00e7\u00e3o cl\u00e1ssica da filosofia at\u00e9 os recentes avan\u00e7os observados nesse campo do conhecimento. Trata-se de uma leitura essencial tanto para estudantes como para profissionais que querem pensar criticamente sobre os processos, o consumo e as consequ\u00eancias do uso da tecnologia.<\/p>\n","protected":false},"excerpt":{"rendered":"<p>A tecnologia tem feito (e confundido) a cabe\u00e7a de muitos. O mundo muda rapidamente e acompanhar as mudan\u00e7as n\u00e3o \u00e9 apenas comprar a \u00faltima vers\u00e3o do celular ou do aplicativo da moda. Apresentado por um dos principais sistematizadores da \u00e1rea \u2013 Carl Mitcham \u2013,\u00a0Filosofia da Tecnologia\u00a0foi escrito por especialistas com experi\u00eancia pr\u00e1tica em desenvolvimento tecnol\u00f3gico [&hellip;]<\/p>\n","protected":false},"author":24,"featured_media":0,"parent":0,"menu_order":1,"comment_status":"closed","ping_status":"closed","template":"","meta":{"footnotes":""},"class_list":["post-6","page","type-page","status-publish","hentry"],"_links":{"self":[{"href":"https:\/\/ultimato.com.br\/sites\/filosofia-da-tecnologia\/wp-json\/wp\/v2\/pages\/6","targetHints":{"allow":["GET"]}}],"collection":[{"href":"https:\/\/ultimato.com.br\/sites\/filosofia-da-tecnologia\/wp-json\/wp\/v2\/pages"}],"about":[{"href":"https:\/\/ultimato.com.br\/sites\/filosofia-da-tecnologia\/wp-json\/wp\/v2\/types\/page"}],"author":[{"embeddable":true,"href":"https:\/\/ultimato.com.br\/sites\/filosofia-da-tecnologia\/wp-json\/wp\/v2\/users\/24"}],"replies":[{"embeddable":true,"href":"https:\/\/ultimato.com.br\/sites\/filosofia-da-tecnologia\/wp-json\/wp\/v2\/comments?post=6"}],"version-history":[{"count":2,"href":"https:\/\/ultimato.com.br\/sites\/filosofia-da-tecnologia\/wp-json\/wp\/v2\/pages\/6\/revisions"}],"predecessor-version":[{"id":30,"href":"https:\/\/ultimato.com.br\/sites\/filosofia-da-tecnologia\/wp-json\/wp\/v2\/pages\/6\/revisions\/30"}],"wp:attachment":[{"href":"https:\/\/ultimato.com.br\/sites\/filosofia-da-tecnologia\/wp-json\/wp\/v2\/media?parent=6"}],"curies":[{"name":"wp","href":"https:\/\/api.w.org\/{rel}","templated":true}]}}