{"id":22,"date":"2018-03-20T09:40:04","date_gmt":"2018-03-20T12:40:04","guid":{"rendered":"http:\/\/ultimato.com.br\/sites\/filosofia-da-tecnologia\/?page_id=22"},"modified":"2018-03-22T08:56:22","modified_gmt":"2018-03-22T11:56:22","slug":"release","status":"publish","type":"page","link":"https:\/\/ultimato.com.br\/sites\/filosofia-da-tecnologia\/extras\/release\/","title":{"rendered":"Release"},"content":{"rendered":"<p>Aqui est\u00e1 o press-release do livro <strong>Filosofia da Tecnologia<\/strong>\u00a0para voc\u00ea divulgar no seu site, blog, jornal ou outro meio de comunica\u00e7\u00e3o do seu acesso. Ajude-nos a espalhar este conte\u00fado!<\/p>\n<p>\u2013 Arquivo em\u00a0<a href=\"http:\/\/ultimato.com.br\/sites\/filosofia-da-tecnologia\/files\/Release_Filosofia_Tecnologia.pdf\" target=\"_blank\" rel=\"noopener\">PDF<\/a>.<\/p>\n","protected":false},"excerpt":{"rendered":"<p>Aqui est\u00e1 o press-release do livro Filosofia da Tecnologia\u00a0para voc\u00ea divulgar no seu site, blog, jornal ou outro meio de comunica\u00e7\u00e3o do seu acesso. Ajude-nos a espalhar este conte\u00fado! \u2013 Arquivo em\u00a0PDF.<\/p>\n","protected":false},"author":24,"featured_media":0,"parent":12,"menu_order":3,"comment_status":"closed","ping_status":"closed","template":"","meta":{"footnotes":""},"class_list":["post-22","page","type-page","status-publish","hentry"],"_links":{"self":[{"href":"https:\/\/ultimato.com.br\/sites\/filosofia-da-tecnologia\/wp-json\/wp\/v2\/pages\/22","targetHints":{"allow":["GET"]}}],"collection":[{"href":"https:\/\/ultimato.com.br\/sites\/filosofia-da-tecnologia\/wp-json\/wp\/v2\/pages"}],"about":[{"href":"https:\/\/ultimato.com.br\/sites\/filosofia-da-tecnologia\/wp-json\/wp\/v2\/types\/page"}],"author":[{"embeddable":true,"href":"https:\/\/ultimato.com.br\/sites\/filosofia-da-tecnologia\/wp-json\/wp\/v2\/users\/24"}],"replies":[{"embeddable":true,"href":"https:\/\/ultimato.com.br\/sites\/filosofia-da-tecnologia\/wp-json\/wp\/v2\/comments?post=22"}],"version-history":[{"count":5,"href":"https:\/\/ultimato.com.br\/sites\/filosofia-da-tecnologia\/wp-json\/wp\/v2\/pages\/22\/revisions"}],"predecessor-version":[{"id":54,"href":"https:\/\/ultimato.com.br\/sites\/filosofia-da-tecnologia\/wp-json\/wp\/v2\/pages\/22\/revisions\/54"}],"up":[{"embeddable":true,"href":"https:\/\/ultimato.com.br\/sites\/filosofia-da-tecnologia\/wp-json\/wp\/v2\/pages\/12"}],"wp:attachment":[{"href":"https:\/\/ultimato.com.br\/sites\/filosofia-da-tecnologia\/wp-json\/wp\/v2\/media?parent=22"}],"curies":[{"name":"wp","href":"https:\/\/api.w.org\/{rel}","templated":true}]}}