{"id":10,"date":"2018-03-20T09:38:48","date_gmt":"2018-03-20T12:38:48","guid":{"rendered":"http:\/\/ultimato.com.br\/sites\/filosofia-da-tecnologia\/?page_id=10"},"modified":"2018-03-20T11:58:45","modified_gmt":"2018-03-20T14:58:45","slug":"os-autores","status":"publish","type":"page","link":"https:\/\/ultimato.com.br\/sites\/filosofia-da-tecnologia\/os-autores\/","title":{"rendered":"Os Autores"},"content":{"rendered":"<p><img loading=\"lazy\" decoding=\"async\" class=\"wp-image-34 alignleft\" src=\"http:\/\/ultimato.com.br\/sites\/filosofia-da-tecnologia\/files\/Maarten-J.-Verkerk-300x300.jpg\" alt=\"\" width=\"120\" height=\"120\" srcset=\"https:\/\/ultimato.com.br\/sites\/filosofia-da-tecnologia\/files\/Maarten-J.-Verkerk-300x300.jpg 300w, https:\/\/ultimato.com.br\/sites\/filosofia-da-tecnologia\/files\/Maarten-J.-Verkerk-150x150.jpg 150w, https:\/\/ultimato.com.br\/sites\/filosofia-da-tecnologia\/files\/Maarten-J.-Verkerk.jpg 512w\" sizes=\"auto, (max-width: 120px) 100vw, 120px\" \/><\/p>\n<p>&nbsp;<\/p>\n<p><strong>Maarten J. Verkerk\u00a0<\/strong>\u00e9 professor adjunto de filosofia reformacional na University<br \/>\nof Technology of Eindhoven e na Maastricht University, na Holanda.<\/p>\n<p>&nbsp;<\/p>\n<p>&nbsp;<\/p>\n<p><img loading=\"lazy\" decoding=\"async\" class=\"wp-image-32 alignleft\" src=\"http:\/\/ultimato.com.br\/sites\/filosofia-da-tecnologia\/files\/Jan-Hoogland-300x300.jpg\" alt=\"\" width=\"120\" height=\"120\" srcset=\"https:\/\/ultimato.com.br\/sites\/filosofia-da-tecnologia\/files\/Jan-Hoogland-300x300.jpg 300w, https:\/\/ultimato.com.br\/sites\/filosofia-da-tecnologia\/files\/Jan-Hoogland-150x150.jpg 150w, https:\/\/ultimato.com.br\/sites\/filosofia-da-tecnologia\/files\/Jan-Hoogland.jpg 640w\" sizes=\"auto, (max-width: 120px) 100vw, 120px\" \/><\/p>\n<p>&nbsp;<\/p>\n<p><strong>Jan Hoogland<\/strong>\u00a0\u00e9 professor adjunto de filosofia reformacional na University<br \/>\nof Twente e professor de educa\u00e7\u00e3o formativa na Viaa University of Applied<br \/>\nSciences, na Holanda.<\/p>\n<p>&nbsp;<\/p>\n<p>&nbsp;<\/p>\n<p><img loading=\"lazy\" decoding=\"async\" class=\"wp-image-40 alignleft\" src=\"http:\/\/ultimato.com.br\/sites\/filosofia-da-tecnologia\/files\/Jan-van-der-Stoep-1.jpg\" alt=\"\" width=\"120\" height=\"120\" srcset=\"https:\/\/ultimato.com.br\/sites\/filosofia-da-tecnologia\/files\/Jan-van-der-Stoep-1.jpg 300w, https:\/\/ultimato.com.br\/sites\/filosofia-da-tecnologia\/files\/Jan-van-der-Stoep-1-150x150.jpg 150w\" sizes=\"auto, (max-width: 120px) 100vw, 120px\" \/><\/p>\n<p>&nbsp;<\/p>\n<p><strong>Jan van der Stoep<\/strong>\u00a0det\u00e9m a cadeira de m\u00eddia, religi\u00e3o e cultura na Ede Christian<br \/>\nUniversity of Applied Sciences, na Holanda.<\/p>\n<p>&nbsp;<\/p>\n<p>&nbsp;<\/p>\n<p><img loading=\"lazy\" decoding=\"async\" class=\"wp-image-35 alignleft\" src=\"http:\/\/ultimato.com.br\/sites\/filosofia-da-tecnologia\/files\/Marc-J.-de-Vries-300x300.jpg\" alt=\"\" width=\"120\" height=\"120\" srcset=\"https:\/\/ultimato.com.br\/sites\/filosofia-da-tecnologia\/files\/Marc-J.-de-Vries-300x300.jpg 300w, https:\/\/ultimato.com.br\/sites\/filosofia-da-tecnologia\/files\/Marc-J.-de-Vries-150x150.jpg 150w, https:\/\/ultimato.com.br\/sites\/filosofia-da-tecnologia\/files\/Marc-J.-de-Vries.jpg 640w\" sizes=\"auto, (max-width: 120px) 100vw, 120px\" \/><\/p>\n<p>&nbsp;<\/p>\n<p><strong>Marc J. de Vries \u00e9<\/strong>\u00a0professor de ci\u00eancia e educa\u00e7\u00e3o tecnol\u00f3gica e professor<br \/>\nadjunto de filosofia crist\u00e3 na Delft University of Technology, na Holanda.<\/p>\n","protected":false},"excerpt":{"rendered":"<p>&nbsp; Maarten J. Verkerk\u00a0\u00e9 professor adjunto de filosofia reformacional na University of Technology of Eindhoven e na Maastricht University, na Holanda. &nbsp; &nbsp; &nbsp; Jan Hoogland\u00a0\u00e9 professor adjunto de filosofia reformacional na University of Twente e professor de educa\u00e7\u00e3o formativa na Viaa University of Applied Sciences, na Holanda. &nbsp; &nbsp; &nbsp; Jan van der Stoep\u00a0det\u00e9m [&hellip;]<\/p>\n","protected":false},"author":24,"featured_media":0,"parent":0,"menu_order":3,"comment_status":"closed","ping_status":"closed","template":"","meta":{"footnotes":""},"class_list":["post-10","page","type-page","status-publish","hentry"],"_links":{"self":[{"href":"https:\/\/ultimato.com.br\/sites\/filosofia-da-tecnologia\/wp-json\/wp\/v2\/pages\/10","targetHints":{"allow":["GET"]}}],"collection":[{"href":"https:\/\/ultimato.com.br\/sites\/filosofia-da-tecnologia\/wp-json\/wp\/v2\/pages"}],"about":[{"href":"https:\/\/ultimato.com.br\/sites\/filosofia-da-tecnologia\/wp-json\/wp\/v2\/types\/page"}],"author":[{"embeddable":true,"href":"https:\/\/ultimato.com.br\/sites\/filosofia-da-tecnologia\/wp-json\/wp\/v2\/users\/24"}],"replies":[{"embeddable":true,"href":"https:\/\/ultimato.com.br\/sites\/filosofia-da-tecnologia\/wp-json\/wp\/v2\/comments?post=10"}],"version-history":[{"count":5,"href":"https:\/\/ultimato.com.br\/sites\/filosofia-da-tecnologia\/wp-json\/wp\/v2\/pages\/10\/revisions"}],"predecessor-version":[{"id":39,"href":"https:\/\/ultimato.com.br\/sites\/filosofia-da-tecnologia\/wp-json\/wp\/v2\/pages\/10\/revisions\/39"}],"wp:attachment":[{"href":"https:\/\/ultimato.com.br\/sites\/filosofia-da-tecnologia\/wp-json\/wp\/v2\/media?parent=10"}],"curies":[{"name":"wp","href":"https:\/\/api.w.org\/{rel}","templated":true}]}}