{"id":9,"date":"2016-03-02T13:33:30","date_gmt":"2016-03-02T13:33:30","guid":{"rendered":"http:\/\/ultimato.com.br\/sites\/fe-esperanca-tecnologia\/?page_id=9"},"modified":"2016-03-02T13:36:02","modified_gmt":"2016-03-02T13:36:02","slug":"o-autor","status":"publish","type":"page","link":"https:\/\/ultimato.com.br\/sites\/fe-esperanca-tecnologia\/o-autor\/","title":{"rendered":"O autor"},"content":{"rendered":"<p>Egbert Schuurman \u00e9 professor de filosofia reformacional nas Universidades Tecnol\u00f3gicas de Eindhoven e de Delft, e na Universidade de Agricultura em Wageningen, na Holanda. De 1981 a 1983, atuou como membro do Broad DNA Committee [Comit\u00ea do DNA Amplo], estudando os aspectos sociais e \u00e9ticos das atividades envolvendo materiais gen\u00e9ticos. De 1983 a 1984, atuou nos Estados Unidos como parte da equipe de pesquisadores internacionais em tecnologia respons\u00e1vel. \u00c9 membro do Senado pelo RFP (Federa\u00e7\u00e3o Pol\u00edtica Reformacional). Recebeu o t\u00edtulo de Doutor Honoris Causa (1994) pela Universidade de Potchefstroom, na \u00c1frica do Sul, e o Pr\u00eamio Templeton para educador em religi\u00e3o, ci\u00eancia e tecnologia (1995), em Berkeley, nos Estados Unidos. \u00c9 autor de diversos livros, incluindo <em>Perspectives in Technology and Culture<\/em>, <em>Technology in Christian-Philosophical Perspective <\/em>e <em>Reflections on the Technological Society<\/em>. Muitos de seus livros foram traduzidos para o coreano, o mandarim e o japon\u00eas.<\/p>\n","protected":false},"excerpt":{"rendered":"<p>Egbert Schuurman \u00e9 professor de filosofia reformacional nas Universidades Tecnol\u00f3gicas de Eindhoven e de Delft, e na Universidade de Agricultura em Wageningen, na Holanda. De 1981 a 1983, atuou como membro do Broad DNA Committee [Comit\u00ea do DNA Amplo], estudando os aspectos sociais e \u00e9ticos das atividades envolvendo materiais gen\u00e9ticos. De 1983 a 1984, atuou [&hellip;]<\/p>\n","protected":false},"author":24,"featured_media":0,"parent":0,"menu_order":2,"comment_status":"closed","ping_status":"closed","template":"","meta":{"footnotes":""},"class_list":["post-9","page","type-page","status-publish","hentry"],"_links":{"self":[{"href":"https:\/\/ultimato.com.br\/sites\/fe-esperanca-tecnologia\/wp-json\/wp\/v2\/pages\/9","targetHints":{"allow":["GET"]}}],"collection":[{"href":"https:\/\/ultimato.com.br\/sites\/fe-esperanca-tecnologia\/wp-json\/wp\/v2\/pages"}],"about":[{"href":"https:\/\/ultimato.com.br\/sites\/fe-esperanca-tecnologia\/wp-json\/wp\/v2\/types\/page"}],"author":[{"embeddable":true,"href":"https:\/\/ultimato.com.br\/sites\/fe-esperanca-tecnologia\/wp-json\/wp\/v2\/users\/24"}],"replies":[{"embeddable":true,"href":"https:\/\/ultimato.com.br\/sites\/fe-esperanca-tecnologia\/wp-json\/wp\/v2\/comments?post=9"}],"version-history":[{"count":3,"href":"https:\/\/ultimato.com.br\/sites\/fe-esperanca-tecnologia\/wp-json\/wp\/v2\/pages\/9\/revisions"}],"predecessor-version":[{"id":29,"href":"https:\/\/ultimato.com.br\/sites\/fe-esperanca-tecnologia\/wp-json\/wp\/v2\/pages\/9\/revisions\/29"}],"wp:attachment":[{"href":"https:\/\/ultimato.com.br\/sites\/fe-esperanca-tecnologia\/wp-json\/wp\/v2\/media?parent=9"}],"curies":[{"name":"wp","href":"https:\/\/api.w.org\/{rel}","templated":true}]}}